{"id":116,"date":"2014-03-29T11:29:36","date_gmt":"2014-03-29T10:29:36","guid":{"rendered":"https:\/\/dorit-linke.de\/?page_id=116"},"modified":"2025-06-28T14:32:07","modified_gmt":"2025-06-28T13:32:07","slug":"jenseits-der-blauen-grenze","status":"publish","type":"page","link":"https:\/\/dorit-linke.de\/en\/jenseits-der-blauen-grenze\/","title":{"rendered":"Jenseits der blauen Grenze"},"content":{"rendered":"\n<p><\/p>\n\n\n\n<p><span style=\"color: #0000ff;\"><span style=\"color: #0000ff;\"><strong><strong><strong>Nominiert f\u00fcr den Deutschen Jugendliteraturpreis 2015<br><\/strong><\/strong><\/strong><\/span><\/span><\/p>\n\n\n<div class=\"wp-block-image\">\n<figure class=\"alignleft\"><img loading=\"lazy\" decoding=\"async\" width=\"190\" height=\"300\" src=\"https:\/\/dorit-linke.de\/wp-content\/uploads\/2014\/03\/Jenseits-der-blauen-Grenze-Nominierung1-190x300.jpg\" alt=\"Jenseits der blauen Grenze - Nominierung\" class=\"wp-image-771\" srcset=\"https:\/\/dorit-linke.de\/wp-content\/uploads\/2014\/03\/Jenseits-der-blauen-Grenze-Nominierung1-190x300.jpg 190w, https:\/\/dorit-linke.de\/wp-content\/uploads\/2014\/03\/Jenseits-der-blauen-Grenze-Nominierung1.jpg 455w\" sizes=\"auto, (max-width: 190px) 100vw, 190px\" \/><\/figure>\n<\/div>\n\n\n<p>Rostock im August 1989: Hanna und Andreas wollen schwimmend \u00fcber die Ostsee in den Westen fliehen, weil sie in ihrer Heimat staatlicher Willk\u00fcr und Repressalien ausgesetzt sind und ihre Tr\u00e4ume nicht verwirklichen k\u00f6nnen. F\u00fcnfzig Kilometer Wasser, Grenzpatrouillen, nervenaufreibende Abenteuer und die eigene Ersch\u00f6pfung trennen sie von der erhofften Freiheit, und nur ein d\u00fcnnes, verbindendes Seil um ihr Handgelenk rettet sie vor der absoluten Einsamkeit.<\/p>\n\n\n\n<p>Es dauert lange, bis wieder Land in Sicht ist. Dabei begleitet der Leser Hanna und Andreas beim Schwimmen durch die Ostsee. Bis hin zum eindrucksvollen Ende vermittelt der Roman ein stimmiges, lebendiges Bild einer Jugend in der DDR der ausgehenden 80er Jahre: Unterricht an der POS, Jugendweihe, Verkauf von Westzeitschriften auf der Warnem\u00fcnder Mole, Zirkel unter der blauen Fahne, Wehrkundeunterricht, Aufenthalt im Intershop, Schwimmtraining, pl\u00f6tzliche Ausreise der besten Freunde.<\/p>\n\n\n\n<p><span style=\"line-height: 1.5em;\">Trotz der Ernsthaftigkeit der Geschichte kommt der Humor nicht zu kurz. Mit dem DDR-Alltag vertraute Leser finden sich in vielen urkomischen Situationen wieder, begegnen den typischen Witzen dieser Epoche und wohlbekanntem Lokalkolorit. F\u00fcr alle anderen ist das Buch ein&nbsp;aufregender und glaubhafter Ausflug in die Zeitgeschichte.&nbsp;<\/span>Erschienen im<strong>&nbsp;Magellan-Verlag<\/strong>, ISBN 978-3-7348-5602-0<\/p>\n\n\n\n<p><strong>Buch kaufen: <a href=\"https:\/\/www.magellanverlag.de\/titel\/jenseits-der-blauen-grenze\/48\" target=\"_blank\" rel=\"noreferrer noopener\">Jenseits der blauen Grenze | Magellan Verlag<\/a><\/strong><\/p>\n\n\n<div class=\"wp-block-image\">\n<figure class=\"alignleft\"><a href=\"http:\/\/www.ibby.org\/subnavigation\/archives\/ibby-honour-list\/2016\/\" target=\"_blank\" rel=\"attachment noopener wp-att-847 noreferrer\"><img loading=\"lazy\" decoding=\"async\" width=\"252\" height=\"200\" src=\"https:\/\/dorit-linke.de\/wp-content\/uploads\/2014\/03\/IBBY_logo-2.jpg\" alt=\"IBBY_logo\" class=\"wp-image-847\"\/><\/a><\/figure>\n<\/div>\n\n\n<p><br>IBBY Honour List 2016. &#8220;Important considerations in selecting the Honour List titles are that the books are representative of the best in children&#8217;s literature from the country and that the books are suitable for publication throughout the world.&#8221;<\/p>\n\n\n<div class=\"wp-block-image\">\n<figure class=\"alignleft\"><a href=\"http:\/\/www.ijb.de\/spezialbibliothek\/white-ravens-2015.html\" target=\"_blank\" rel=\"attachment noopener wp-att-832 noreferrer\"><img loading=\"lazy\" decoding=\"async\" width=\"151\" height=\"153\" src=\"https:\/\/dorit-linke.de\/wp-content\/uploads\/2016\/02\/WR2015_logo_de.jpg\" alt=\"WR2015_logo_de\" class=\"wp-image-832\"\/><\/a><\/figure>\n<\/div>\n\n\n<p><a href=\"https:\/\/dorit-linke.de\/wp-content\/uploads\/2016\/02\/WR2015_logo_de.jpg\" rel=\"attachment wp-att-832\"><br><\/a><\/p>\n\n\n\n<p>\u201eJenseits der blauen Grenze\u201c ist einer von 200 internationalen Titeln, die f\u00fcr den&nbsp;j\u00e4hrlich erscheinenden Buchempfehlungskatalog ausgew\u00e4hlt wurden. Der Katalog enth\u00e4lt Bilder-, Kinder- und Jugendb\u00fccher in 36 Sprachen aus 55 L\u00e4ndern.<\/p>\n\n\n<div class=\"wp-block-image\">\n<figure class=\"alignleft\"><a href=\"http:\/\/www.djlp.jugendliteratur.org\/2015\/nominierungen_jugendbuch-11.html\" target=\"_blank\" rel=\"noopener noreferrer\"><img loading=\"lazy\" decoding=\"async\" width=\"300\" height=\"300\" src=\"https:\/\/dorit-linke.de\/wp-content\/uploads\/2014\/03\/Buch-mit-Siegel-300x300.jpg\" alt=\"Buch mit Siegel\" class=\"wp-image-773\" srcset=\"https:\/\/dorit-linke.de\/wp-content\/uploads\/2014\/03\/Buch-mit-Siegel-300x300.jpg 300w, https:\/\/dorit-linke.de\/wp-content\/uploads\/2014\/03\/Buch-mit-Siegel-150x150.jpg 150w, https:\/\/dorit-linke.de\/wp-content\/uploads\/2014\/03\/Buch-mit-Siegel-140x140.jpg 140w, https:\/\/dorit-linke.de\/wp-content\/uploads\/2014\/03\/Buch-mit-Siegel.jpg 945w\" sizes=\"auto, (max-width: 300px) 100vw, 300px\" \/><\/a><\/figure>\n<\/div>\n\n\n<p>&#8220;Diese B\u00fccher bestechen durch ihre k\u00fcnstlerische Gestaltung und entfalten gro\u00dfe Poesie. Sie&nbsp;sind einem hohen erz\u00e4hlerischen Anspruch verpflichtet.&#8221;&nbsp;Manuela Schwesig,&nbsp;Bundesministerin f\u00fcr Familie, Senioren, Frauen und Jugend<\/p>\n\n\n\n<p><a href=\"https:\/\/www.goethe.de\/ins\/fr\/de\/kul\/mag\/20679368.html\" target=\"_blank\" rel=\"noopener noreferrer\"><img loading=\"lazy\" decoding=\"async\" class=\"alignnone wp-image-805 size-full\" src=\"https:\/\/dorit-linke.de\/wp-content\/uploads\/2014\/03\/Institut.gif\" alt=\"Institut\" width=\"180\" height=\"68\"><\/a><strong>Empfehlung vom Goethe Institut<\/strong><\/p>\n\n\n\n<p><a href=\"http:\/\/www.deutschlandfunk.de\/kritik-die-besten-7-buecher-fuer-junge-leser-im-januar.1202.de.html?dram:article_id=306496\" target=\"_blank\" rel=\"noopener noreferrer\"><img loading=\"lazy\" decoding=\"async\" class=\"alignnone size-full wp-image-777\" src=\"https:\/\/dorit-linke.de\/wp-content\/uploads\/2014\/03\/Deutschlandfunk.png\" alt=\"Deutschlandfunk\" width=\"200\" height=\"37\"><\/a>&nbsp;<strong>Unter den besten 7 B\u00fcchern f\u00fcr junge Leser im Januar 2015<\/strong><\/p>\n\n\n\n<p><\/p>\n\n\n\n<p><span style=\"color: #0000ff;\"><span style=\"color: #0000ff;\"><strong><strong><strong>Nominated for the German Youth Literature Award 2015<br><\/strong><\/strong><\/strong><\/span><\/span><strong><strong><strong>A White Ravens Book 2015<\/strong><\/strong><\/strong><span style=\"color: #0000ff;\"><span style=\"color: #0000ff;\"><strong><strong><strong><br><\/strong><\/strong><\/strong><\/span><\/span><\/p>\n\n\n<div class=\"wp-block-image\">\n<figure class=\"alignleft\"><a href=\"https:\/\/dorit-linke.de\/wp-content\/uploads\/2014\/03\/Jenseits-der-blauen-Grenze-Nominierung1.jpg\"><img loading=\"lazy\" decoding=\"async\" width=\"190\" height=\"300\" src=\"https:\/\/dorit-linke.de\/wp-content\/uploads\/2014\/03\/Jenseits-der-blauen-Grenze-Nominierung1-190x300.jpg\" alt=\"Jenseits der blauen Grenze - Nominierung\" class=\"wp-image-771\" srcset=\"https:\/\/dorit-linke.de\/wp-content\/uploads\/2014\/03\/Jenseits-der-blauen-Grenze-Nominierung1-190x300.jpg 190w, https:\/\/dorit-linke.de\/wp-content\/uploads\/2014\/03\/Jenseits-der-blauen-Grenze-Nominierung1.jpg 455w\" sizes=\"auto, (max-width: 190px) 100vw, 190px\" \/><\/a><\/figure>\n<\/div>\n\n\n<p><span id=\"result_box\" lang=\"en\"><\/span><\/p>\n\n\n\n<p><strong>International Youth Library about Jenseits der blauen Grenze:<\/strong><\/p>\n\n\n\n<p>&#8220;<span id=\"result_box\" lang=\"en\"><span title=\"Rostock im August 1989: Hanna und Andreas wollen schwimmend \u00fcber die Ostsee in den Westen fliehen, weil sie in ihrer Heimat staatlicher Willk\u00fcr und Repressalien ausgesetzt sind und ihre Tr\u00e4ume nicht verwirklichen k\u00f6nnen.\">Hanna and Andreas want to leave, just like their friend Jens, who already left the disintegrating GDR in the late 1980s; the state no longer offers a future \u2013 but instead despotism, repression, and censorship. They want to swim across the border to West-Germany in the Baltic Sea. The idea is crazy, but they have to make an attempt. Attached to each other by a cord, and equipped with an emergency ration of chocolate, they try their luck.<\/span><\/span><\/p>\n\n\n\n<p>During the endless hours in the sea, first-person narrator Hanna remembers episodes from her childhood, her friendship with Andreas and Jens, her rebellious grandpa, who never took the GDR regime seriously, and her growing awareness of their lack of freedom. This ingenious interweaving of past and present lends the novel narrative complexity, which is further heightened by Dorit Linke\u2019s calculated use of literary devices to let readers sense Hanna\u2019s and Andreas\u2019s growing exhaustion and desperation.&#8221;<\/p>\n\n\n\n<p><span id=\"result_box\" lang=\"en\">T<span title=\"F\u00fcr alle anderen ist das Buch ein aufregender und glaubhafter Ausflug in die Zeitgeschichte.\">he book is an exciting and credible excursion into history. <\/span><span title=\"Erschienen im Magellan-Verlag, ISBN 978-3-7348-5602-0\">Published by Magellan-Verlag, ISBN 978-3-7348-5602-0<\/span><\/span><\/p>\n\n\n<div class=\"wp-block-image\">\n<figure class=\"alignleft\"><a href=\"http:\/\/www.microsofttranslator.com\/bv.aspx?ref=SERP&amp;br=ro&amp;mkt=de-DE&amp;dl=de&amp;lp=EN_DE&amp;a=http%3a%2f%2fwww.ibby.org%2f1562.0.html\" target=\"_blank\" rel=\"attachment wp-att-847 noopener noreferrer\"><img loading=\"lazy\" decoding=\"async\" width=\"252\" height=\"200\" src=\"https:\/\/dorit-linke.de\/wp-content\/uploads\/2014\/03\/IBBY_logo-2.jpg\" alt=\"IBBY_logo\" class=\"wp-image-847\"\/><\/a><\/figure>\n<\/div>\n\n\n<p><br>IBBY Honour List 2016. &#8220;Important considerations in selecting the Honour List titles are that the books are representative of the best in children&#8217;s literature from the country and that the books are suitable for publication throughout the world.&#8221;<\/p>\n\n\n<div class=\"wp-block-image\">\n<figure class=\"alignleft\"><a href=\"http:\/\/www.ijb.de\/spezialbibliothek\/white-ravens-2015.html\" target=\"_blank\" rel=\"attachment wp-att-832 noopener noreferrer\"><img loading=\"lazy\" decoding=\"async\" width=\"151\" height=\"153\" src=\"https:\/\/dorit-linke.de\/wp-content\/uploads\/2016\/02\/WR2015_logo_de.jpg\" alt=\"WR2015_logo_de\" class=\"wp-image-832\"\/><\/a><\/figure>\n<\/div>\n\n\n<p><a href=\"https:\/\/dorit-linke.de\/wp-content\/uploads\/2016\/02\/WR2015_logo_de.jpg\" rel=\"attachment wp-att-832\"><br><\/a><\/p>\n\n\n\n<p>\u201eJenseits der blauen Grenze\u201c&nbsp;<span id=\"result_box\" lang=\"en\"><span class=\"hps\">is one<\/span> <span class=\"hps\">of 200<\/span> <span class=\"hps\">international titles<\/span> <span class=\"hps\">that were selected<\/span> <span class=\"hps\">for<\/span> <span class=\"hps\">the annual<\/span> <span class=\"hps\">book<\/span> <span class=\"hps\">of recommendations<\/span>. <span class=\"hps\">The catalog contains<\/span> <span class=\"hps\">books<\/span> <span class=\"hps\">in<\/span> <span class=\"hps\">36<\/span> <span class=\"hps\">languages<\/span> <span class=\"hps\">from 55 countries<\/span>.<\/span><\/p>\n\n\n<div class=\"wp-block-image\">\n<figure class=\"alignleft\"><a href=\"http:\/\/www.djlp.jugendliteratur.org\/2015\/nominierungen_jugendbuch-11.html\" target=\"_blank\" rel=\"noopener noreferrer\"><img loading=\"lazy\" decoding=\"async\" width=\"300\" height=\"300\" src=\"https:\/\/dorit-linke.de\/wp-content\/uploads\/2014\/03\/Buch-mit-Siegel-300x300.jpg\" alt=\"Buch mit Siegel\" class=\"wp-image-773\" srcset=\"https:\/\/dorit-linke.de\/wp-content\/uploads\/2014\/03\/Buch-mit-Siegel-300x300.jpg 300w, https:\/\/dorit-linke.de\/wp-content\/uploads\/2014\/03\/Buch-mit-Siegel-150x150.jpg 150w, https:\/\/dorit-linke.de\/wp-content\/uploads\/2014\/03\/Buch-mit-Siegel-140x140.jpg 140w, https:\/\/dorit-linke.de\/wp-content\/uploads\/2014\/03\/Buch-mit-Siegel.jpg 945w\" sizes=\"auto, (max-width: 300px) 100vw, 300px\" \/><\/a><\/figure>\n<\/div>\n\n\n<p>The German Children&#8217;s&nbsp;Literature Award is a prize for works of fiction sponsored by the German Federal Ministry for Families, Senior Citizens, Women and Youth. It has been awarded annually since 1956 by a jury of literature specialists and critics.<\/p>\n\n\n\n<p><a href=\"http:\/\/www.goethe.de\/ins\/fr\/nan\/prj\/kjl\/de15003702.htm\" target=\"_blank\" rel=\"noopener noreferrer\"><img loading=\"lazy\" decoding=\"async\" class=\"alignnone wp-image-805 size-full\" src=\"https:\/\/dorit-linke.de\/wp-content\/uploads\/2014\/03\/Institut.gif\" alt=\"Institut\" width=\"180\" height=\"68\"><\/a><strong><span id=\"result_box\" class=\"short_text\" lang=\"en\"><span class=\"hps\">Recommended by<\/span><\/span> Goethe Institut<\/strong><\/p>\n\n\n\n<p><a href=\"http:\/\/www.deutschlandfunk.de\/kritik-die-besten-7-buecher-fuer-junge-leser-im-januar.1202.de.html?dram:article_id=306496\" target=\"_blank\" rel=\"noopener noreferrer\"><img loading=\"lazy\" decoding=\"async\" width=\"200\" height=\"37\" class=\"alignnone size-full wp-image-777\" src=\"https:\/\/dorit-linke.de\/wp-content\/uploads\/2014\/03\/Deutschlandfunk.png\" alt=\"Deutschlandfunk\"><\/a>&nbsp;<strong><span id=\"result_box\" lang=\"en\"><span class=\"hps\">Among the best<\/span> <span class=\"hps\">7<\/span> <span class=\"hps\">books<\/span> <span class=\"hps\">for young readers<\/span> <span class=\"hps\">in<\/span> <span class=\"hps\">January 2015<\/span><\/span><\/strong><\/p>\n","protected":false},"excerpt":{"rendered":"<p>Nominiert f\u00fcr den Deutschen Jugendliteraturpreis 2015 Rostock im August 1989: Hanna und Andreas wollen schwimmend \u00fcber die Ostsee in den&hellip;<\/p>\n","protected":false},"author":1,"featured_media":0,"parent":0,"menu_order":0,"comment_status":"closed","ping_status":"closed","template":"","meta":{"_monsterinsights_skip_tracking":false,"_monsterinsights_sitenote_active":false,"_monsterinsights_sitenote_note":"","_monsterinsights_sitenote_category":0,"footnotes":""},"class_list":["post-116","page","type-page","status-publish","hentry"],"_links":{"self":[{"href":"https:\/\/dorit-linke.de\/en\/wp-json\/wp\/v2\/pages\/116","targetHints":{"allow":["GET"]}}],"collection":[{"href":"https:\/\/dorit-linke.de\/en\/wp-json\/wp\/v2\/pages"}],"about":[{"href":"https:\/\/dorit-linke.de\/en\/wp-json\/wp\/v2\/types\/page"}],"author":[{"embeddable":true,"href":"https:\/\/dorit-linke.de\/en\/wp-json\/wp\/v2\/users\/1"}],"replies":[{"embeddable":true,"href":"https:\/\/dorit-linke.de\/en\/wp-json\/wp\/v2\/comments?post=116"}],"version-history":[{"count":195,"href":"https:\/\/dorit-linke.de\/en\/wp-json\/wp\/v2\/pages\/116\/revisions"}],"predecessor-version":[{"id":7851,"href":"https:\/\/dorit-linke.de\/en\/wp-json\/wp\/v2\/pages\/116\/revisions\/7851"}],"wp:attachment":[{"href":"https:\/\/dorit-linke.de\/en\/wp-json\/wp\/v2\/media?parent=116"}],"curies":[{"name":"wp","href":"https:\/\/api.w.org\/{rel}","templated":true}]}}