{"id":1275,"date":"2016-12-04T12:39:52","date_gmt":"2016-12-04T11:39:52","guid":{"rendered":"https:\/\/dorit-linke.de\/?page_id=1275"},"modified":"2020-02-28T07:03:43","modified_gmt":"2020-02-28T06:03:43","slug":"fehler","status":"publish","type":"page","link":"https:\/\/dorit-linke.de\/en\/fehler\/","title":{"rendered":"Fehler"},"content":{"rendered":"\n<p>Berlin, Kottbusser Tor. Eine rote Ampel, die Verkehrssituation ist \u00fcbersichtlich. Ich setze einen Fu\u00df auf die Stra\u00dfe, ziehe ihn jedoch sofort zur\u00fcck, als ich auf der anderen Seite eine Mutter mit zwei Kindern sehe.<br>Ich starre auf die Ampel und warte. Rot. Pl\u00f6tzlich l\u00e4uft die Mutter los, zerrt hektisch ihre Kinder hinter sich her. Die G\u00f6ren grinsen frech, als sie an mir vorbeischlurfen, dem Jungen l\u00e4uft Rotz aus der Nase.<br>N\u00e4chster Tag, gleiche Ampel, wieder ist sie rot. Aus Fehlern soll man lernen. Ich gehe los. Dr\u00fcben stellt sich mir eine Polizistin in den Weg, sie schiebt zur Tarnung ein Fahrrad.<br>Genervt lehnt sie dieses an eine Laterne, stemmt die F\u00e4uste in die H\u00fcften. &#8220;Na, junget Fr\u00f6ilein? Welche Farbe sehn Se da bittesch\u00f6n?&#8221;<br>Nachdenklich rolle ich die Augen nach oben. &#8220;Hm, Rot?&#8221;<br>&#8220;Jenau! Und wat macht man in dem unjew\u00f6hnlichen Fall?&#8221;<br>&#8220;Stehenbleiben?&#8221;<br>&#8220;Jenau! Det wissn sojar die kleenen Kinda!&#8221;<br>Eben nicht, denke ich, sage es aber nicht laut.<br>Kopfsch\u00fcttelnd greift sie ihr Polizeifahrrad und schiebt es weiter \u00fcber den Kotti.<\/p>\n","protected":false},"excerpt":{"rendered":"<p>Berlin, Kottbusser Tor. Eine rote Ampel, die Verkehrssituation ist \u00fcbersichtlich. Ich setze einen Fu\u00df auf die Stra\u00dfe, ziehe ihn jedoch&hellip;<\/p>\n","protected":false},"author":1,"featured_media":0,"parent":0,"menu_order":0,"comment_status":"closed","ping_status":"closed","template":"","meta":{"_monsterinsights_skip_tracking":false,"_monsterinsights_sitenote_active":false,"_monsterinsights_sitenote_note":"","_monsterinsights_sitenote_category":0,"footnotes":""},"class_list":["post-1275","page","type-page","status-publish","hentry"],"_links":{"self":[{"href":"https:\/\/dorit-linke.de\/en\/wp-json\/wp\/v2\/pages\/1275","targetHints":{"allow":["GET"]}}],"collection":[{"href":"https:\/\/dorit-linke.de\/en\/wp-json\/wp\/v2\/pages"}],"about":[{"href":"https:\/\/dorit-linke.de\/en\/wp-json\/wp\/v2\/types\/page"}],"author":[{"embeddable":true,"href":"https:\/\/dorit-linke.de\/en\/wp-json\/wp\/v2\/users\/1"}],"replies":[{"embeddable":true,"href":"https:\/\/dorit-linke.de\/en\/wp-json\/wp\/v2\/comments?post=1275"}],"version-history":[{"count":4,"href":"https:\/\/dorit-linke.de\/en\/wp-json\/wp\/v2\/pages\/1275\/revisions"}],"predecessor-version":[{"id":3562,"href":"https:\/\/dorit-linke.de\/en\/wp-json\/wp\/v2\/pages\/1275\/revisions\/3562"}],"wp:attachment":[{"href":"https:\/\/dorit-linke.de\/en\/wp-json\/wp\/v2\/media?parent=1275"}],"curies":[{"name":"wp","href":"https:\/\/api.w.org\/{rel}","templated":true}]}}