{"id":1277,"date":"2016-12-04T12:40:29","date_gmt":"2016-12-04T11:40:29","guid":{"rendered":"https:\/\/dorit-linke.de\/?page_id=1277"},"modified":"2020-02-28T07:05:17","modified_gmt":"2020-02-28T06:05:17","slug":"moebeltransport","status":"publish","type":"page","link":"https:\/\/dorit-linke.de\/en\/moebeltransport\/","title":{"rendered":"M\u00f6beltransport"},"content":{"rendered":"\n<p>Berlin-Kreuzberg, Kottbusser Damm. Vor mir eine Frau, die radelnd eine Kommode transportiert, welche locker auf dem Gep\u00e4cktr\u00e4ger befestigt ist. Sie h\u00e4lt diese mit der rechten Hand fest und steuert das Rad mit der linken. Am Lenker h\u00e4ngt eine Einkaufst\u00fcte voller Flaschen, die rhythmisch gegen das Vorderrad schl\u00e4gt. Aufgrund der Vielzahl an wirkenden Kr\u00e4fte eiert die Frau unkontrolliert \u00fcber die Stra\u00dfe. Als ich sie mit ca. f\u00fcnf Metern Seitenabstand \u00fcberhole, sehe ich das H\u00fcndchen, das vorn im Korb neben einer Handtasche hockt und unschuldig zu mir her\u00fcber schaut. Pl\u00f6tzlich klingelt ein Handy. Die Frau starrt fassungslos auf ihre Handtasche, dann auf ihren Hund. Sie hat keine Hand mehr frei. Soll der Hund ans Handy gehen?<br>Ich fahre z\u00fcgig weiter und drehe mich nicht um. Hoffentlich steht die Kommode inzwischen in einer Berliner Bude und der Hund isst friedlich seine Biowurst.<\/p>\n","protected":false},"excerpt":{"rendered":"<p>Berlin-Kreuzberg, Kottbusser Damm. Vor mir eine Frau, die radelnd eine Kommode transportiert, welche locker auf dem Gep\u00e4cktr\u00e4ger befestigt ist. Sie&hellip;<\/p>\n","protected":false},"author":1,"featured_media":0,"parent":0,"menu_order":0,"comment_status":"closed","ping_status":"closed","template":"","meta":{"_monsterinsights_skip_tracking":false,"_monsterinsights_sitenote_active":false,"_monsterinsights_sitenote_note":"","_monsterinsights_sitenote_category":0,"footnotes":""},"class_list":["post-1277","page","type-page","status-publish","hentry"],"_links":{"self":[{"href":"https:\/\/dorit-linke.de\/en\/wp-json\/wp\/v2\/pages\/1277","targetHints":{"allow":["GET"]}}],"collection":[{"href":"https:\/\/dorit-linke.de\/en\/wp-json\/wp\/v2\/pages"}],"about":[{"href":"https:\/\/dorit-linke.de\/en\/wp-json\/wp\/v2\/types\/page"}],"author":[{"embeddable":true,"href":"https:\/\/dorit-linke.de\/en\/wp-json\/wp\/v2\/users\/1"}],"replies":[{"embeddable":true,"href":"https:\/\/dorit-linke.de\/en\/wp-json\/wp\/v2\/comments?post=1277"}],"version-history":[{"count":5,"href":"https:\/\/dorit-linke.de\/en\/wp-json\/wp\/v2\/pages\/1277\/revisions"}],"predecessor-version":[{"id":3564,"href":"https:\/\/dorit-linke.de\/en\/wp-json\/wp\/v2\/pages\/1277\/revisions\/3564"}],"wp:attachment":[{"href":"https:\/\/dorit-linke.de\/en\/wp-json\/wp\/v2\/media?parent=1277"}],"curies":[{"name":"wp","href":"https:\/\/api.w.org\/{rel}","templated":true}]}}