{"id":1282,"date":"2016-12-04T12:42:11","date_gmt":"2016-12-04T11:42:11","guid":{"rendered":"https:\/\/dorit-linke.de\/?page_id=1282"},"modified":"2020-02-28T06:26:51","modified_gmt":"2020-02-28T05:26:51","slug":"alter","status":"publish","type":"page","link":"https:\/\/dorit-linke.de\/en\/alter\/","title":{"rendered":"Alter"},"content":{"rendered":"\n<p>Fr\u00fchst\u00fcckende \u00e4ltere Dame am Nachbartisch.<br>&#8220;Na, Frau S.&#8221;, ruft der Kellner, als er schwungvoll auf sie zul\u00e4uft. &#8220;Wie geht es Ihnen heute?&#8221;<br>Eben noch flink am Stulle schmieren gewesen, f\u00e4llt sie nun dramatisch in sich zusammen. &#8220;Nicht so gut, Sie wissen schon. Die Knochen tun mir weh, ich h\u00f6re schlecht und werde vergesslich. Wie hei\u00dfen Sie nochmal?&#8221;<br>&#8220;J\u00fcrgen.&#8221; Er r\u00fcckt ihr Besteck gerade. &#8220;Daher ist es doch umso sch\u00f6ner, dass Sie nun bei uns sind!&#8221;<br>&#8220;Ja, Sie sind ja auch sehr nett zu mir und helfen mir, aber Spa\u00df macht das alles trotzdem nicht.&#8221;<br>Er putzt ihr Saftglas. &#8220;Wetter soll heute ja ganz sch\u00f6n werden.&#8221;<br>Sie winkt ab. &#8220;Ach, h\u00f6ren Sie doch auf!&#8221; Und es folgen weitere Ausf\u00fchrungen zu ihrem schwierigen Zustand.<br>&#8220;Aber, aber, lieber Frau S.!&#8221; Kellner J\u00fcrgen legt verschw\u00f6rerisch seine Hand auf ihren Arm. &#8220;So schlimm wird es schon nicht sein.&#8221;<br>Fuchtig zieht sie ihren Arm weg. &#8220;Sie haben doch keine Ahnung!&#8221;<br>Er richtet sich wieder auf, gie\u00dft ihr Saft ein. &#8220;Vielleicht ist das ja auch v\u00f6llig normal.&#8221;<br>&#8220;Bitte?&#8221;<br>&#8220;Sie sind immerhin schon 95.&#8221;<br>&#8220;94!&#8221;, ruft sie streng aus. &#8220;94, junger Mann!&#8221;<br>Kellner J\u00fcrgen grinst. &#8220;Na sehen Sie, Frau S., Sie kriegen also doch noch was mit. Und h\u00f6ren k\u00f6nnen Sie auch.&#8221;<br>Sie stutzt, l\u00e4chelt dann, zum ersten Mal. &#8220;Sie sind mir vielleicht Einer&#8221;, sagt sie unerwartet verschmitzt.<\/p>\n","protected":false},"excerpt":{"rendered":"<p>Fr\u00fchst\u00fcckende \u00e4ltere Dame am Nachbartisch.&#8220;Na, Frau S.&#8221;, ruft der Kellner, als er schwungvoll auf sie zul\u00e4uft. &#8220;Wie geht es Ihnen&hellip;<\/p>\n","protected":false},"author":1,"featured_media":0,"parent":0,"menu_order":0,"comment_status":"closed","ping_status":"closed","template":"","meta":{"_monsterinsights_skip_tracking":false,"_monsterinsights_sitenote_active":false,"_monsterinsights_sitenote_note":"","_monsterinsights_sitenote_category":0,"footnotes":""},"class_list":["post-1282","page","type-page","status-publish","hentry"],"_links":{"self":[{"href":"https:\/\/dorit-linke.de\/en\/wp-json\/wp\/v2\/pages\/1282","targetHints":{"allow":["GET"]}}],"collection":[{"href":"https:\/\/dorit-linke.de\/en\/wp-json\/wp\/v2\/pages"}],"about":[{"href":"https:\/\/dorit-linke.de\/en\/wp-json\/wp\/v2\/types\/page"}],"author":[{"embeddable":true,"href":"https:\/\/dorit-linke.de\/en\/wp-json\/wp\/v2\/users\/1"}],"replies":[{"embeddable":true,"href":"https:\/\/dorit-linke.de\/en\/wp-json\/wp\/v2\/comments?post=1282"}],"version-history":[{"count":3,"href":"https:\/\/dorit-linke.de\/en\/wp-json\/wp\/v2\/pages\/1282\/revisions"}],"predecessor-version":[{"id":3540,"href":"https:\/\/dorit-linke.de\/en\/wp-json\/wp\/v2\/pages\/1282\/revisions\/3540"}],"wp:attachment":[{"href":"https:\/\/dorit-linke.de\/en\/wp-json\/wp\/v2\/media?parent=1282"}],"curies":[{"name":"wp","href":"https:\/\/api.w.org\/{rel}","templated":true}]}}