{"id":1288,"date":"2016-12-04T12:43:36","date_gmt":"2016-12-04T11:43:36","guid":{"rendered":"https:\/\/dorit-linke.de\/?page_id=1288"},"modified":"2020-02-28T07:04:28","modified_gmt":"2020-02-28T06:04:28","slug":"gute-fahrt","status":"publish","type":"page","link":"https:\/\/dorit-linke.de\/en\/gute-fahrt\/","title":{"rendered":"Gute Fahrt"},"content":{"rendered":"\n<p>Am U-Bahnhof Hermannplatz. Ein Herr mit Strohhut h\u00fcpft schreiend die Treppe runter, l\u00e4uft zum elektronischen Informationskasten und dr\u00fcckt unkontrolliert ein paar Kn\u00f6pfe.<br>Die Stimme eines U-Bahn-Angestellten ert\u00f6nt. &#8220;Guten Tag. Was kann ich f\u00fcr Sie tun?&#8221;<br>Der Strohhutmann schaut sich verwirrt um, starrt dann wieder auf das blinkende Ger\u00e4t.<br>&#8220;Passen Sie auf\u201c, ruft er. \u201eIch habe Ihnen etwas Wichtiges mitzuteilen!&#8221;<br>U-Bahn-Mann: &#8220;Ja bitte?&#8221;<br>&#8220;Ich bin Jesus Christus! Und ich fahre jetzt U-Bahn!&#8221;<br>Der Kasten bleibt eine Sekunde ruhig, dann klackt es und die Stimme ist wieder da.<br>&#8220;Herzlich Willkommen in unserer Stadt. Die Berliner Verkehrsbetriebe w\u00fcnschen Ihnen eine gute Fahrt. Und bitte vergessen Sie den Fahrschein nicht.&#8221;<\/p>\n","protected":false},"excerpt":{"rendered":"<p>Am U-Bahnhof Hermannplatz. Ein Herr mit Strohhut h\u00fcpft schreiend die Treppe runter, l\u00e4uft zum elektronischen Informationskasten und dr\u00fcckt unkontrolliert ein&hellip;<\/p>\n","protected":false},"author":1,"featured_media":0,"parent":0,"menu_order":0,"comment_status":"closed","ping_status":"closed","template":"","meta":{"_monsterinsights_skip_tracking":false,"_monsterinsights_sitenote_active":false,"_monsterinsights_sitenote_note":"","_monsterinsights_sitenote_category":0,"footnotes":""},"class_list":["post-1288","page","type-page","status-publish","hentry"],"_links":{"self":[{"href":"https:\/\/dorit-linke.de\/en\/wp-json\/wp\/v2\/pages\/1288","targetHints":{"allow":["GET"]}}],"collection":[{"href":"https:\/\/dorit-linke.de\/en\/wp-json\/wp\/v2\/pages"}],"about":[{"href":"https:\/\/dorit-linke.de\/en\/wp-json\/wp\/v2\/types\/page"}],"author":[{"embeddable":true,"href":"https:\/\/dorit-linke.de\/en\/wp-json\/wp\/v2\/users\/1"}],"replies":[{"embeddable":true,"href":"https:\/\/dorit-linke.de\/en\/wp-json\/wp\/v2\/comments?post=1288"}],"version-history":[{"count":3,"href":"https:\/\/dorit-linke.de\/en\/wp-json\/wp\/v2\/pages\/1288\/revisions"}],"predecessor-version":[{"id":3563,"href":"https:\/\/dorit-linke.de\/en\/wp-json\/wp\/v2\/pages\/1288\/revisions\/3563"}],"wp:attachment":[{"href":"https:\/\/dorit-linke.de\/en\/wp-json\/wp\/v2\/media?parent=1288"}],"curies":[{"name":"wp","href":"https:\/\/api.w.org\/{rel}","templated":true}]}}