{"id":1294,"date":"2016-12-04T12:45:45","date_gmt":"2016-12-04T11:45:45","guid":{"rendered":"https:\/\/dorit-linke.de\/?page_id=1294"},"modified":"2020-10-12T20:35:55","modified_gmt":"2020-10-12T19:35:55","slug":"icke","status":"publish","type":"page","link":"https:\/\/dorit-linke.de\/en\/icke\/","title":{"rendered":"Icke"},"content":{"rendered":"\n<p>An einer sehr, sehr noblen Bar, ged\u00e4mpfte Musik, Kerzenlicht. Es bedient ein Mann mit schwarzen Haaren und schwarzen Augen.<br>Dame in Wei\u00df: &#8220;So, junger Mann! Nun sagen Sie mir doch bitte mal, wo Sie wirklich herkommen.&#8221;<br>Der Mann, gl\u00e4serputzend: &#8220;Icke? Se mein mir? Ickomm aus Tunesien, urspr\u00fcnglisch. Aba inzwischen bin ick een Berliner.&#8221;<br>&#8220;Ach&#8221;, entf\u00e4hrt es der Dame.<\/p>\n","protected":false},"excerpt":{"rendered":"<p>An einer sehr, sehr noblen Bar, ged\u00e4mpfte Musik, Kerzenlicht. Es bedient ein Mann mit schwarzen Haaren und schwarzen Augen.Dame in&hellip;<\/p>\n","protected":false},"author":1,"featured_media":0,"parent":0,"menu_order":0,"comment_status":"closed","ping_status":"closed","template":"","meta":{"_monsterinsights_skip_tracking":false,"_monsterinsights_sitenote_active":false,"_monsterinsights_sitenote_note":"","_monsterinsights_sitenote_category":0,"footnotes":""},"class_list":["post-1294","page","type-page","status-publish","hentry"],"_links":{"self":[{"href":"https:\/\/dorit-linke.de\/en\/wp-json\/wp\/v2\/pages\/1294","targetHints":{"allow":["GET"]}}],"collection":[{"href":"https:\/\/dorit-linke.de\/en\/wp-json\/wp\/v2\/pages"}],"about":[{"href":"https:\/\/dorit-linke.de\/en\/wp-json\/wp\/v2\/types\/page"}],"author":[{"embeddable":true,"href":"https:\/\/dorit-linke.de\/en\/wp-json\/wp\/v2\/users\/1"}],"replies":[{"embeddable":true,"href":"https:\/\/dorit-linke.de\/en\/wp-json\/wp\/v2\/comments?post=1294"}],"version-history":[{"count":7,"href":"https:\/\/dorit-linke.de\/en\/wp-json\/wp\/v2\/pages\/1294\/revisions"}],"predecessor-version":[{"id":3988,"href":"https:\/\/dorit-linke.de\/en\/wp-json\/wp\/v2\/pages\/1294\/revisions\/3988"}],"wp:attachment":[{"href":"https:\/\/dorit-linke.de\/en\/wp-json\/wp\/v2\/media?parent=1294"}],"curies":[{"name":"wp","href":"https:\/\/api.w.org\/{rel}","templated":true}]}}