{"id":1296,"date":"2016-12-04T12:46:28","date_gmt":"2016-12-04T11:46:28","guid":{"rendered":"https:\/\/dorit-linke.de\/?page_id=1296"},"modified":"2020-02-28T07:02:54","modified_gmt":"2020-02-28T06:02:54","slug":"erziehungsmassnahme","status":"publish","type":"page","link":"https:\/\/dorit-linke.de\/en\/erziehungsmassnahme\/","title":{"rendered":"Erziehungsma\u00dfnahme"},"content":{"rendered":"\n<p>Ich stapfe durch den Berliner Schnee, als mir schwungvoll ein \u00e4lterer Herr den Weg verstellt.<br>&#8220;H\u00e4nde aus den Taschen!&#8221;, schreit er.<br>&#8220;Bitte?&#8221; Verwirrt ziehe ich tats\u00e4chlich die H\u00e4nde raus, gef\u00fchlt sieben Jahre alt, mit Schulranzen auf dem R\u00fccken.<br>&#8220;Und wissen Sie vielleicht, warum?&#8221;<br>Ich zucke mit der Schulter. &#8220;Geh\u00f6rt sich nicht?&#8221;<br>&#8220;Das meine ich nicht! Wenn Sie hinfallen, k\u00f6nnen Sie sich nicht abst\u00fctzen!&#8221;<br>&#8220;Also, ich glaube schon, dass -&#8220;<br>&#8220;Meiner Frau ist das passiert! Sch\u00e4delbruch! Tot!&#8221;<br>Wie soll ich dagegen argumentieren? Dass ich h\u00f6chstwahrscheinlich reaktionsschneller bin als seine Frau? W\u00e4re wohl etwas piet\u00e4tlos.<br>Er ist jetzt richtig in Fahrt. &#8220;Eine M\u00fctze k\u00f6nnten Sie auch ruhig aufsetzen, ist schlie\u00dflich kalt hier drau\u00dfen. Diese jungen Leute immer!&#8221; Kopfsch\u00fcttelnd geht er weiter.<br>Immerhin, ein Kompliment gab&#8217;s zum Schluss dann doch noch.<\/p>\n","protected":false},"excerpt":{"rendered":"<p>Ich stapfe durch den Berliner Schnee, als mir schwungvoll ein \u00e4lterer Herr den Weg verstellt.&#8220;H\u00e4nde aus den Taschen!&#8221;, schreit er.&#8220;Bitte?&#8221;&hellip;<\/p>\n","protected":false},"author":1,"featured_media":0,"parent":0,"menu_order":0,"comment_status":"closed","ping_status":"closed","template":"","meta":{"_monsterinsights_skip_tracking":false,"_monsterinsights_sitenote_active":false,"_monsterinsights_sitenote_note":"","_monsterinsights_sitenote_category":0,"footnotes":""},"class_list":["post-1296","page","type-page","status-publish","hentry"],"_links":{"self":[{"href":"https:\/\/dorit-linke.de\/en\/wp-json\/wp\/v2\/pages\/1296","targetHints":{"allow":["GET"]}}],"collection":[{"href":"https:\/\/dorit-linke.de\/en\/wp-json\/wp\/v2\/pages"}],"about":[{"href":"https:\/\/dorit-linke.de\/en\/wp-json\/wp\/v2\/types\/page"}],"author":[{"embeddable":true,"href":"https:\/\/dorit-linke.de\/en\/wp-json\/wp\/v2\/users\/1"}],"replies":[{"embeddable":true,"href":"https:\/\/dorit-linke.de\/en\/wp-json\/wp\/v2\/comments?post=1296"}],"version-history":[{"count":3,"href":"https:\/\/dorit-linke.de\/en\/wp-json\/wp\/v2\/pages\/1296\/revisions"}],"predecessor-version":[{"id":3561,"href":"https:\/\/dorit-linke.de\/en\/wp-json\/wp\/v2\/pages\/1296\/revisions\/3561"}],"wp:attachment":[{"href":"https:\/\/dorit-linke.de\/en\/wp-json\/wp\/v2\/media?parent=1296"}],"curies":[{"name":"wp","href":"https:\/\/api.w.org\/{rel}","templated":true}]}}