{"id":1298,"date":"2016-12-04T12:47:04","date_gmt":"2016-12-04T11:47:04","guid":{"rendered":"https:\/\/dorit-linke.de\/?page_id=1298"},"modified":"2020-02-28T07:02:08","modified_gmt":"2020-02-28T06:02:08","slug":"einkauf","status":"publish","type":"page","link":"https:\/\/dorit-linke.de\/en\/einkauf\/","title":{"rendered":"Einkauf"},"content":{"rendered":"\n<p>Im Berliner Supermarkt. Die Kassiererin, eine \u00e4ltere Frau, tippt die Produkte des Mannes vor mir ein. Joghurt, Apfel.<br>&#8220;Einen Euro und f\u00fcnf Cent bitte.&#8221;<br>Sie h\u00e4lt inne, schaut ihn an, sagt barsch: &#8220;Das ist ja l\u00e4cherlich!&#8221;<br>&#8220;Wie bitte?&#8221;, fragt er irritiert.<br>&#8220;Daf\u00fcr geht man doch nicht extra ausm Haus!&#8221;<br>Alle Umstehenden sind baff.<br>Und was sagt der Mann? &#8220;Ja, ich wei\u00df, Entschuldigung, aber ich brauchte die Sachen doch dringend.&#8221;<br>&#8220;Pfff&#8221;, macht die Verk\u00e4uferin.<\/p>\n","protected":false},"excerpt":{"rendered":"<p>Im Berliner Supermarkt. Die Kassiererin, eine \u00e4ltere Frau, tippt die Produkte des Mannes vor mir ein. Joghurt, Apfel.&#8220;Einen Euro und&hellip;<\/p>\n","protected":false},"author":1,"featured_media":0,"parent":0,"menu_order":0,"comment_status":"closed","ping_status":"closed","template":"","meta":{"_monsterinsights_skip_tracking":false,"_monsterinsights_sitenote_active":false,"_monsterinsights_sitenote_note":"","_monsterinsights_sitenote_category":0,"footnotes":""},"class_list":["post-1298","page","type-page","status-publish","hentry"],"_links":{"self":[{"href":"https:\/\/dorit-linke.de\/en\/wp-json\/wp\/v2\/pages\/1298","targetHints":{"allow":["GET"]}}],"collection":[{"href":"https:\/\/dorit-linke.de\/en\/wp-json\/wp\/v2\/pages"}],"about":[{"href":"https:\/\/dorit-linke.de\/en\/wp-json\/wp\/v2\/types\/page"}],"author":[{"embeddable":true,"href":"https:\/\/dorit-linke.de\/en\/wp-json\/wp\/v2\/users\/1"}],"replies":[{"embeddable":true,"href":"https:\/\/dorit-linke.de\/en\/wp-json\/wp\/v2\/comments?post=1298"}],"version-history":[{"count":4,"href":"https:\/\/dorit-linke.de\/en\/wp-json\/wp\/v2\/pages\/1298\/revisions"}],"predecessor-version":[{"id":3560,"href":"https:\/\/dorit-linke.de\/en\/wp-json\/wp\/v2\/pages\/1298\/revisions\/3560"}],"wp:attachment":[{"href":"https:\/\/dorit-linke.de\/en\/wp-json\/wp\/v2\/media?parent=1298"}],"curies":[{"name":"wp","href":"https:\/\/api.w.org\/{rel}","templated":true}]}}