{"id":1322,"date":"2016-12-04T13:23:28","date_gmt":"2016-12-04T12:23:28","guid":{"rendered":"https:\/\/dorit-linke.de\/?page_id=1322"},"modified":"2020-02-28T07:06:26","modified_gmt":"2020-02-28T06:06:26","slug":"namibia","status":"publish","type":"page","link":"https:\/\/dorit-linke.de\/en\/namibia\/","title":{"rendered":"Namibia"},"content":{"rendered":"\n<p>S-Bahn in Berlin. Mir gegen\u00fcber sitzt ein Ehepaar, offensichtlich Touristen. Er tr\u00e4gt ein T-Shirt, auf dem &#8220;Namibia&#8221; steht.<br>Steigt ein Mann ein, klein, hippelig, der &#8220;ich-brauche-Aufmerksamkeit-Typ&#8221; mit eindeutigem Drogenproblem. Er setzt sich, schaut kurz das Ehepaar an, r\u00e4uspert sich, hustet, rutscht auf dem Sitz umher, richtet sein Bascap aus, schaut sich permanent um, wartet auf Irgendwas.<br>Starrt dann erneut das Ehepaar an.<br>Unbedingt ignorieren!, schreit meine innere Stimme.<br>&#8220;Sagn se ma, also ick hab da ma ne Frage.&#8221;<br>Der Mann mit dem Namibia-Shirt wendet sich ihm zu.<br>&#8220;Warn se schon ma in Namibia oder wieso renn se damit rum?&#8221;<br>Mann: &#8220;Ja, ich war da. Mehrmals.&#8221;<br>&#8220;Und? Waret sch\u00f6n?&#8221;<br>Nicht antworten! Das geht nie im Leben gut.<br>Die Frau richtet sich auf. &#8220;Ja&#8221;, sagt sie begeistert. &#8220;Es ist ein wirklich faszinierendes Land!&#8221;<br>&#8220;Aha, und wieson ditte?&#8221;<br>&#8220;Sehr weite, wundersch\u00f6ne Natur und kaum Menschen.&#8221;<br>&#8220;Also dit k\u00f6nn se hier och haben, dit is n\u00fcscht besonderet.&#8221;<br>Mann: &#8220;Ach.&#8221;<br>&#8220;Klar. M\u00fcssn se nur nach Norden fahrn. Richtung stimmt schon ma. Einfach hier inne S-Bahn sitzen bleiben.&#8221;<br>Sie: &#8220;Und was ist da?&#8221;<br>&#8220;Brandenburg und Mecklenburg. Die sind komplett menschenleer.&#8221;<br>Die Frau schaut skeptisch erst den Typen, dann ihren Mann an.<br>Der Typ, aggressiv. &#8220;Jetze wohnen da vielleicht noch ein paar alte Leute, aber in zirka zehn Jahren ist da niemand mehr! Alle weg! Tote Erde! Verbrannt! Haben die Ossis auch nicht besser verdient! Ham ja n\u00fcscht!&#8221;<br>Das Touristen-Ehepaar tauscht konsternierte Blicke aus.<br>Endlich steht der Typ auf. &#8220;Denken Se ma dr\u00fcber nach!&#8221;<br>Und er steigt aus der S-Bahn.<br>&#8220;Willkommen in Berlin&#8221;, sage ich zum Ehepaar. &#8220;Sie d\u00fcrfen hier leider nicht mit jedem quatschen.&#8221;<\/p>\n","protected":false},"excerpt":{"rendered":"<p>S-Bahn in Berlin. Mir gegen\u00fcber sitzt ein Ehepaar, offensichtlich Touristen. Er tr\u00e4gt ein T-Shirt, auf dem &#8220;Namibia&#8221; steht.Steigt ein Mann&hellip;<\/p>\n","protected":false},"author":1,"featured_media":0,"parent":0,"menu_order":0,"comment_status":"closed","ping_status":"closed","template":"","meta":{"_monsterinsights_skip_tracking":false,"_monsterinsights_sitenote_active":false,"_monsterinsights_sitenote_note":"","_monsterinsights_sitenote_category":0,"footnotes":""},"class_list":["post-1322","page","type-page","status-publish","hentry"],"_links":{"self":[{"href":"https:\/\/dorit-linke.de\/en\/wp-json\/wp\/v2\/pages\/1322","targetHints":{"allow":["GET"]}}],"collection":[{"href":"https:\/\/dorit-linke.de\/en\/wp-json\/wp\/v2\/pages"}],"about":[{"href":"https:\/\/dorit-linke.de\/en\/wp-json\/wp\/v2\/types\/page"}],"author":[{"embeddable":true,"href":"https:\/\/dorit-linke.de\/en\/wp-json\/wp\/v2\/users\/1"}],"replies":[{"embeddable":true,"href":"https:\/\/dorit-linke.de\/en\/wp-json\/wp\/v2\/comments?post=1322"}],"version-history":[{"count":3,"href":"https:\/\/dorit-linke.de\/en\/wp-json\/wp\/v2\/pages\/1322\/revisions"}],"predecessor-version":[{"id":3565,"href":"https:\/\/dorit-linke.de\/en\/wp-json\/wp\/v2\/pages\/1322\/revisions\/3565"}],"wp:attachment":[{"href":"https:\/\/dorit-linke.de\/en\/wp-json\/wp\/v2\/media?parent=1322"}],"curies":[{"name":"wp","href":"https:\/\/api.w.org\/{rel}","templated":true}]}}