{"id":1434,"date":"2017-02-04T17:53:54","date_gmt":"2017-02-04T16:53:54","guid":{"rendered":"https:\/\/dorit-linke.de\/?page_id=1434"},"modified":"2022-05-29T20:40:16","modified_gmt":"2022-05-29T19:40:16","slug":"termin-am-kotti","status":"publish","type":"page","link":"https:\/\/dorit-linke.de\/en\/berliner-fundstuecke\/termin-am-kotti\/","title":{"rendered":"Termin am Kotti"},"content":{"rendered":"\n<p class=\"has-black-color has-text-color\">Berlin, U-Bahnhof Kottbusser Tor.<br>Ein abgerissener Mann hantiert auf einer Bank mit harten Drogen. Zwei Polizisten laufen vorbei, schauen ihm gelangweilt beim Gl\u00e4tten der Alufolie zu, bleiben schlie\u00dflich doch stehen.<br>&#8220;Hallo! Was machstn du da?&#8221;, br\u00fcllt einer der Polizisten.<br>Der Mann wirft w\u00fctend seinen Kopf zur Seite. &#8220;Watn? St\u00f6r mich nich, Mensch!&#8221;<span class=\"text_exposed_show\"><br>Der Polizist: &#8220;Pack das weg!&#8221;<br>&#8220;N\u00f6! Wat w\u00fcllst du denn?&#8221;, ruft der Mann aufgebracht.<br>&#8220;Pack das weg und geh nach Hause!&#8221;<br>&#8220;N\u00f6! Geht nich! Ick hab nochn Termin hier am Kotti!&#8221;<br>&#8220;Wo? Wann? Mit wem?&#8221;<br>&#8220;Na hier gleisch! Um achte. Mit Rudi.&#8221;<br>Der Polizist schaut genervt seinen Kollegen an. Pl\u00f6tzlich Geschrei am anderen Ende des Bahnsteigs. Die beiden Polizisten rennen los.<br>Der Mann auf der Bank gl\u00e4ttet gedankenverloren seine Folie. Dann hebt er den Blick und schaut zur Treppe. Er wartet auf Rudi.<\/span><\/p>\n","protected":false},"excerpt":{"rendered":"<p>Berlin, U-Bahnhof Kottbusser Tor.Ein abgerissener Mann hantiert auf einer Bank mit harten Drogen. Zwei Polizisten laufen vorbei, schauen ihm gelangweilt&hellip;<\/p>\n","protected":false},"author":1,"featured_media":0,"parent":1271,"menu_order":0,"comment_status":"closed","ping_status":"closed","template":"","meta":{"_monsterinsights_skip_tracking":false,"_monsterinsights_sitenote_active":false,"_monsterinsights_sitenote_note":"","_monsterinsights_sitenote_category":0,"footnotes":""},"class_list":["post-1434","page","type-page","status-publish","hentry"],"_links":{"self":[{"href":"https:\/\/dorit-linke.de\/en\/wp-json\/wp\/v2\/pages\/1434","targetHints":{"allow":["GET"]}}],"collection":[{"href":"https:\/\/dorit-linke.de\/en\/wp-json\/wp\/v2\/pages"}],"about":[{"href":"https:\/\/dorit-linke.de\/en\/wp-json\/wp\/v2\/types\/page"}],"author":[{"embeddable":true,"href":"https:\/\/dorit-linke.de\/en\/wp-json\/wp\/v2\/users\/1"}],"replies":[{"embeddable":true,"href":"https:\/\/dorit-linke.de\/en\/wp-json\/wp\/v2\/comments?post=1434"}],"version-history":[{"count":9,"href":"https:\/\/dorit-linke.de\/en\/wp-json\/wp\/v2\/pages\/1434\/revisions"}],"predecessor-version":[{"id":5903,"href":"https:\/\/dorit-linke.de\/en\/wp-json\/wp\/v2\/pages\/1434\/revisions\/5903"}],"up":[{"embeddable":true,"href":"https:\/\/dorit-linke.de\/en\/wp-json\/wp\/v2\/pages\/1271"}],"wp:attachment":[{"href":"https:\/\/dorit-linke.de\/en\/wp-json\/wp\/v2\/media?parent=1434"}],"curies":[{"name":"wp","href":"https:\/\/api.w.org\/{rel}","templated":true}]}}