{"id":1448,"date":"2018-01-23T18:45:53","date_gmt":"2018-01-23T17:45:53","guid":{"rendered":"https:\/\/dorit-linke.de\/?page_id=1448"},"modified":"2026-02-04T10:49:33","modified_gmt":"2026-02-04T09:49:33","slug":"dorit-linke","status":"publish","type":"page","link":"https:\/\/dorit-linke.de\/en\/dorit-linke\/","title":{"rendered":"Dorit Linke"},"content":{"rendered":"\n<p>Die Autorin Dorit Linke lebt in Berlin und schreibt vorrangig \u00fcber die DDR, gibt Schreibworkshops und verfasst Theaterst\u00fccke. Sie wurde 1971 in Rostock geboren.&nbsp;In ihrem Jugendroman \u201eJenseits der blauen Grenze\u201c verarbeitet sie die 1980er Jahre der DDR und die politischen und pers\u00f6nlichen Erfahrungen ihrer Generation. Der Roman ist Schullekt\u00fcre, wurde ins Amerikanische und Russische \u00fcbersetzt, als Theaterst\u00fcck auf die B\u00fchne gebracht und verfilmt. 2026 erscheint die Fortsetzung im Arena-Verlag. <\/p>\n\n\n\n<div class=\"wp-block-media-text is-stacked-on-mobile\" style=\"grid-template-columns:24% auto\"><figure class=\"wp-block-media-text__media\"><img loading=\"lazy\" decoding=\"async\" width=\"477\" height=\"644\" src=\"https:\/\/dorit-linke.de\/wp-content\/uploads\/2026\/02\/Dorit-Linke-1-Kopie.png\" alt=\"\" class=\"wp-image-8002 size-full\" srcset=\"https:\/\/dorit-linke.de\/wp-content\/uploads\/2026\/02\/Dorit-Linke-1-Kopie.png 477w, https:\/\/dorit-linke.de\/wp-content\/uploads\/2026\/02\/Dorit-Linke-1-Kopie-222x300.png 222w\" sizes=\"auto, (max-width: 477px) 100vw, 477px\" \/><\/figure><div class=\"wp-block-media-text__content\">\n<p>Die B\u00fccher von Dorit Linke erhielten viele Auszeichnungen: Nominierung Deutscher Jugendliteraturpreis, IBBY-Ehrenliste, White Ravens Buch, Goldener B\u00fccherpirat, Leipziger Lesekompass. Sie ist Zeitzeugin der Bundesstiftung zur Aufarbeitung der SED-Diktatur und ist \u00fcber ihre Schreibwerkst\u00e4tten st\u00e4ndig im Austausch mit jungen Menschen.<\/p>\n\n\n\n<p>2023 wurde sie f\u00fcr ihre politische Bildungsarbeit mit dem Bundesverdienstkreuz geehrt.<\/p>\n<\/div><\/div>\n\n\n\n<h2 class=\"wp-block-heading\">Publikationen<\/h2>\n\n\n\n<figure class=\"wp-block-gallery has-nested-images columns-7 is-cropped wp-block-gallery-1 is-layout-flex wp-block-gallery-is-layout-flex\">\n<figure class=\"wp-block-image size-large\"><img decoding=\"async\" data-id=\"110\" src=\"https:\/\/matsundreabooks.de\/wp-content\/uploads\/2024\/11\/Beyond-the-blue-Border-Dorit-Linke-683x1024.jpg\" alt=\"\" class=\"wp-image-110\"\/><\/figure>\n\n\n\n<figure class=\"wp-block-image size-large\"><img decoding=\"async\" data-id=\"113\" src=\"https:\/\/matsundreabooks.de\/wp-content\/uploads\/2024\/11\/Cover-Wir-sehen-uns-im-Westen-657x1024.jpg\" alt=\"\" class=\"wp-image-113\"\/><\/figure>\n\n\n\n<figure class=\"wp-block-image size-large\"><img loading=\"lazy\" decoding=\"async\" width=\"652\" height=\"1024\" data-id=\"7509\" src=\"https:\/\/dorit-linke.de\/wp-content\/uploads\/2024\/12\/Cover-Mats-und-Rea-652x1024.jpg\" alt=\"Mats und Rea drehen am Rad der Geschichte\" class=\"wp-image-7509\" srcset=\"https:\/\/dorit-linke.de\/wp-content\/uploads\/2024\/12\/Cover-Mats-und-Rea-652x1024.jpg 652w, https:\/\/dorit-linke.de\/wp-content\/uploads\/2024\/12\/Cover-Mats-und-Rea-191x300.jpg 191w, https:\/\/dorit-linke.de\/wp-content\/uploads\/2024\/12\/Cover-Mats-und-Rea-768x1206.jpg 768w, https:\/\/dorit-linke.de\/wp-content\/uploads\/2024\/12\/Cover-Mats-und-Rea-978x1536.jpg 978w, https:\/\/dorit-linke.de\/wp-content\/uploads\/2024\/12\/Cover-Mats-und-Rea-1305x2048.jpg 1305w, https:\/\/dorit-linke.de\/wp-content\/uploads\/2024\/12\/Cover-Mats-und-Rea-scaled.jpg 1631w\" sizes=\"auto, (max-width: 652px) 100vw, 652px\" \/><\/figure>\n\n\n\n<figure class=\"wp-block-image size-large\"><img decoding=\"async\" data-id=\"109\" src=\"https:\/\/matsundreabooks.de\/wp-content\/uploads\/2024\/11\/SCAN0033-671x1024.jpg\" alt=\"\" class=\"wp-image-109\"\/><\/figure>\n\n\n\n<figure class=\"wp-block-image size-large\"><img decoding=\"async\" data-id=\"106\" src=\"https:\/\/matsundreabooks.de\/wp-content\/uploads\/2024\/11\/Fett-Kohle-Dorit-Linke-673x1024.jpg\" alt=\"\" class=\"wp-image-106\"\/><\/figure>\n\n\n\n<figure class=\"wp-block-image size-large\"><img decoding=\"async\" data-id=\"111\" src=\"https:\/\/matsundreabooks.de\/wp-content\/uploads\/2024\/11\/images.png\" alt=\"\" class=\"wp-image-111\"\/><\/figure>\n\n\n\n<figure class=\"wp-block-image size-medium\"><img decoding=\"async\" data-id=\"112\" src=\"https:\/\/matsundreabooks.de\/wp-content\/uploads\/2024\/11\/Ein-Fall-fuer-die-Tierretter-215x300.jpg\" alt=\"\" class=\"wp-image-112\"\/><\/figure>\n<\/figure>\n\n\n\n<p class=\"has-white-color has-text-color has-link-color wp-elements-7e4ac651328708ea719ac0894fa30934\">.<\/p>\n\n\n\n<p class=\"has-vivid-red-color has-text-color has-link-color wp-elements-ec960613c198c820bef2db6c18d9a900\">2026: <strong><em>\u201eSo leicht kommen wir nicht davon&#8221; <\/em><\/strong>Arena-Verlag <br>Fortsetzung von \u201e<em>Jenseits der blauen Grenze&#8221;<\/em><\/p>\n\n\n\n<p>2024 \u201eMats und Rea drehen am Rad der Geschichte. Band 1: Die Telefonzelle&#8221;<br>2021 \u201eBeyond the Blue Border\u201c, Charlesbridge Publishing, Watertown, USA<br>2021 \u201eEin Fall f\u00fcr die Tierretter\u201c, Loewe Verlag<br>2019 \u201eWir sehen uns im Westen\u201c, Carlsen Verlag<br>2017 \u201e\u041f\u043e \u0442\u0443 \u0441\u0442\u043e\u0440\u043e\u043d\u0443 \u0441\u0438\u043d\u0435\u0439 \u0433\u0440\u0430\u043d\u0438\u0446\u044b\u201c (\u201eJenseits der blauen Grenze\u201c), Verlag Samokat, Sprache: Russisch<br>2015 \u201eFett Kohle\u201c, Magellan Verlag<br>2014 \u201eJenseits der blauen Grenze\u201c, Magellan Verlag<br>2002 \u201eDer Apfel\u201c, in \u201eFormen und Wege einer neuen Literatur\u201c, dtv, Publikumspreis beim Wettbewerb \u201eLiteratur digital\u201c<\/p>\n\n\n\n<p><br><\/p>\n\n\n\n<h2 class=\"wp-block-heading has-text-align-left\"><strong>Preise und Auszeichnungen<\/strong><\/h2>\n\n\n<div class=\"wp-block-image\">\n<figure class=\"alignleft is-resized\"><img decoding=\"async\" src=\"https:\/\/jenseitsderblauengrenze.de\/wp-content\/uploads\/2023\/12\/image00034-768x1024.jpeg\" alt=\"Autorin Dorit Linke\" class=\"wp-image-113\" style=\"aspect-ratio:0.7500505152556072;width:254px;height:auto\"\/><\/figure>\n<\/div>\n\n\n<p>2023:&nbsp;<strong>Verdienstkreuz am Bande<\/strong>&nbsp;f\u00fcr das Engagement in der Politischen Bildung<br>2019:&nbsp;<strong>Arbeitsstipendium<\/strong>&nbsp;der Berliner Senatsverwaltung f\u00fcr Kultur und Europa<br>2015: Nominierung f\u00fcr den&nbsp;<strong>Deutschen Jugendliteraturpreis<\/strong><br>2016:&nbsp;<strong>Leipziger Lesekompass<\/strong>&nbsp;<br>2016:&nbsp;<strong>IBBY Ehrenliste <\/strong><br>2016:&nbsp;<strong>Goldener B\u00fccherpirat<\/strong><br>2016:&nbsp;<strong>Spreewaldstipendium<\/strong><br>2015: <strong>White Ravens Buch<\/strong><br>2015:&nbsp;<strong>Deutschlandfunk<\/strong>, unter den besten&nbsp;<strong>7 B\u00fcchern f\u00fcr junge Leser<\/strong><\/p>\n\n\n\n<p class=\"has-white-color has-text-color has-link-color wp-elements-64ac940d418617134f69713cfe529491\">.&nbsp;<\/p>\n\n\n\n<h2 class=\"wp-block-heading\">Theater, Politische Bildung und Stoffentwicklung<\/h2>\n\n\n\n<p><strong>Vorrangige Themen der B\u00fccher:<\/strong> DDR, Friedliche Revolution und Nachwendezeit; derzeit Stoffentwicklungen f\u00fcr die Romane (Erwachsenenbuch) &#8220;Der letzte Sack&#8221; (AT) und &#8220;Im Leben nicht&#8221; (AT)<\/p>\n\n\n\n<p><strong>Autorin <\/strong>am Kinder- und Jugendtheater Morgenstern, Berlin; 2026: St\u00fcckentwicklung und Drehbuch f\u00fcr&nbsp;\u201eTrilogie der Kinderrechte&#8221;; Folgende Theaterst\u00fccke von Dorit Linke wurden bisher uraufgef\u00fchrt: \u201eW\u00fcnsche&#8221; 2025; \u201eAufbrechender Asphalt\u201c 2023; \u201eSuperreich\u201c 2022; Carpe diem, aber schnell! 2022 und \u201eTogether\u201c 2021<\/p>\n\n\n\n<p>T\u00e4tigkeit als <strong>Dramaturgin<\/strong>, gef\u00f6rdert vom <strong>FFF Bayern<\/strong>, Kinospielfilm \u201eDer Sound des Sommers&#8221; (in Entwicklung), Drehbuch: Kristina Magdalena Henn, Produktion:&nbsp;Dreifilm M\u00fcnchen<\/p>\n\n\n\n<p><strong>Schreibwerkst\u00e4tten <\/strong>(Auszug):&nbsp;\u201eKindheit und Jugend in der DDR\u201c, \u201ePopulismus und Fake news&#8221;, \u201eRostock-Lichtenhagen\u201c, \u201eDer Tyrannei widerstehen&#8221;<\/p>\n\n\n\n<p><strong>Vorstands- und Gr\u00fcndungsmitglied von METIS e.V.,<\/strong>&nbsp;Verein f\u00fcr die analoge und digitale Literaturvermittlung an Schulen und au\u00dferschulisch<\/p>\n\n\n\n<p><strong>Lesungen und Vortr\u00e4ge an Schulen:&nbsp;<\/strong>Kooperation mit Literaturh\u00e4usern und dem Friedrich-B\u00f6decker-Kreis; Lesungen, auch online, im Rahmen des Schulunterrichts<\/p>\n\n\n\n<p><strong>Politische Bildung:<\/strong>&nbsp;Interaktive Zeitzeugengespr\u00e4che online und live an Schulen, Fachinterviews zur j\u00fcngeren deutschen Geschichte, Zeitzeugin der Bundesstiftung zur Aufarbeitung der SED-Diktatur<\/p>\n\n\n\n<p><strong>Theateradaptionen von \u201eJenseits der blauen Grenze\u201c:<\/strong>&nbsp;2023 Nationaltheater Weimar, Urauff\u00fchrung 2018 am Volkstheater Rostock, danach am Theater der Altmark Stendal, Vorpommersche Landesb\u00fchne Anklam, Theater Altenburg Gera<\/p>\n\n\n\n<p><strong>Romanverfilmung:<\/strong>&nbsp;2024 Kinostart von \u201eJenseits der blauen Grenze\u201c, Drehbuch und Regie: Sarah Neumann, Filmakademie Baden-W\u00fcrttemberg, Produzenten WoodWaterFilms, in Ko-Produktion mit SWR und arte<\/p>\n","protected":false},"excerpt":{"rendered":"<p>Die Autorin Dorit Linke lebt in Berlin und schreibt vorrangig \u00fcber die DDR, gibt Schreibworkshops und verfasst Theaterst\u00fccke. Sie wurde&hellip;<\/p>\n","protected":false},"author":1,"featured_media":0,"parent":0,"menu_order":0,"comment_status":"closed","ping_status":"closed","template":"","meta":{"_monsterinsights_skip_tracking":false,"_monsterinsights_sitenote_active":false,"_monsterinsights_sitenote_note":"","_monsterinsights_sitenote_category":0,"footnotes":""},"class_list":["post-1448","page","type-page","status-publish","hentry"],"_links":{"self":[{"href":"https:\/\/dorit-linke.de\/en\/wp-json\/wp\/v2\/pages\/1448","targetHints":{"allow":["GET"]}}],"collection":[{"href":"https:\/\/dorit-linke.de\/en\/wp-json\/wp\/v2\/pages"}],"about":[{"href":"https:\/\/dorit-linke.de\/en\/wp-json\/wp\/v2\/types\/page"}],"author":[{"embeddable":true,"href":"https:\/\/dorit-linke.de\/en\/wp-json\/wp\/v2\/users\/1"}],"replies":[{"embeddable":true,"href":"https:\/\/dorit-linke.de\/en\/wp-json\/wp\/v2\/comments?post=1448"}],"version-history":[{"count":174,"href":"https:\/\/dorit-linke.de\/en\/wp-json\/wp\/v2\/pages\/1448\/revisions"}],"predecessor-version":[{"id":8003,"href":"https:\/\/dorit-linke.de\/en\/wp-json\/wp\/v2\/pages\/1448\/revisions\/8003"}],"wp:attachment":[{"href":"https:\/\/dorit-linke.de\/en\/wp-json\/wp\/v2\/media?parent=1448"}],"curies":[{"name":"wp","href":"https:\/\/api.w.org\/{rel}","templated":true}]}}