{"id":1516,"date":"2018-04-22T11:07:20","date_gmt":"2018-04-22T10:07:20","guid":{"rendered":"https:\/\/dorit-linke.de\/?page_id=1516"},"modified":"2020-02-28T06:23:40","modified_gmt":"2020-02-28T05:23:40","slug":"bankgeschaefte","status":"publish","type":"page","link":"https:\/\/dorit-linke.de\/en\/bankgeschaefte\/","title":{"rendered":"Bankgesch\u00e4fte"},"content":{"rendered":"\n<p>Die obdachlose Frau, die t\u00e4glich vor der Bankfiliale steht und bettelt, half heute einer sehschwachen, \u00e4lteren Dame bei ihren \u00dcberweisungen am Automaten. Die beiden Frauen brauchten eine Weile, lasen sich die Kontodaten laut vor und hatten Schwierigkeiten mit der hakeligen Tastatur. Schlie\u00dflich r\u00fcckte die \u00e4ltere Dame ihr H\u00fctchen zurecht und sagte bestimmt: &#8220;Zu guter Letzt noch die Stromrechnung!&#8221;<br>Und drau\u00dfen tobte das Leben am wohl verruchtesten Ort der Republik, dem Kottbusser Tor.<\/p>\n\n\n\n<p class=\"has-regular-font-size\"><\/p>\n","protected":false},"excerpt":{"rendered":"<p>Die obdachlose Frau, die t\u00e4glich vor der Bankfiliale steht und bettelt, half heute einer sehschwachen, \u00e4lteren Dame bei ihren \u00dcberweisungen&hellip;<\/p>\n","protected":false},"author":1,"featured_media":0,"parent":0,"menu_order":0,"comment_status":"closed","ping_status":"closed","template":"","meta":{"_monsterinsights_skip_tracking":false,"_monsterinsights_sitenote_active":false,"_monsterinsights_sitenote_note":"","_monsterinsights_sitenote_category":0,"footnotes":""},"class_list":["post-1516","page","type-page","status-publish","hentry"],"_links":{"self":[{"href":"https:\/\/dorit-linke.de\/en\/wp-json\/wp\/v2\/pages\/1516","targetHints":{"allow":["GET"]}}],"collection":[{"href":"https:\/\/dorit-linke.de\/en\/wp-json\/wp\/v2\/pages"}],"about":[{"href":"https:\/\/dorit-linke.de\/en\/wp-json\/wp\/v2\/types\/page"}],"author":[{"embeddable":true,"href":"https:\/\/dorit-linke.de\/en\/wp-json\/wp\/v2\/users\/1"}],"replies":[{"embeddable":true,"href":"https:\/\/dorit-linke.de\/en\/wp-json\/wp\/v2\/comments?post=1516"}],"version-history":[{"count":6,"href":"https:\/\/dorit-linke.de\/en\/wp-json\/wp\/v2\/pages\/1516\/revisions"}],"predecessor-version":[{"id":3537,"href":"https:\/\/dorit-linke.de\/en\/wp-json\/wp\/v2\/pages\/1516\/revisions\/3537"}],"wp:attachment":[{"href":"https:\/\/dorit-linke.de\/en\/wp-json\/wp\/v2\/media?parent=1516"}],"curies":[{"name":"wp","href":"https:\/\/api.w.org\/{rel}","templated":true}]}}