{"id":1656,"date":"2019-02-17T09:51:08","date_gmt":"2019-02-17T08:51:08","guid":{"rendered":"https:\/\/dorit-linke.de\/?page_id=1656"},"modified":"2020-02-28T06:24:56","modified_gmt":"2020-02-28T05:24:56","slug":"titanic-am-valentinstag","status":"publish","type":"page","link":"https:\/\/dorit-linke.de\/en\/titanic-am-valentinstag\/","title":{"rendered":"Titanic am Valentinstag"},"content":{"rendered":"\n<p>In der rappelvollen U7, Feierabendverkehr, Leute stehen dicht an dicht.<br>Eine Frau und ein Mann um die sechzig dr\u00fccken sich in die Bahn. Beide sind gut gelaunt, nicken den Fahrg\u00e4sten motivierend zu, lachen. Sie zieht ihre Jogginghose nach oben, er stellt einen tragbaren Verst\u00e4rker auf den Boden und dr\u00fcckt der Frau ein Mikro in die Hand.<br>Extrem laut ert\u00f6nt die Melodie zu &#8220;My Heart will go on&#8221;. Die Frau h\u00fcpft von einem Bein auf das andere, er klatscht in die H\u00e4nde. <br>Dann f\u00e4ngt sie an zu singen, auch das wiederum sehr laut, im Grunde schreit sie. Die T\u00f6ne trifft sie nicht, auch der Text sitzt nicht. Sie kann kein Englisch und singt so, wie sie denkt, dass es richtig ist. Dabei lacht sie und verteilt Handk\u00fcsse. Ich muss mich zwingen, nicht zu grinsen, auch die Gesichter der Mitfahrenden zucken.<br>&#8220;Hoffentlich sinken wir jetzt nicht&#8221;, sage ich, und der Mann direkt neben mir prustet los.<br>Als der Song sich dem Ende neigt, ruft die singende und tanzende Dame zum Abschluss &#8220;Heart Heart&#8221;.<br>Titanic-Valentinstag in der U7. Passt. <\/p>\n","protected":false},"excerpt":{"rendered":"<p>In der rappelvollen U7, Feierabendverkehr, Leute stehen dicht an dicht.Eine Frau und ein Mann um die sechzig dr\u00fccken sich in&hellip;<\/p>\n","protected":false},"author":1,"featured_media":0,"parent":0,"menu_order":0,"comment_status":"closed","ping_status":"closed","template":"","meta":{"_monsterinsights_skip_tracking":false,"_monsterinsights_sitenote_active":false,"_monsterinsights_sitenote_note":"","_monsterinsights_sitenote_category":0,"footnotes":""},"class_list":["post-1656","page","type-page","status-publish","hentry"],"_links":{"self":[{"href":"https:\/\/dorit-linke.de\/en\/wp-json\/wp\/v2\/pages\/1656","targetHints":{"allow":["GET"]}}],"collection":[{"href":"https:\/\/dorit-linke.de\/en\/wp-json\/wp\/v2\/pages"}],"about":[{"href":"https:\/\/dorit-linke.de\/en\/wp-json\/wp\/v2\/types\/page"}],"author":[{"embeddable":true,"href":"https:\/\/dorit-linke.de\/en\/wp-json\/wp\/v2\/users\/1"}],"replies":[{"embeddable":true,"href":"https:\/\/dorit-linke.de\/en\/wp-json\/wp\/v2\/comments?post=1656"}],"version-history":[{"count":2,"href":"https:\/\/dorit-linke.de\/en\/wp-json\/wp\/v2\/pages\/1656\/revisions"}],"predecessor-version":[{"id":3538,"href":"https:\/\/dorit-linke.de\/en\/wp-json\/wp\/v2\/pages\/1656\/revisions\/3538"}],"wp:attachment":[{"href":"https:\/\/dorit-linke.de\/en\/wp-json\/wp\/v2\/media?parent=1656"}],"curies":[{"name":"wp","href":"https:\/\/api.w.org\/{rel}","templated":true}]}}