{"id":1677,"date":"2019-02-17T10:11:49","date_gmt":"2019-02-17T09:11:49","guid":{"rendered":"https:\/\/dorit-linke.de\/?page_id=1677"},"modified":"2020-02-28T06:30:26","modified_gmt":"2020-02-28T05:30:26","slug":"vollmond","status":"publish","type":"page","link":"https:\/\/dorit-linke.de\/en\/vollmond\/","title":{"rendered":"Vollmond"},"content":{"rendered":"\n<p>Auf einer Berliner Stra\u00dfe, ich betrachte den imposanten Vollmond.<br>Eine \u00e4ltere und fein gekleidete Dame bleibt neben mir stehen. &#8220;Sieht toll aus, der Mond&#8221;, sagt sie.<br>&#8220;Finde ich auch.&#8221;<br>&#8220;Vorhin war er rot. Das ist kein gutes Zeichen.&#8221;<br>&#8220;Wieso, wird dann das Wetter schlechter?&#8221;<br>&#8220;Nein, politisch gesehen.&#8221;<br>&#8220;Ernsthaft?&#8221;<br>&#8220;Ja. Bei einem roten Mond gibt es Ver\u00e4nderungen. Habe ich schon oft beobachtet.&#8221;<br>&#8220;Na, dann hoffen wir mal, dass es gute sein werden.&#8221;<br>Sie sch\u00fcttelt den Kopf. &#8220;Nein. Die Mehrwertsteuer wird erh\u00f6ht! Unsere Rente aber nicht, das k\u00f6nnen Sie vergessen. Ab jetzt wird alles teurer.&#8221; Sie holt Luft. &#8220;Aber mit einem hatte ich Recht! Und zwar mit diesem Trump! Ein guter Mann! Der entspannt die Lage in Korea.&#8221;<br>&#8220;Na ja&#8221;, entgegne ich. Eigentlich wollte ich mir nur den sch\u00f6nen Mond anschauen und nicht \u00fcber Trump nachdenken.<br>&#8220;Es ist gut, dass der gew\u00e4hlt worden ist! Die beiden Weibsen h\u00e4tten nicht zusammen gepasst!&#8221;<br>&#8220;Welche beiden Weibsen denn?&#8221;<br>&#8220;Merkel und die andere. Die mit H.&#8221;<br>&#8220;Hillary?&#8221;<br>&#8220;Ich bin jetzt m\u00fcde und gehe hoch. Aber eins ist schon jetzt klar. Ich werde die ganze Nacht nicht schlafen k\u00f6nnen, und wer ist schuld daran?&#8221;<br>Ich mache eine Kopfbewegung gen Himmel. &#8220;Der Mond vielleicht?&#8221;<br>&#8220;Richtig.&#8221;<br>&#8220;Ist doch nicht so schlimm. Immerhin k\u00f6nnen Sie ausschlafen.&#8221; Ich bereue meinen Satz, bevor ich ihn zu Ende gesprochen habe.<br>&#8220;Wie bitte?&#8221; f\u00e4hrt sie mich an.<br>&#8220;Na&#8221;, druckse ich herum, &#8220;Sie sind doch in Rentnerin, oder nicht?&#8221;<br>Sie dreht sich auf den Hacken um und geht.<\/p>\n","protected":false},"excerpt":{"rendered":"<p>Auf einer Berliner Stra\u00dfe, ich betrachte den imposanten Vollmond.Eine \u00e4ltere und fein gekleidete Dame bleibt neben mir stehen. &#8220;Sieht toll&hellip;<\/p>\n","protected":false},"author":1,"featured_media":0,"parent":0,"menu_order":0,"comment_status":"closed","ping_status":"closed","template":"","meta":{"_monsterinsights_skip_tracking":false,"_monsterinsights_sitenote_active":false,"_monsterinsights_sitenote_note":"","_monsterinsights_sitenote_category":0,"footnotes":""},"class_list":["post-1677","page","type-page","status-publish","hentry"],"_links":{"self":[{"href":"https:\/\/dorit-linke.de\/en\/wp-json\/wp\/v2\/pages\/1677","targetHints":{"allow":["GET"]}}],"collection":[{"href":"https:\/\/dorit-linke.de\/en\/wp-json\/wp\/v2\/pages"}],"about":[{"href":"https:\/\/dorit-linke.de\/en\/wp-json\/wp\/v2\/types\/page"}],"author":[{"embeddable":true,"href":"https:\/\/dorit-linke.de\/en\/wp-json\/wp\/v2\/users\/1"}],"replies":[{"embeddable":true,"href":"https:\/\/dorit-linke.de\/en\/wp-json\/wp\/v2\/comments?post=1677"}],"version-history":[{"count":2,"href":"https:\/\/dorit-linke.de\/en\/wp-json\/wp\/v2\/pages\/1677\/revisions"}],"predecessor-version":[{"id":3542,"href":"https:\/\/dorit-linke.de\/en\/wp-json\/wp\/v2\/pages\/1677\/revisions\/3542"}],"wp:attachment":[{"href":"https:\/\/dorit-linke.de\/en\/wp-json\/wp\/v2\/media?parent=1677"}],"curies":[{"name":"wp","href":"https:\/\/api.w.org\/{rel}","templated":true}]}}