{"id":2509,"date":"2019-06-29T14:36:44","date_gmt":"2019-06-29T13:36:44","guid":{"rendered":"https:\/\/dorit-linke.de\/?page_id=2509"},"modified":"2026-01-11T19:25:26","modified_gmt":"2026-01-11T18:25:26","slug":"film-2","status":"publish","type":"page","link":"https:\/\/dorit-linke.de\/en\/film-2\/","title":{"rendered":"Filmprojekte"},"content":{"rendered":"\n<h3 class=\"wp-block-heading\"><strong>2026 &#8211; DER SOUND DES SOMMERS<\/strong><\/h3>\n\n\n\n<p>Kinospielfilm, in Entwicklung<br>T\u00e4tigkeit im Filmprojekt als <strong>Dramaturgin<\/strong>, gef\u00f6rdert vom <a href=\"https:\/\/www.fff-bayern.de\/\" target=\"_blank\" rel=\"noreferrer noopener\">FFF Bayern<\/a> <br>Drehbuch: Kristina Magdalena Henn, Produktion:\u00a0Dreifilm M\u00fcnchen<\/p>\n\n\n\n<p><strong>2026 &#8211; IM LEBEN NICHT (AT)<\/strong><\/p>\n\n\n\n<p>Spielfilm Thema DDR und Nachwendezeit<br>Drehbuch, Stoffentwicklung<\/p>\n\n\n\n<h3 class=\"wp-block-heading\"><strong>2024 &#8211; JENSEITS DER BLAUEN GRENZE<\/strong><\/h3>\n\n\n\n<p>Literarische Vorlage, Kinospielfilm <br>Buch und Regie: Sarah Neumann<br>Produktion: Wood Water Films<br>Wettbewerb Max Oph\u00fcls Preis 2024: Publikumspreis Spielfilm; Preis der \u00d6kumenischen Jury; Preis f\u00fcr den besten Nachwuchs-Schauspieler Willi Geitmann<\/p>\n\n\n\n<p><strong>Dorit Linke wird vertreten von der Agentur<\/strong><\/p>\n\n\n\n<h3 class=\"wp-block-heading\">Scripts For Sale<\/h3>\n\n\n\n<p>Elke Brand<br>040 \u2013 43 19 03 80<br>info(at)scriptsforsale.de<br><br><a href=\"https:\/\/dorit-linke.de\/wp-content\/uploads\/2025\/04\/Dorit-Linke-Scripts-For-Sales.pdf\" data-type=\"attachment\" data-id=\"7683\">Filmographie<\/a> <br><\/p>\n\n\n\n<figure class=\"wp-block-image size-large is-resized\"><a href=\"https:\/\/dorit-linke.de\/wp-content\/uploads\/2025\/04\/film.jpg\"><img loading=\"lazy\" decoding=\"async\" width=\"1024\" height=\"866\" src=\"https:\/\/dorit-linke.de\/wp-content\/uploads\/2025\/04\/film-1024x866.jpg\" alt=\"\" class=\"wp-image-7699\" style=\"width:338px;height:auto\" srcset=\"https:\/\/dorit-linke.de\/wp-content\/uploads\/2025\/04\/film-1024x866.jpg 1024w, https:\/\/dorit-linke.de\/wp-content\/uploads\/2025\/04\/film-300x254.jpg 300w, https:\/\/dorit-linke.de\/wp-content\/uploads\/2025\/04\/film-768x650.jpg 768w, https:\/\/dorit-linke.de\/wp-content\/uploads\/2025\/04\/film.jpg 1440w\" sizes=\"auto, (max-width: 1024px) 100vw, 1024px\" \/><\/a><\/figure>\n\n\n\n<p><br><\/p>\n","protected":false},"excerpt":{"rendered":"<p>2026 &#8211; DER SOUND DES SOMMERS Kinospielfilm, in EntwicklungT\u00e4tigkeit im Filmprojekt als Dramaturgin, gef\u00f6rdert vom FFF Bayern Drehbuch: Kristina Magdalena&hellip;<\/p>\n","protected":false},"author":1,"featured_media":0,"parent":0,"menu_order":0,"comment_status":"closed","ping_status":"closed","template":"","meta":{"_monsterinsights_skip_tracking":false,"_monsterinsights_sitenote_active":false,"_monsterinsights_sitenote_note":"","_monsterinsights_sitenote_category":0,"footnotes":""},"class_list":["post-2509","page","type-page","status-publish","hentry"],"_links":{"self":[{"href":"https:\/\/dorit-linke.de\/en\/wp-json\/wp\/v2\/pages\/2509","targetHints":{"allow":["GET"]}}],"collection":[{"href":"https:\/\/dorit-linke.de\/en\/wp-json\/wp\/v2\/pages"}],"about":[{"href":"https:\/\/dorit-linke.de\/en\/wp-json\/wp\/v2\/types\/page"}],"author":[{"embeddable":true,"href":"https:\/\/dorit-linke.de\/en\/wp-json\/wp\/v2\/users\/1"}],"replies":[{"embeddable":true,"href":"https:\/\/dorit-linke.de\/en\/wp-json\/wp\/v2\/comments?post=2509"}],"version-history":[{"count":13,"href":"https:\/\/dorit-linke.de\/en\/wp-json\/wp\/v2\/pages\/2509\/revisions"}],"predecessor-version":[{"id":7941,"href":"https:\/\/dorit-linke.de\/en\/wp-json\/wp\/v2\/pages\/2509\/revisions\/7941"}],"wp:attachment":[{"href":"https:\/\/dorit-linke.de\/en\/wp-json\/wp\/v2\/media?parent=2509"}],"curies":[{"name":"wp","href":"https:\/\/api.w.org\/{rel}","templated":true}]}}