{"id":2521,"date":"2019-06-30T12:13:06","date_gmt":"2019-06-30T11:13:06","guid":{"rendered":"https:\/\/dorit-linke.de\/newsletter\/"},"modified":"2024-11-08T15:37:17","modified_gmt":"2024-11-08T14:37:17","slug":"newsletter","status":"publish","type":"page","link":"https:\/\/dorit-linke.de\/en\/newsletter\/","title":{"rendered":"Newsletter"},"content":{"rendered":"\n<p class=\"has-white-background-color has-background\"><strong>Danke, dass Sie hier sind.<\/strong><br><br>Bitte tragen Sie hier Ihren Namen und Ihre Mailadresse ein. Sie erhalten im Anschluss eine Mail, \u00fcber die Sie den regelm\u00e4\u00dfigen Erhalt meines Newsletters best\u00e4tigen k\u00f6nnen.<\/p>\n\n\n\n<p class=\"has-text-align-left\"><p><div class=\"tnp tnp-subscription \">\n<form method=\"post\" action=\"https:\/\/dorit-linke.de\/wp-admin\/admin-ajax.php?action=tnp&amp;na=s\">\n<input type=\"hidden\" name=\"nlang\" value=\"\">\n<div class=\"tnp-field tnp-field-firstname\"><label for=\"tnp-1\">Vorname oder ganzer Name<\/label>\n<input class=\"tnp-name\" type=\"text\" name=\"nn\" id=\"tnp-1\" value=\"\" placeholder=\"\"><\/div>\n<div class=\"tnp-field tnp-field-email\"><label for=\"tnp-2\">Email<\/label>\n<input class=\"tnp-email\" type=\"email\" name=\"ne\" id=\"tnp-2\" value=\"\" placeholder=\"\" required><\/div>\n<div class=\"tnp-field tnp-privacy-field\"><label><input type=\"checkbox\" name=\"ny\" required class=\"tnp-privacy\"> Sie erhalten eine Mail, um den Vorgang zu best\u00e4tigen. Indem Sie fortfahren, akzeptieren Sie unsere Datenschutzerkl\u00e4rung.<\/label><\/div><div class=\"tnp-field tnp-field-button\" style=\"text-align: left\"><input class=\"tnp-submit\" type=\"submit\" value=\"Abonnieren\" style=\"\">\n<\/div>\n<\/form>\n<\/div>\n<\/p><\/p>\n","protected":false},"excerpt":{"rendered":"<p>Danke, dass Sie hier sind. Bitte tragen Sie hier Ihren Namen und Ihre Mailadresse ein. Sie erhalten im Anschluss eine&hellip;<\/p>\n","protected":false},"author":1,"featured_media":0,"parent":0,"menu_order":0,"comment_status":"closed","ping_status":"closed","template":"","meta":{"_monsterinsights_skip_tracking":false,"_monsterinsights_sitenote_active":false,"_monsterinsights_sitenote_note":"","_monsterinsights_sitenote_category":0,"footnotes":""},"class_list":["post-2521","page","type-page","status-publish","hentry"],"_links":{"self":[{"href":"https:\/\/dorit-linke.de\/en\/wp-json\/wp\/v2\/pages\/2521","targetHints":{"allow":["GET"]}}],"collection":[{"href":"https:\/\/dorit-linke.de\/en\/wp-json\/wp\/v2\/pages"}],"about":[{"href":"https:\/\/dorit-linke.de\/en\/wp-json\/wp\/v2\/types\/page"}],"author":[{"embeddable":true,"href":"https:\/\/dorit-linke.de\/en\/wp-json\/wp\/v2\/users\/1"}],"replies":[{"embeddable":true,"href":"https:\/\/dorit-linke.de\/en\/wp-json\/wp\/v2\/comments?post=2521"}],"version-history":[{"count":7,"href":"https:\/\/dorit-linke.de\/en\/wp-json\/wp\/v2\/pages\/2521\/revisions"}],"predecessor-version":[{"id":7337,"href":"https:\/\/dorit-linke.de\/en\/wp-json\/wp\/v2\/pages\/2521\/revisions\/7337"}],"wp:attachment":[{"href":"https:\/\/dorit-linke.de\/en\/wp-json\/wp\/v2\/media?parent=2521"}],"curies":[{"name":"wp","href":"https:\/\/api.w.org\/{rel}","templated":true}]}}