{"id":2836,"date":"2019-08-29T06:06:27","date_gmt":"2019-08-29T05:06:27","guid":{"rendered":"https:\/\/dorit-linke.de\/?page_id=2836"},"modified":"2022-05-26T21:17:50","modified_gmt":"2022-05-26T20:17:50","slug":"premierenlesung-im-august-2019","status":"publish","type":"page","link":"https:\/\/dorit-linke.de\/en\/premierenlesung-im-august-2019\/","title":{"rendered":"Premierenlesung im August 2019"},"content":{"rendered":"\n<p>Am 28. August fanden sich mehrere Klassen aus Tempelhof im Literaturhaus Berlin zur Premierenlesung aus &#8220;Wir sehen uns im Westen&#8221; ein  &#8211; und das bei \u00fcber 30 Grad im Schatten!<\/p>\n\n\n\n<figure class=\"wp-block-image\"><img loading=\"lazy\" decoding=\"async\" width=\"1024\" height=\"520\" src=\"https:\/\/dorit-linke.de\/wp-content\/uploads\/2019\/08\/IMG_20190828_112958-1024x520.jpg\" alt=\"\" class=\"wp-image-2809\"\/><figcaption>&#8220;Wir sehen uns im Westen&#8221;<br> von Dorit Linke, erschienen im Carlsen Verlag<\/figcaption><\/figure>\n\n\n\n<p>Es war toll, in diesem sch\u00f6nen Haus zu lesen und das Interesse der Sch\u00fclerinnen und Sch\u00fcler am Zeitgeschehen zu erfahren. Wir sprachen \u00fcber die Teilung von Berlin, \u00fcber die &#8220;Geisterbahnh\u00f6fe&#8221;, \u00fcber Punks im Osten und \u00fcber die gute Entscheidung mancher Menschen, in der Nacht vom 9. November 1989 wach geblieben und auf die Stra\u00dfe gegangen zu sein. <\/p>\n\n\n\n<figure class=\"wp-block-image\"><img loading=\"lazy\" decoding=\"async\" width=\"1024\" height=\"578\" src=\"https:\/\/dorit-linke.de\/wp-content\/uploads\/2019\/08\/7Unbenannt-1024x578.png\" alt=\"\" class=\"wp-image-2796\" srcset=\"https:\/\/dorit-linke.de\/wp-content\/uploads\/2019\/08\/7Unbenannt-1024x578.png 1024w, https:\/\/dorit-linke.de\/wp-content\/uploads\/2019\/08\/7Unbenannt-300x169.png 300w, https:\/\/dorit-linke.de\/wp-content\/uploads\/2019\/08\/7Unbenannt-768x433.png 768w, https:\/\/dorit-linke.de\/wp-content\/uploads\/2019\/08\/7Unbenannt-900x508.png 900w, https:\/\/dorit-linke.de\/wp-content\/uploads\/2019\/08\/7Unbenannt.png 1120w\" sizes=\"auto, (max-width: 1024px) 100vw, 1024px\" \/><\/figure>\n\n\n\n<p>Stefanie Ericke-Keidtel vom Jungen Literaturhaus hat die Veranstaltung organisiert und einen wunderbaren Rahmen daf\u00fcr bereitet; die Autorin und Journalistin Kathrin K\u00f6ller moderierte die Lesung und f\u00fchrte die Jugendlichen in die Thematik ein. Wir alle erlebten einen spannenden und lebendigen Vormittag, sprachen \u00fcber den Mauerfall und dar\u00fcber, wie ihn die Menschen erlebt hatten.<\/p>\n\n\n\n<figure class=\"wp-block-embed is-type-video is-provider-youtube wp-block-embed-youtube wp-embed-aspect-16-9 wp-has-aspect-ratio\"><div class=\"wp-block-embed__wrapper\">\n<iframe loading=\"lazy\" title=\"Wir sehen uns im Westen -  Jugendroman f\u00fcr Schulklassen von Dorit Linke\" width=\"1140\" height=\"641\" src=\"https:\/\/www.youtube.com\/embed\/r6oY_06aJ8g?feature=oembed\" frameborder=\"0\" allow=\"accelerometer; autoplay; clipboard-write; encrypted-media; gyroscope; picture-in-picture\" allowfullscreen><\/iframe>\n<\/div><\/figure>\n\n\n\n<h4 class=\"wp-block-heading\">Neugierig auf das Buch? Na dann: <a rel=\"noreferrer noopener\" aria-label=\"hier klicken (\u00f6ffnet in neuem Tab)\" href=\"https:\/\/www.carlsen.de\/taschenbuch\/carlsen-clips-wir-sehen-uns-im-westen\/101686\" target=\"_blank\">hier klicken<\/a><\/h4>\n\n\n\n<figure class=\"wp-block-image is-resized\"><img loading=\"lazy\" decoding=\"async\" src=\"https:\/\/dorit-linke.de\/wp-content\/uploads\/2019\/08\/20190828_092717-576x1024.jpg\" alt=\"\" class=\"wp-image-2799\" width=\"624\" height=\"1109\" srcset=\"https:\/\/dorit-linke.de\/wp-content\/uploads\/2019\/08\/20190828_092717-576x1024.jpg 576w, https:\/\/dorit-linke.de\/wp-content\/uploads\/2019\/08\/20190828_092717-169x300.jpg 169w, https:\/\/dorit-linke.de\/wp-content\/uploads\/2019\/08\/20190828_092717-768x1365.jpg 768w, https:\/\/dorit-linke.de\/wp-content\/uploads\/2019\/08\/20190828_092717-900x1599.jpg 900w, https:\/\/dorit-linke.de\/wp-content\/uploads\/2019\/08\/20190828_092717-1280x2275.jpg 1280w, https:\/\/dorit-linke.de\/wp-content\/uploads\/2019\/08\/20190828_092717.jpg 1301w\" sizes=\"auto, (max-width: 624px) 100vw, 624px\" \/><\/figure>\n\n\n\n<figure class=\"wp-block-image is-resized\"><img loading=\"lazy\" decoding=\"async\" src=\"https:\/\/dorit-linke.de\/wp-content\/uploads\/2019\/08\/2Unbenannt.png\" alt=\"\" class=\"wp-image-2794\" width=\"625\" height=\"353\" srcset=\"https:\/\/dorit-linke.de\/wp-content\/uploads\/2019\/08\/2Unbenannt.png 784w, https:\/\/dorit-linke.de\/wp-content\/uploads\/2019\/08\/2Unbenannt-300x170.png 300w, https:\/\/dorit-linke.de\/wp-content\/uploads\/2019\/08\/2Unbenannt-768x434.png 768w\" sizes=\"auto, (max-width: 625px) 100vw, 625px\" \/><\/figure>\n\n\n\n<p>Und wie ging die ganze Sache aus? Mein Bruder Bert, der extra zur Premierenlesung von Stralsund nach Berlin gekommen ist, hat auf dem R\u00fcckweg spontan ein paar Hiker mitgenommen und diese nach Szczecin  gefahren. Es gibt sie, die guten Menschen. <\/p>\n\n\n\n<p>Wir sehen uns also im Osten, Bruderherz. Am Ende dann doch, denn da geh\u00f6ren wir hin.<\/p>\n\n\n\n<figure class=\"wp-block-image is-resized\"><img loading=\"lazy\" decoding=\"async\" src=\"https:\/\/dorit-linke.de\/wp-content\/uploads\/2019\/08\/Unbenannt.png\" alt=\"\" class=\"wp-image-2810\" width=\"624\" height=\"832\" srcset=\"https:\/\/dorit-linke.de\/wp-content\/uploads\/2019\/08\/Unbenannt.png 615w, https:\/\/dorit-linke.de\/wp-content\/uploads\/2019\/08\/Unbenannt-225x300.png 225w\" sizes=\"auto, (max-width: 624px) 100vw, 624px\" \/><\/figure>\n\n\n\n<h2 class=\"wp-block-heading\">Interesse am Buch? Na dann: <a href=\"https:\/\/www.carlsen.de\/taschenbuch\/carlsen-clips-wir-sehen-uns-im-westen\/101686\" target=\"_blank\" rel=\"noreferrer noopener\" aria-label=\"hier klicken (\u00f6ffnet in neuem Tab)\">hier klicken<\/a><\/h2>\n\n\n\n<p><br><\/p>\n\n\n<p><!--EndFragment--><\/p>","protected":false},"excerpt":{"rendered":"<p>Am 28. August fanden sich mehrere Klassen aus Tempelhof im Literaturhaus Berlin zur Premierenlesung aus &#8220;Wir sehen uns im Westen&#8221;&hellip;<\/p>\n","protected":false},"author":1,"featured_media":0,"parent":0,"menu_order":0,"comment_status":"closed","ping_status":"closed","template":"","meta":{"_monsterinsights_skip_tracking":false,"_monsterinsights_sitenote_active":false,"_monsterinsights_sitenote_note":"","_monsterinsights_sitenote_category":0,"footnotes":""},"class_list":["post-2836","page","type-page","status-publish","hentry"],"_links":{"self":[{"href":"https:\/\/dorit-linke.de\/en\/wp-json\/wp\/v2\/pages\/2836","targetHints":{"allow":["GET"]}}],"collection":[{"href":"https:\/\/dorit-linke.de\/en\/wp-json\/wp\/v2\/pages"}],"about":[{"href":"https:\/\/dorit-linke.de\/en\/wp-json\/wp\/v2\/types\/page"}],"author":[{"embeddable":true,"href":"https:\/\/dorit-linke.de\/en\/wp-json\/wp\/v2\/users\/1"}],"replies":[{"embeddable":true,"href":"https:\/\/dorit-linke.de\/en\/wp-json\/wp\/v2\/comments?post=2836"}],"version-history":[{"count":6,"href":"https:\/\/dorit-linke.de\/en\/wp-json\/wp\/v2\/pages\/2836\/revisions"}],"predecessor-version":[{"id":5845,"href":"https:\/\/dorit-linke.de\/en\/wp-json\/wp\/v2\/pages\/2836\/revisions\/5845"}],"wp:attachment":[{"href":"https:\/\/dorit-linke.de\/en\/wp-json\/wp\/v2\/media?parent=2836"}],"curies":[{"name":"wp","href":"https:\/\/api.w.org\/{rel}","templated":true}]}}