{"id":2840,"date":"2019-08-29T06:10:02","date_gmt":"2019-08-29T05:10:02","guid":{"rendered":"https:\/\/dorit-linke.de\/?page_id=2840"},"modified":"2024-11-17T12:22:45","modified_gmt":"2024-11-17T11:22:45","slug":"wir-sehen-uns-im-westen-2","status":"publish","type":"page","link":"https:\/\/dorit-linke.de\/en\/wir-sehen-uns-im-westen-2\/","title":{"rendered":"Wir sehen uns im Westen"},"content":{"rendered":"\n<h3 class=\"wp-block-heading has-text-align-center has-background\" style=\"background-color:#eff2cd\"><strong>Ostberlin. Westberlin. <br>Zwei Verliebte, jeweils im anderen Teil der Stadt. <br>Und dann f\u00e4llt die Mauer. <\/strong><\/h3>\n\n\n<div class=\"wp-block-image\">\n<figure class=\"alignleft size-full is-resized\"><a href=\"https:\/\/dorit-linke.de\/wp-content\/uploads\/2022\/10\/Wir-sehen-uns-im-Westen-Cover-Kopie.jpg\"><img loading=\"lazy\" decoding=\"async\" width=\"426\" height=\"684\" src=\"https:\/\/dorit-linke.de\/wp-content\/uploads\/2022\/10\/Wir-sehen-uns-im-Westen-Cover-Kopie.jpg\" alt=\"Rezensionen Wir sehen uns im Westen\" class=\"wp-image-6376\" style=\"width:242px;height:388px\" srcset=\"https:\/\/dorit-linke.de\/wp-content\/uploads\/2022\/10\/Wir-sehen-uns-im-Westen-Cover-Kopie.jpg 426w, https:\/\/dorit-linke.de\/wp-content\/uploads\/2022\/10\/Wir-sehen-uns-im-Westen-Cover-Kopie-187x300.jpg 187w\" sizes=\"auto, (max-width: 426px) 100vw, 426px\" \/><\/a><\/figure>\n<\/div>\n\n\n<p><\/p>\n\n\n\n<h3 class=\"wp-block-heading\">Wir sehen uns im Westen<\/h3>\n\n\n\n<p class=\"has-medium-font-size\">Ostberlin im Fr\u00fchjahr 1988. Nina und Lutz sind verliebt und verbringen so viel Zeit wie m\u00f6glich miteinander. Sie wissen, dass ihre junge Liebe auf eine harte Probe gestellt werden kann, denn Ninas Eltern haben einen Ausreiseantrag aus der DDR gestellt. Tats\u00e4chlich muss Nina Ostberlin verlassen, ohne sich von Lutz verabschieden zu k\u00f6nnen. Und dann h\u00f6rt Lutz am 9. November 1989, dass die Grenze offen ist und macht sich in dieser einzigartigen Nacht auf den Weg zu Nina. Er lernt dabei die andere Seite seiner Heimatstadt Berlin kennen, die all die Jahre so nah und doch so fern war.<\/p>\n\n\n\n<p><\/p>\n\n\n\n<h3 class=\"wp-block-heading\">Lesen Sie hier einige ausgew\u00e4hlte Rezensionen<\/h3>\n\n\n<div class=\"wp-block-image\">\n<figure class=\"alignleft is-resized\"><img decoding=\"async\" src=\"https:\/\/dorit-linke.de\/wp-content\/uploads\/2019\/11\/Unbenannt-1.png\" alt=\"\" class=\"wp-image-3295\" style=\"width:215px;height:82px\"\/><\/figure>\n<\/div>\n\n\n<h3 class=\"wp-block-heading has-background\" style=\"background-color:#e1dddd\">Die <strong>S\u00fcddeutsche Zeitung <\/strong>am 4.11.2019 in der Rubrik <strong>\u201ePolitisches Kinder- und Jugendbuch<\/strong> zu \u201eWir sehen uns im Westen\u201c.<\/h3>\n\n\n\n<p class=\"has-white-background-color has-background has-medium-font-size\"><em><strong>\u201e\u2026 und es gelingt ihr, Zeitgeschichte authentisch und ungemein lebendig an ihre jungen Leserinnen und Leser zu vermitteln.\u201c Hilde Elisabeth Menzel<\/strong><\/em><\/p>\n\n\n\n<p class=\"has-white-background-color has-background has-small-font-size\"><strong>Vollst\u00e4ndige Rezension<\/strong><br><a rel=\"noreferrer noopener\" href=\"https:\/\/www.sueddeutsche.de\/kultur\/jugendbuch-treffpunkt-neptunbrunnen-1.4663897\" target=\"_blank\">Treffpunkt Neptunbrunnen, von Hilde Elisabeth Menzel, S\u00fcddeutsche Zeitung<\/a><\/p>\n\n\n\n<h3 class=\"wp-block-heading has-background\" style=\"background-color:#e1dddd\"><strong>Eselsohr, Fachzeitschrift f\u00fcr Kinder- und Jugendmedien, Oktober 2019<\/strong><\/h3>\n\n\n\n<p class=\"has-white-background-color has-background has-medium-font-size\"><em><strong>&#8220;Ein Text mit Suggestivkraft&#8221;<\/strong><\/em><\/p>\n\n\n\n<p class=\"has-white-background-color has-background has-medium-font-size\"><strong>Vollst\u00e4ndige Rezension<\/strong><br><a aria-label=\"Thema: 30 Jahre Mauerfall in der Kinder- und Jugendliteratur, von Heike Brillmann-Ede (\u00f6ffnet in neuem Tab)\" rel=\"noreferrer noopener\" href=\"https:\/\/dorit-linke.de\/wp-content\/uploads\/2020\/01\/Eselsohr-30-Jahre-Mauerfall-2.png\" target=\"_blank\">Thema: 30 Jahre Mauerfall in der Kinder- und Jugendliteratur, von Heike Brillmann-Ede<\/a><\/p>\n\n\n\n<p><\/p>\n\n\n\n<h3 class=\"wp-block-heading\">Wir sehen uns im Westen &#8211; Rezension von Saskia Geisler <\/h3>\n\n\n\n<p class=\"has-medium-font-size\">&#8220;Das Jubil\u00e4umsjahr 2019 sorgt daf\u00fcr, dass jeder Kinder- und  Jugendbuchverlag, der etwas auf sich h\u00e4lt ein \u201eWendebuch\u201c bringt &#8230; Es gibt aber nat\u00fcrlich auch Autor*innen, die sich jenseits von Trends sowieso schon mit dem Thema Ost- und Westdeutschland auseinandersetzen. Eine davon ist Dorit Linke, deren \u201eJenseits der blauen Grenze\u201c ich schon begeistert besprochen habe. Mit \u201eWir sehen uns im Westen\u201c hat sie nun ein kurzes und knappes Juwel zum 9. November 1989 geschaffen.&#8221;<\/p>\n\n\n\n<p class=\"has-medium-font-size\">&#8220;Klar, ein bisschen Drama ist bei dieser Liebesgeschichte auch dabei. \u2013  Aber eben nicht nur. Da ist Lutz, der nicht wei\u00df, ob er mit seinem lila  Irokesen nun eigentlich den westdeutschen Punkern \u00e4hnlicher ist, denen  er begegnet, oder nicht doch dem P\u00e4rchen aus Pankow, das mit ihm die  Grenze \u00fcberquert hat. Da ist Nina, die sich auf dem Dach ihres alten  Hauses in Ostberlin daran erinnert, wie frei sie sich als Kind hier immer gef\u00fchlt hat. <br><br>Dorit Linke gelingt es wie schon in \u201eJenseits der  blauen Grenze\u201c meisterhaft, das Unrechtsregime der DDR aufzuzeigen, die  Alltagsprobleme und -sorgen zu beschreiben und gleichzeitig eben nicht  alles schwarz-wei\u00df zu malen, sondern die Nuancen dazwischen sichtbar  werden zu lassen. Da sie selbst 1971 in Rostock geboren ist, kennt sie das Gef\u00fchl, als Jugendliche in der DDR zu leben und das ist den Texten  deutlich anzumerken. \u201eWir sehen uns im Westen\u201c ist ein knappes Buch, ja,  aber manchmal braucht es eben keine 300 Seiten, um eine rundum gute  Geschichte zu erz\u00e4hlen.&#8221; <\/p>\n\n\n\n<p class=\"has-medium-font-size\"><strong>Hier geht es zur vollst\u00e4ndigen <a aria-label=\" (\u00f6ffnet in neuem Tab)\" href=\"https:\/\/lies-geschichte.de\/wir-sehen-uns-im-westen\/\" target=\"_blank\" rel=\"noreferrer noopener\">Rezension<\/a>.<\/strong><\/p>\n\n\n\n<h3 class=\"wp-block-heading\">Wir sehen uns im Westen &#8211; Rezension von World for kids<\/h3>\n\n\n<div class=\"wp-block-image\">\n<figure class=\"alignright is-resized\"><img loading=\"lazy\" decoding=\"async\" width=\"929\" height=\"929\" src=\"https:\/\/dorit-linke.de\/wp-content\/uploads\/2019\/03\/Bornholmer.jpg\" alt=\"\" class=\"wp-image-2156\" style=\"width:128px;height:128px\" srcset=\"https:\/\/dorit-linke.de\/wp-content\/uploads\/2019\/03\/Bornholmer.jpg 929w, https:\/\/dorit-linke.de\/wp-content\/uploads\/2019\/03\/Bornholmer-150x150.jpg 150w, https:\/\/dorit-linke.de\/wp-content\/uploads\/2019\/03\/Bornholmer-300x300.jpg 300w, https:\/\/dorit-linke.de\/wp-content\/uploads\/2019\/03\/Bornholmer-768x768.jpg 768w\" sizes=\"auto, (max-width: 929px) 100vw, 929px\" \/><\/figure>\n<\/div>\n\n\n<p class=\"has-medium-font-size\">Das erste Buch f\u00fchrt euch gar nicht so weit zur\u00fcck \u2013 nur 30 Jahre.  Zur\u00fcck zur Nacht des Mauerfalls, wie feiern das Jubil\u00e4um in diesem Jahr.  Dorit Linke, die sich auch schon mit \u201eJenseits der blauen Grenze\u201c einen  Namen gemacht hat, hat in der Reihe Carlsen Clips eine Geschichte \u00fcber  genau diese Nacht geschrieben: Als die Mauer fiel und die Menschen  endlich von Ost nach West durften \u2013 aber auch von West nach Ost? Oder  kam man dann gar nicht wieder zur\u00fcck? <\/p>\n\n\n\n<p class=\"has-medium-font-size\">\u201eWir sehen uns um Westen\u201c  beschreibt diese eine unvergessliche Nacht, in der zwei Teenager  versuchen, zu ihrer gro\u00dfen Liebe zu gelangen, und dabei alle Grenzen  \u00fcberwinden. Das Buch schaut hinter die Fassaden, l\u00e4sst das Leben damals  aufblitzen, zeigt Licht und Schatten der getrennten Stadt. Ein schnelles  Buch in Tempo wie im Umfang, aber lange im Kopf und im Herzen.<\/p>\n\n\n\n<h3 class=\"wp-block-heading\">Eine Nacht, die alles ver\u00e4nderte<\/h3>\n\n\n\n<h3 class=\"wp-block-heading\">Janett Cernohuby&nbsp;zu Wir sehen uns im Westen<\/h3>\n\n\n\n<p class=\"has-medium-font-size\">\u201eAuf gerade einmal 104 Seiten bringt Dorit Linke gro\u00dfe Emotionen, Eindr\u00fccke und Erinnerungen unter. Ihr gelingt es, mit wenigen Worten einen kurzen, aber nachhallenden Abriss einer Epoche zu zeichnen. Ein St\u00fcck Zeitzeugnis zu schaffen, das uns diesem vergangenen Ereignis teilhaben l\u00e4sst. Das Buch ist packend und mit gro\u00dfen Gef\u00fchlen geschrieben. Man scheint alles hautnah mitzuerleben. Es ist ein besonderes Talent, so gro\u00dfe Emotionen mit so wenigen Worten ausdr\u00fccken zu k\u00f6nnen.\u201c<\/p>\n\n\n<div class=\"wp-block-image\">\n<figure class=\"alignright is-resized\"><img loading=\"lazy\" decoding=\"async\" width=\"1024\" height=\"631\" src=\"https:\/\/dorit-linke.de\/wp-content\/uploads\/2019\/08\/Platz-des-9.-November-1-1024x631.jpg\" alt=\"\" class=\"wp-image-2845\" style=\"width:249px;height:153px\" srcset=\"https:\/\/dorit-linke.de\/wp-content\/uploads\/2019\/08\/Platz-des-9.-November-1-1024x631.jpg 1024w, https:\/\/dorit-linke.de\/wp-content\/uploads\/2019\/08\/Platz-des-9.-November-1-300x185.jpg 300w, https:\/\/dorit-linke.de\/wp-content\/uploads\/2019\/08\/Platz-des-9.-November-1-768x473.jpg 768w, https:\/\/dorit-linke.de\/wp-content\/uploads\/2019\/08\/Platz-des-9.-November-1-900x554.jpg 900w, https:\/\/dorit-linke.de\/wp-content\/uploads\/2019\/08\/Platz-des-9.-November-1-1280x788.jpg 1280w, https:\/\/dorit-linke.de\/wp-content\/uploads\/2019\/08\/Platz-des-9.-November-1.jpg 1750w\" sizes=\"auto, (max-width: 1024px) 100vw, 1024px\" \/><\/figure>\n<\/div>\n\n\n<p class=\"has-medium-font-size\">\u201eDorit Linke nimmt uns in ihrem Buch mit auf eine Zeitreise zur\u00fcck zu einem denkw\u00fcrdigen Ereignis:&nbsp; zum 9. November 1989. Ein Datum, das vielen Menschen in Erinnerung bleibt und welches ihr Leben massiv ver\u00e4ndern sollte. Denn an jenem 9. November wurde die so streng bewachte Grenze zwischen den beiden deutschen L\u00e4ndern ge\u00f6ffnet. Wie hat sich das damals angef\u00fchlt? Was ging in den K\u00f6pfen der Menschen vor? In den K\u00f6pfen jener Menschen, die in Berlin an der Bornholmer Stra\u00dfe standen und jenen, die zuhause vor dem Fernseher sa\u00dfen?\u201c<\/p>\n\n\n\n<p class=\"has-medium-font-size\"><strong>Hier geht es zur vollst\u00e4ndigen <\/strong><a href=\"https:\/\/www.janetts-meinung.de\/kinder-und-jugendbuecher\/wir-sehen-uns-im-westen\" target=\"_blank\" rel=\"noreferrer noopener\"><strong>Rezension<\/strong><\/a><strong>.<\/strong><\/p>\n\n\n\n<p><\/p>\n","protected":false},"excerpt":{"rendered":"<p>Ostberlin. Westberlin. Zwei Verliebte, jeweils im anderen Teil der Stadt. Und dann f\u00e4llt die Mauer. Wir sehen uns im Westen&hellip;<\/p>\n","protected":false},"author":1,"featured_media":0,"parent":0,"menu_order":0,"comment_status":"closed","ping_status":"closed","template":"","meta":{"_monsterinsights_skip_tracking":false,"_monsterinsights_sitenote_active":false,"_monsterinsights_sitenote_note":"","_monsterinsights_sitenote_category":0,"footnotes":""},"class_list":["post-2840","page","type-page","status-publish","hentry"],"_links":{"self":[{"href":"https:\/\/dorit-linke.de\/en\/wp-json\/wp\/v2\/pages\/2840","targetHints":{"allow":["GET"]}}],"collection":[{"href":"https:\/\/dorit-linke.de\/en\/wp-json\/wp\/v2\/pages"}],"about":[{"href":"https:\/\/dorit-linke.de\/en\/wp-json\/wp\/v2\/types\/page"}],"author":[{"embeddable":true,"href":"https:\/\/dorit-linke.de\/en\/wp-json\/wp\/v2\/users\/1"}],"replies":[{"embeddable":true,"href":"https:\/\/dorit-linke.de\/en\/wp-json\/wp\/v2\/comments?post=2840"}],"version-history":[{"count":29,"href":"https:\/\/dorit-linke.de\/en\/wp-json\/wp\/v2\/pages\/2840\/revisions"}],"predecessor-version":[{"id":7402,"href":"https:\/\/dorit-linke.de\/en\/wp-json\/wp\/v2\/pages\/2840\/revisions\/7402"}],"wp:attachment":[{"href":"https:\/\/dorit-linke.de\/en\/wp-json\/wp\/v2\/media?parent=2840"}],"curies":[{"name":"wp","href":"https:\/\/api.w.org\/{rel}","templated":true}]}}