{"id":2921,"date":"2019-09-08T10:20:13","date_gmt":"2019-09-08T09:20:13","guid":{"rendered":"https:\/\/dorit-linke.de\/?page_id=2921"},"modified":"2026-01-30T21:53:05","modified_gmt":"2026-01-30T20:53:05","slug":"schreibworkshops-zur-politischen-bildung","status":"publish","type":"page","link":"https:\/\/dorit-linke.de\/en\/schreibworkshops-zur-politischen-bildung\/","title":{"rendered":"Schreibworkshops zur Politischen Bildung"},"content":{"rendered":"\n<p id=\"block-5594e77c-8dfa-48f5-ac36-f1e73f9fedcc\">In den zur\u00fcckliegenden Jahren habe ich verschiedene Schreibworkshops zur Politischen Bildung entwickelt, angeregt durch meine Arbeit als Zeitzeugin und dank zahlreicher Inputs bei Lesungen und in Gespr\u00e4chen mit Sch\u00fcler:innen und Lehrer:innen.<br><br>\u00dcber Anfragen von Schulen, Institutionen und F\u00f6rdermittelgebenden freue ich mich sehr! \u00dcber das Formular am Ende dieser Seite k\u00f6nnen Sie mit mir in Kontakt treten.<\/p>\n\n\n\n<p>Hier geb\u00fcndelt eine \u00dcbersicht aller Schreibworkshops f\u00fcr die Politische Bildung, die ich f\u00fcr Schulklassen anbiete. <\/p>\n\n\n\n<figure class=\"wp-block-gallery has-nested-images columns-3 is-cropped wp-block-gallery-1 is-layout-flex wp-block-gallery-is-layout-flex\">\n<figure class=\"wp-block-image size-large\"><a href=\"https:\/\/dorit-linke.de\/wp-content\/uploads\/2025\/04\/Tyrannei.png\"><img loading=\"lazy\" decoding=\"async\" width=\"1024\" height=\"1024\" data-id=\"7787\" src=\"https:\/\/dorit-linke.de\/wp-content\/uploads\/2025\/04\/Tyrannei-1024x1024.png\" alt=\"\" class=\"wp-image-7787\" srcset=\"https:\/\/dorit-linke.de\/wp-content\/uploads\/2025\/04\/Tyrannei-1024x1024.png 1024w, https:\/\/dorit-linke.de\/wp-content\/uploads\/2025\/04\/Tyrannei-300x300.png 300w, https:\/\/dorit-linke.de\/wp-content\/uploads\/2025\/04\/Tyrannei-150x150.png 150w, https:\/\/dorit-linke.de\/wp-content\/uploads\/2025\/04\/Tyrannei-768x768.png 768w\" sizes=\"auto, (max-width: 1024px) 100vw, 1024px\" \/><\/a><\/figure>\n\n\n\n<figure class=\"wp-block-image size-large\"><a href=\"https:\/\/dorit-linke.de\/wp-content\/uploads\/2024\/04\/Ziele-der-Workshops-scaled.jpg\"><img loading=\"lazy\" decoding=\"async\" width=\"1024\" height=\"1024\" data-id=\"7234\" src=\"https:\/\/dorit-linke.de\/wp-content\/uploads\/2024\/04\/Ziele-der-Workshops-1024x1024.jpg\" alt=\"Politische Bildung Dorit Linke\" class=\"wp-image-7234\" srcset=\"https:\/\/dorit-linke.de\/wp-content\/uploads\/2024\/04\/Ziele-der-Workshops-1024x1024.jpg 1024w, https:\/\/dorit-linke.de\/wp-content\/uploads\/2024\/04\/Ziele-der-Workshops-300x300.jpg 300w, https:\/\/dorit-linke.de\/wp-content\/uploads\/2024\/04\/Ziele-der-Workshops-150x150.jpg 150w, https:\/\/dorit-linke.de\/wp-content\/uploads\/2024\/04\/Ziele-der-Workshops-768x768.jpg 768w, https:\/\/dorit-linke.de\/wp-content\/uploads\/2024\/04\/Ziele-der-Workshops-1536x1536.jpg 1536w, https:\/\/dorit-linke.de\/wp-content\/uploads\/2024\/04\/Ziele-der-Workshops-2048x2048.jpg 2048w\" sizes=\"auto, (max-width: 1024px) 100vw, 1024px\" \/><\/a><\/figure>\n\n\n\n<figure class=\"wp-block-image size-large\"><a href=\"https:\/\/dorit-linke.de\/wp-content\/uploads\/2025\/04\/Propaganda.png\"><img loading=\"lazy\" decoding=\"async\" width=\"1024\" height=\"1024\" data-id=\"7786\" src=\"https:\/\/dorit-linke.de\/wp-content\/uploads\/2025\/04\/Propaganda-1024x1024.png\" alt=\"\" class=\"wp-image-7786\" srcset=\"https:\/\/dorit-linke.de\/wp-content\/uploads\/2025\/04\/Propaganda-1024x1024.png 1024w, https:\/\/dorit-linke.de\/wp-content\/uploads\/2025\/04\/Propaganda-300x300.png 300w, https:\/\/dorit-linke.de\/wp-content\/uploads\/2025\/04\/Propaganda-150x150.png 150w, https:\/\/dorit-linke.de\/wp-content\/uploads\/2025\/04\/Propaganda-768x768.png 768w, https:\/\/dorit-linke.de\/wp-content\/uploads\/2025\/04\/Propaganda-1536x1536.png 1536w, https:\/\/dorit-linke.de\/wp-content\/uploads\/2025\/04\/Propaganda-2048x2048.png 2048w\" sizes=\"auto, (max-width: 1024px) 100vw, 1024px\" \/><\/a><\/figure>\n\n\n\n<figure class=\"wp-block-image size-large\"><a href=\"https:\/\/dorit-linke.de\/wp-content\/uploads\/2024\/04\/Jugend-in-der-DDR-scaled.jpg\"><img loading=\"lazy\" decoding=\"async\" width=\"1024\" height=\"1024\" data-id=\"7232\" src=\"https:\/\/dorit-linke.de\/wp-content\/uploads\/2024\/04\/Jugend-in-der-DDR-1024x1024.jpg\" alt=\"Politische Bildung Dorit Linke\" class=\"wp-image-7232\" srcset=\"https:\/\/dorit-linke.de\/wp-content\/uploads\/2024\/04\/Jugend-in-der-DDR-1024x1024.jpg 1024w, https:\/\/dorit-linke.de\/wp-content\/uploads\/2024\/04\/Jugend-in-der-DDR-300x300.jpg 300w, https:\/\/dorit-linke.de\/wp-content\/uploads\/2024\/04\/Jugend-in-der-DDR-150x150.jpg 150w, https:\/\/dorit-linke.de\/wp-content\/uploads\/2024\/04\/Jugend-in-der-DDR-768x768.jpg 768w, https:\/\/dorit-linke.de\/wp-content\/uploads\/2024\/04\/Jugend-in-der-DDR-1536x1536.jpg 1536w, https:\/\/dorit-linke.de\/wp-content\/uploads\/2024\/04\/Jugend-in-der-DDR-2048x2048.jpg 2048w\" sizes=\"auto, (max-width: 1024px) 100vw, 1024px\" \/><\/a><\/figure>\n\n\n\n<figure class=\"wp-block-image size-large\"><a href=\"https:\/\/dorit-linke.de\/wp-content\/uploads\/2023\/03\/6.jpg\"><img loading=\"lazy\" decoding=\"async\" width=\"1024\" height=\"1024\" data-id=\"6668\" src=\"https:\/\/dorit-linke.de\/wp-content\/uploads\/2023\/03\/6-1024x1024.jpg\" alt=\"\" class=\"wp-image-6668\" srcset=\"https:\/\/dorit-linke.de\/wp-content\/uploads\/2023\/03\/6-1024x1024.jpg 1024w, https:\/\/dorit-linke.de\/wp-content\/uploads\/2023\/03\/6-300x300.jpg 300w, https:\/\/dorit-linke.de\/wp-content\/uploads\/2023\/03\/6-150x150.jpg 150w, https:\/\/dorit-linke.de\/wp-content\/uploads\/2023\/03\/6-768x768.jpg 768w, https:\/\/dorit-linke.de\/wp-content\/uploads\/2023\/03\/6.jpg 1080w\" sizes=\"auto, (max-width: 1024px) 100vw, 1024px\" \/><\/a><\/figure>\n\n\n\n<figure class=\"wp-block-image size-large\"><a href=\"https:\/\/dorit-linke.de\/wp-content\/uploads\/2024\/04\/Workshop-Lichtenhagen-scaled.jpg\"><img loading=\"lazy\" decoding=\"async\" width=\"1024\" height=\"1024\" data-id=\"7235\" src=\"https:\/\/dorit-linke.de\/wp-content\/uploads\/2024\/04\/Workshop-Lichtenhagen-1024x1024.jpg\" alt=\"Politische Bildung Dorit Linke\" class=\"wp-image-7235\" srcset=\"https:\/\/dorit-linke.de\/wp-content\/uploads\/2024\/04\/Workshop-Lichtenhagen-1024x1024.jpg 1024w, https:\/\/dorit-linke.de\/wp-content\/uploads\/2024\/04\/Workshop-Lichtenhagen-300x300.jpg 300w, https:\/\/dorit-linke.de\/wp-content\/uploads\/2024\/04\/Workshop-Lichtenhagen-150x150.jpg 150w, https:\/\/dorit-linke.de\/wp-content\/uploads\/2024\/04\/Workshop-Lichtenhagen-768x768.jpg 768w, https:\/\/dorit-linke.de\/wp-content\/uploads\/2024\/04\/Workshop-Lichtenhagen-1536x1536.jpg 1536w, https:\/\/dorit-linke.de\/wp-content\/uploads\/2024\/04\/Workshop-Lichtenhagen-2048x2048.jpg 2048w\" sizes=\"auto, (max-width: 1024px) 100vw, 1024px\" \/><\/a><\/figure>\n<\/figure>\n\n\n\n<p><br><\/p>\n\n\n\n<h2 class=\"wp-block-heading has-cyan-bluish-gray-background-color has-background has-medium-font-size\" id=\"block-a26ed6d1-e542-415c-a759-0a8db4f94e48\">Schreibworkshop &#8220;Populismus&#8221;<\/h2>\n\n\n\n<p id=\"block-f05255dd-0be0-4613-bc35-35a7b8df99a1\"><strong><strong>F\u00fcr die Klassenstufen 9 bis 12<\/strong><\/strong><br>Krisenzeiten sind gute Zeiten f\u00fcr den Populismus, der die Gesellschaft spalten und bestehende Strukturen zerst\u00f6ren will. In praktischen Schreib\u00fcbungen und w\u00e4hrend der Erarbeitung kleiner Theaterszenen lernen die Sch\u00fcler:innen die Merkmale einer demagogischen Sprache kennen. Das Wissen um die Gefahren und das Erkennen der Zeichen ist wichtig, schlie\u00dflich lassen sich aus der Art der Sprache R\u00fcckschl\u00fcsse auf die Motivation der Sprechenden ziehen.<\/p>\n\n\n\n<p><a href=\"https:\/\/dorit-linke.de\/kreative-schreibwerkstatt-sprache-der-demokratie\/\" target=\"_blank\" rel=\"noreferrer noopener\">Weitere Informationen zum Workshop<\/a><\/p>\n\n\n\n<p id=\"block-6e5f9f6f-c2ff-422f-a2ec-36955be63c86\"><\/p>\n\n\n\n<h2 class=\"wp-block-heading has-cyan-bluish-gray-background-color has-background has-medium-font-size\" id=\"block-8f127bed-9969-40dd-92b5-4e61d60513ba\">Schreibworkshop &#8220;Lichtenhagen&#8221;<\/h2>\n\n\n\n<p><strong>F\u00fcr die Klassenstufen 9 bis 12<\/strong><br>Im August 1992 ereigneten sich in Rostock-Lichtenhagen an der Zentralen Aufnahmestelle f\u00fcr Asylbewerber (ZAst) und dem Wohnheim f\u00fcr ehemalige vietnamesische Vertragsarbeiter im \u201eSonnenblumenhaus\u201c die massivsten rassistisch sowie fremdenfeindlich motivierten Angriffe in Deutschland nach dem Zweiten Weltkrieg.<\/p>\n\n\n\n<p><a href=\"https:\/\/dorit-linke.de\/schreibwerkstatt-lichtenhagen\/\" target=\"_blank\" rel=\"noreferrer noopener\">Weitere Informationen zum Workshop<\/a><\/p>\n\n\n\n<h2 class=\"wp-block-heading has-cyan-bluish-gray-background-color has-background has-medium-font-size\" id=\"block-3b6217a9-d4a2-43e0-987a-ff60b52e214f\">Schreibworkshop &#8220;Der Tyrannei widerstehen&#8221;<\/h2>\n\n\n\n<p id=\"block-8cb6d566-a55c-441a-88c3-7b6f2868080c\"><strong><strong>F\u00fcr die Klassenstufen 8 bis 12<\/strong><\/strong><br>Teil meiner Schreibwerkstatt-Reihe zur politischen Bildung ist der Workshop \u201eDer Tyrannei widerstehen\u201c. Die Sch\u00fcler:innen erfahren dabei, wie eine Tyrannei entsteht und sich ausbreitet. In der Schreibwerkstatt lernen sie ganz konkret, mit welchen Mitteln, Handlungen oder Haltungen einer Tyrannei begegnet und diese bereits in ihren Anf\u00e4ngen verhindert werden k\u00f6nnte.<\/p>\n\n\n\n<p><a href=\"https:\/\/dorit-linke.de\/schreibwerkstatt-der-tyrannei-widerstehen\/\" target=\"_blank\" rel=\"noreferrer noopener\">Weitere Informationen zum Workshop<\/a><\/p>\n\n\n\n<h2 class=\"wp-block-heading has-cyan-bluish-gray-background-color has-background has-medium-font-size\" id=\"block-d3e69f27-c815-4c5d-ac01-ae5b60ad2b82\">Schreibworkshop &#8220;Kindheit und Jugend in der DDR&#8221;<\/h2>\n\n\n\n<p id=\"block-560189af-0bba-4fe6-ae40-82fafd5f1ae9\"><strong>F\u00fcr Sch\u00fcler:innen von der 7. bis zur 12. Klasse<\/strong><br>Wir begeben uns mitten hinein in das Erleben damaliger Heranwachsender und schreiben Texte \u2013 rebellische und angepasste. Dabei kommen die Sch\u00fcler:innen immer wieder auf die wichtige Frage zur\u00fcck: Wie h\u00e4tten sie selbst sich unter den damaligen Bedingungen verhalten?<br>Unter anderem lesen wir Originalbriefe von Jugendlichen aus den 80er Jahren und setzen uns mit dem damaligen System und den Anforderungen des Alltags auseinander.<\/p>\n\n\n\n<p><a href=\"https:\/\/dorit-linke.de\/schreibwerkstatt-kindheit-und-jugend-in-der-ddr\/\" target=\"_blank\" rel=\"noreferrer noopener\">Weitere Informationen zum Workshop<\/a><\/p>\n\n\n\n<figure class=\"wp-block-image size-large\"><a href=\"https:\/\/dorit-linke.de\/wp-content\/uploads\/2024\/05\/image.png\"><img loading=\"lazy\" decoding=\"async\" width=\"1024\" height=\"1024\" src=\"https:\/\/dorit-linke.de\/wp-content\/uploads\/2024\/05\/image-1024x1024.png\" alt=\"\" class=\"wp-image-7252\" srcset=\"https:\/\/dorit-linke.de\/wp-content\/uploads\/2024\/05\/image-1024x1024.png 1024w, https:\/\/dorit-linke.de\/wp-content\/uploads\/2024\/05\/image-300x300.png 300w, https:\/\/dorit-linke.de\/wp-content\/uploads\/2024\/05\/image-150x150.png 150w, https:\/\/dorit-linke.de\/wp-content\/uploads\/2024\/05\/image-768x768.png 768w, https:\/\/dorit-linke.de\/wp-content\/uploads\/2024\/05\/image-1536x1536.png 1536w, https:\/\/dorit-linke.de\/wp-content\/uploads\/2024\/05\/image.png 1620w\" sizes=\"auto, (max-width: 1024px) 100vw, 1024px\" \/><\/a><\/figure>\n\n\n\n<p id=\"block-c6b23c9a-aa9c-4c96-b240-df5b158759f2\"><\/p>\n\n\n\n<div class=\"wp-block-contact-form-7-contact-form-selector\">\n<div class=\"wpcf7 no-js\" id=\"wpcf7-f5951-o1\" lang=\"de-DE\" dir=\"ltr\" data-wpcf7-id=\"5951\">\n<div class=\"screen-reader-response\"><p role=\"status\" aria-live=\"polite\" aria-atomic=\"true\"><\/p> <ul><\/ul><\/div>\n<form action=\"\/en\/wp-json\/wp\/v2\/pages\/2921#wpcf7-f5951-o1\" method=\"post\" class=\"wpcf7-form init\" aria-label=\"Kontaktformular\" novalidate=\"novalidate\" data-status=\"init\">\n<fieldset class=\"hidden-fields-container\"><input type=\"hidden\" name=\"_wpcf7\" value=\"5951\" \/><input type=\"hidden\" name=\"_wpcf7_version\" value=\"6.1.4\" \/><input type=\"hidden\" name=\"_wpcf7_locale\" value=\"de_DE\" \/><input type=\"hidden\" name=\"_wpcf7_unit_tag\" value=\"wpcf7-f5951-o1\" \/><input type=\"hidden\" name=\"_wpcf7_container_post\" value=\"0\" \/><input type=\"hidden\" name=\"_wpcf7_posted_data_hash\" value=\"\" \/>\n<\/fieldset>\n<p>Ihr Name (Pflichtfeld)\n<\/p>\n<p><span class=\"wpcf7-form-control-wrap\" data-name=\"your-name\"><input size=\"40\" maxlength=\"400\" class=\"wpcf7-form-control wpcf7-text wpcf7-validates-as-required\" aria-required=\"true\" aria-invalid=\"false\" value=\"\" type=\"text\" name=\"your-name\" \/><\/span>\n<\/p>\n<p>Ihre E-Mail-Adresse (Pflichtfeld)\n<\/p>\n<p><span class=\"wpcf7-form-control-wrap\" data-name=\"your-email\"><input size=\"40\" maxlength=\"400\" class=\"wpcf7-form-control wpcf7-email wpcf7-validates-as-required wpcf7-text wpcf7-validates-as-email\" aria-required=\"true\" aria-invalid=\"false\" value=\"\" type=\"email\" name=\"your-email\" \/><\/span>\n<\/p>\n<p>Betreff (Pflichtfeld)\n<\/p>\n<p><span class=\"wpcf7-form-control-wrap\" data-name=\"your-subject\"><input size=\"40\" maxlength=\"400\" class=\"wpcf7-form-control wpcf7-text wpcf7-validates-as-required\" aria-required=\"true\" aria-invalid=\"false\" value=\"\" type=\"text\" name=\"your-subject\" \/><\/span>\n<\/p>\n<p>Ihre Nachricht (Pflichtfeld)\n<\/p>\n<p><span class=\"wpcf7-form-control-wrap\" data-name=\"your-message\"><textarea cols=\"40\" rows=\"10\" maxlength=\"2000\" class=\"wpcf7-form-control wpcf7-textarea wpcf7-validates-as-required\" aria-required=\"true\" aria-invalid=\"false\" name=\"your-message\"><\/textarea><\/span>\n<\/p>\n<p><label> Einwilligung<br \/>\nIch willige ein, dass von mir im Rahmen des Kontaktformulars eingegebene Daten gespeichert und zur Bearbeitung der Anfrage genutzt werden. Eine Weitergabe erfolgt nicht. Weitere Informationen erhalten Sie auf unserer Datenschutzerkl\u00e4rung.<br \/>\n<span class=\"wpcf7-form-control-wrap\" data-name=\"acceptance-329\"><span class=\"wpcf7-form-control wpcf7-acceptance\"><span class=\"wpcf7-list-item\"><input type=\"checkbox\" name=\"acceptance-329\" value=\"1\" aria-invalid=\"false\" \/><\/span><\/span><\/span><br \/>\n<span class=\"wpcf7-form-control-wrap kc_captcha\" data-name=\"kc_captcha\"><span class=\"wpcf7-form-control wpcf7-radio\"><span class=\"captcha-image\" ><span class=\"cf7ic_instructions\">Bitte beweise, dass du kein Spambot bist und w\u00e4hle das Symbol<span> Baum<\/span>.<\/span><label><input aria-label=\"1\" type=\"radio\" name=\"kc_captcha\" value=\"bot\" \/><svg aria-hidden=\"true\" role=\"img\" xmlns=\"http:\/\/www.w3.org\/2000\/svg\" viewBox=\"0 0 576 512\"><path fill=\"currentColor\" d=\"M488 313v143c0 13-11 24-24 24H348c-7 0-12-5-12-12V356c0-7-5-12-12-12h-72c-7 0-12 5-12 12v112c0 7-5 12-12 12H112c-13 0-24-11-24-24V313c0-4 2-7 4-10l188-154c5-4 11-4 16 0l188 154c2 3 4 6 4 10zm84-61l-84-69V44c0-6-5-12-12-12h-56c-7 0-12 6-12 12v73l-89-74a48 48 0 00-61 0L4 252c-5 4-5 12-1 17l25 31c5 5 12 5 17 1l235-193c5-4 11-4 16 0l235 193c5 5 13 4 17-1l25-31c4-6 4-13-1-17z\"\/><\/svg><\/label><label><input aria-label=\"2\" type=\"radio\" name=\"kc_captcha\" value=\"bot\" \/><svg aria-hidden=\"true\" role=\"img\" xmlns=\"http:\/\/www.w3.org\/2000\/svg\" viewBox=\"0 0 512 512\"><path fill=\"currentColor\" d=\"M350 99c-54 0-98-35-166-35-25 0-47 4-68 12a56 56 0 004-24C118 24 95 1 66 0a56 56 0 00-34 102v386c0 13 11 24 24 24h16c13 0 24-11 24-24v-94c28-12 64-23 114-23 54 0 98 35 166 35 48 0 86-16 122-41 9-6 14-15 14-26V96c0-23-24-39-45-29-35 16-77 32-117 32z\"\/><\/svg><\/label><label><input aria-label=\"3\" type=\"radio\" name=\"kc_captcha\" value=\"kc_human\" \/><svg aria-hidden=\"true\" role=\"img\" xmlns=\"http:\/\/www.w3.org\/2000\/svg\" viewBox=\"0 0 384 512\"><path fill=\"currentColor\" d=\"M377 375l-83-87h34c21 0 32-25 17-40l-82-88h33c21 0 32-25 18-40L210 8c-10-11-26-11-36 0L70 120c-14 15-3 40 18 40h33l-82 88c-15 15-4 40 17 40h34L7 375c-15 16-4 41 17 41h120c0 33-11 49-34 68-12 9-5 28 10 28h144c15 0 22-19 10-28-20-16-34-32-34-68h120c21 0 32-25 17-41z\"\/><\/svg><\/label>\r\n    <\/span>\r\n    <span style=\"display:none\">\r\n        <input type=\"text\" name=\"kc_honeypot\">\r\n    <\/span><\/span><\/span><br \/>\n<\/label>\n<\/p>\n<p><input class=\"wpcf7-form-control wpcf7-submit has-spinner\" type=\"submit\" value=\"Senden\" \/>\n<\/p><div class=\"wpcf7-response-output\" aria-hidden=\"true\"><\/div>\n<\/form>\n<\/div>\n<\/div>\n\n\n\n<h2 class=\"wp-block-heading\">Zu den Resultaten einer Schreibwerkstatt<\/h2>\n\n\n\n<p><a href=\"https:\/\/dorit-linke.de\/resultate-und-reaktionen\/\">Resultate Schreibworkshop<\/a><\/p>\n","protected":false},"excerpt":{"rendered":"<p>In den zur\u00fcckliegenden Jahren habe ich verschiedene Schreibworkshops zur Politischen Bildung entwickelt, angeregt durch meine Arbeit als Zeitzeugin und dank&hellip;<\/p>\n","protected":false},"author":1,"featured_media":0,"parent":0,"menu_order":0,"comment_status":"closed","ping_status":"closed","template":"","meta":{"_monsterinsights_skip_tracking":false,"_monsterinsights_sitenote_active":false,"_monsterinsights_sitenote_note":"","_monsterinsights_sitenote_category":0,"footnotes":""},"class_list":["post-2921","page","type-page","status-publish","hentry"],"_links":{"self":[{"href":"https:\/\/dorit-linke.de\/en\/wp-json\/wp\/v2\/pages\/2921","targetHints":{"allow":["GET"]}}],"collection":[{"href":"https:\/\/dorit-linke.de\/en\/wp-json\/wp\/v2\/pages"}],"about":[{"href":"https:\/\/dorit-linke.de\/en\/wp-json\/wp\/v2\/types\/page"}],"author":[{"embeddable":true,"href":"https:\/\/dorit-linke.de\/en\/wp-json\/wp\/v2\/users\/1"}],"replies":[{"embeddable":true,"href":"https:\/\/dorit-linke.de\/en\/wp-json\/wp\/v2\/comments?post=2921"}],"version-history":[{"count":124,"href":"https:\/\/dorit-linke.de\/en\/wp-json\/wp\/v2\/pages\/2921\/revisions"}],"predecessor-version":[{"id":7997,"href":"https:\/\/dorit-linke.de\/en\/wp-json\/wp\/v2\/pages\/2921\/revisions\/7997"}],"wp:attachment":[{"href":"https:\/\/dorit-linke.de\/en\/wp-json\/wp\/v2\/media?parent=2921"}],"curies":[{"name":"wp","href":"https:\/\/api.w.org\/{rel}","templated":true}]}}