{"id":3530,"date":"2020-02-28T06:14:04","date_gmt":"2020-02-28T05:14:04","guid":{"rendered":"https:\/\/dorit-linke.de\/?page_id=3530"},"modified":"2020-02-28T06:18:18","modified_gmt":"2020-02-28T05:18:18","slug":"im-zug","status":"publish","type":"page","link":"https:\/\/dorit-linke.de\/en\/im-zug\/","title":{"rendered":"Im Zug nach Berlin"},"content":{"rendered":"\n<p>Ich frage mich, was w\u00e4hrend einer Zugfahrt schlimmer ist: V\u00f6llig teilnahmslose und \u00fcber Stunden in Endger\u00e4te starrende Jugendliche oder w\u00fcrfelnde M\u00e4nner, die ihre W\u00fcrfel minutenlang und sehr sehr laut in einem Plastebecher durchsch\u00fctteln und dann schwungvoll auf den Tisch knallen lassen, an dem auch ich sitze. <br>Seit Stuttgart geht das schon so. Jetzt sind wir gleich in Leipzig. <br>Habe gerade gesagt: &#8220;Schade, dass Sie nicht Gott sind.&#8221; <br>Verst\u00e4ndnisloser Blick. <br>&#8220;Der w\u00fcrfelt nicht.&#8221; <br>Verst\u00e4ndnisloser Blick.<br>Humor ist auch so eine Sache.<\/p>\n","protected":false},"excerpt":{"rendered":"<p>Ich frage mich, was w\u00e4hrend einer Zugfahrt schlimmer ist: V\u00f6llig teilnahmslose und \u00fcber Stunden in Endger\u00e4te starrende Jugendliche oder w\u00fcrfelnde&hellip;<\/p>\n","protected":false},"author":1,"featured_media":0,"parent":0,"menu_order":0,"comment_status":"closed","ping_status":"closed","template":"","meta":{"_monsterinsights_skip_tracking":false,"_monsterinsights_sitenote_active":false,"_monsterinsights_sitenote_note":"","_monsterinsights_sitenote_category":0,"footnotes":""},"class_list":["post-3530","page","type-page","status-publish","hentry"],"_links":{"self":[{"href":"https:\/\/dorit-linke.de\/en\/wp-json\/wp\/v2\/pages\/3530","targetHints":{"allow":["GET"]}}],"collection":[{"href":"https:\/\/dorit-linke.de\/en\/wp-json\/wp\/v2\/pages"}],"about":[{"href":"https:\/\/dorit-linke.de\/en\/wp-json\/wp\/v2\/types\/page"}],"author":[{"embeddable":true,"href":"https:\/\/dorit-linke.de\/en\/wp-json\/wp\/v2\/users\/1"}],"replies":[{"embeddable":true,"href":"https:\/\/dorit-linke.de\/en\/wp-json\/wp\/v2\/comments?post=3530"}],"version-history":[{"count":3,"href":"https:\/\/dorit-linke.de\/en\/wp-json\/wp\/v2\/pages\/3530\/revisions"}],"predecessor-version":[{"id":3535,"href":"https:\/\/dorit-linke.de\/en\/wp-json\/wp\/v2\/pages\/3530\/revisions\/3535"}],"wp:attachment":[{"href":"https:\/\/dorit-linke.de\/en\/wp-json\/wp\/v2\/media?parent=3530"}],"curies":[{"name":"wp","href":"https:\/\/api.w.org\/{rel}","templated":true}]}}