{"id":359,"date":"2014-10-14T08:30:31","date_gmt":"2014-10-14T07:30:31","guid":{"rendered":"https:\/\/dorit-linke.de\/?page_id=359"},"modified":"2022-05-26T21:07:14","modified_gmt":"2022-05-26T20:07:14","slug":"kein-land-fuer-jugendliche","status":"publish","type":"page","link":"https:\/\/dorit-linke.de\/en\/kein-land-fuer-jugendliche\/","title":{"rendered":"Rezension: Kein Land f\u00fcr Jugendliche"},"content":{"rendered":"\n<p>Eine Rezension vom Eselsohr zu &#8220;Jenseits der blauen Grenze&#8221;:<\/p>\n\n\n\n<p>Bei Hanna und Andreas bleibt einem anf\u00e4nglich fast das Herz stehen, wenn man versteht, dass man sich nicht verlesen hat, sondern dass die beiden Jugendlichen tats\u00e4chlich nach akribischer Vorbereitung dabei sind, in die Ostsee zu steigen.<\/p>\n\n\n\n<p><br>&#8220;Jenseits der blauen Grenze&#8221; erz\u00e4hlt die Geschichte einer Flucht \u00fcber die Ostsee, nicht rei\u00dferisch, fast n\u00fcchtern und detailgenau. Wodurch einem das Unglaubliche des Vorhabens umso bewusster wird.<br>In R\u00fcckblenden erfahren wir von einem Leben in Rostock Ende der 1980er Jahre, in dem Drill, Gleichschaltung und Ungerechtigkeit an der Tagesordnung sind und Erwachsene als Identifikationsfiguren v\u00f6llig versagen. Langsam wird der Leser hineingezogen in eine Welt, in der jugendliches Aufbegehren so dramatische Folgen hatte, dass die Ostsee zu einer realen Hoffnung wurde.<br>Ein beeindruckender Erstlingsroman der ehemaligen Rettungsschwimmerin Dorit Linke.<\/p>\n","protected":false},"excerpt":{"rendered":"<p>Eine Rezension vom Eselsohr zu &#8220;Jenseits der blauen Grenze&#8221;: Bei Hanna und Andreas bleibt einem anf\u00e4nglich fast das Herz stehen,&hellip;<\/p>\n","protected":false},"author":1,"featured_media":0,"parent":0,"menu_order":0,"comment_status":"closed","ping_status":"closed","template":"","meta":{"_monsterinsights_skip_tracking":false,"_monsterinsights_sitenote_active":false,"_monsterinsights_sitenote_note":"","_monsterinsights_sitenote_category":0,"footnotes":""},"class_list":["post-359","page","type-page","status-publish","hentry"],"_links":{"self":[{"href":"https:\/\/dorit-linke.de\/en\/wp-json\/wp\/v2\/pages\/359","targetHints":{"allow":["GET"]}}],"collection":[{"href":"https:\/\/dorit-linke.de\/en\/wp-json\/wp\/v2\/pages"}],"about":[{"href":"https:\/\/dorit-linke.de\/en\/wp-json\/wp\/v2\/types\/page"}],"author":[{"embeddable":true,"href":"https:\/\/dorit-linke.de\/en\/wp-json\/wp\/v2\/users\/1"}],"replies":[{"embeddable":true,"href":"https:\/\/dorit-linke.de\/en\/wp-json\/wp\/v2\/comments?post=359"}],"version-history":[{"count":2,"href":"https:\/\/dorit-linke.de\/en\/wp-json\/wp\/v2\/pages\/359\/revisions"}],"predecessor-version":[{"id":5840,"href":"https:\/\/dorit-linke.de\/en\/wp-json\/wp\/v2\/pages\/359\/revisions\/5840"}],"wp:attachment":[{"href":"https:\/\/dorit-linke.de\/en\/wp-json\/wp\/v2\/media?parent=359"}],"curies":[{"name":"wp","href":"https:\/\/api.w.org\/{rel}","templated":true}]}}