{"id":4039,"date":"2020-10-19T18:38:09","date_gmt":"2020-10-19T17:38:09","guid":{"rendered":"https:\/\/dorit-linke.de\/?page_id=4039"},"modified":"2022-05-18T17:07:48","modified_gmt":"2022-05-18T16:07:48","slug":"beim-schottischen-arzt","status":"publish","type":"page","link":"https:\/\/dorit-linke.de\/en\/beim-schottischen-arzt\/","title":{"rendered":"Beim schottischen Arzt"},"content":{"rendered":"\n<p>Hab mich neulich (2010) beim Arzt registrieren lassen und musste auf einem Formular ankreuzen, woher ich komme. Folgendes stand zur Auswahl, in dieser Reihenfolge: scottish, welsh, irish, english, polish, other.<br><br>Au\u00dferdem gab es einen Fragenkatalog  zu den bisherigen Krankheiten meines Lebens. Lange Liste, die \u00dcbersetzung fiel schwer, ich hatte kein W\u00f6rterbuch dabei (ein internetf\u00e4higes Smartphone besa\u00df ich in diesen grauen Vorzeiten noch nicht) und fragte in regelm\u00e4\u00dfigen Abst\u00e4nden die Sprechstundenhilfe: &#8220;I don&#8217;t know what this is, is it possible that I&#8217;ve&nbsp;had it?&#8221; <br>Bei einem der W\u00f6rter fing die Dame sehr an zu lachen, kriegte sich gar nicht mehr ein, kicherte vor sich hin, zeigte auf mich und rief einer Kollegin etwas zu, diese lachte auch laut los, ein Patient kam vom Klo, schaute fragend in die Runde, ihm wurde das Geschehen berichtet, auch er lachte und hielt sich den Bauch. <\/p>\n\n\n\n<p>Inmitten all der fr\u00f6hlichen Heiterkeit, die ich nat\u00fcrlich nicht verstand, immerhin waren wir in einer Arztpraxis und es sa\u00dfen Leute mit Fieber, Schmerzen, Br\u00fcchen, Verb\u00e4nden und schlimmeren herum, sch\u00fcttelte die Dame den Kopf und t\u00e4tschelte m\u00fctterlich meine Hand: &#8220;No, my Love, you haven&#8217;t, because you would know!&#8221; <\/p>\n\n\n\n<p>Verwirrung. <br>Zuhause nahm ich den alten, gelben Langenscheidt zur Hand und schaute das Wort nach: stroke. Schlaganfall.<\/p>\n","protected":false},"excerpt":{"rendered":"<p>Hab mich neulich (2010) beim Arzt registrieren lassen und musste auf einem Formular ankreuzen, woher ich komme. Folgendes stand zur&hellip;<\/p>\n","protected":false},"author":1,"featured_media":0,"parent":0,"menu_order":0,"comment_status":"closed","ping_status":"closed","template":"","meta":{"_monsterinsights_skip_tracking":false,"_monsterinsights_sitenote_active":false,"_monsterinsights_sitenote_note":"","_monsterinsights_sitenote_category":0,"footnotes":""},"class_list":["post-4039","page","type-page","status-publish","hentry"],"_links":{"self":[{"href":"https:\/\/dorit-linke.de\/en\/wp-json\/wp\/v2\/pages\/4039","targetHints":{"allow":["GET"]}}],"collection":[{"href":"https:\/\/dorit-linke.de\/en\/wp-json\/wp\/v2\/pages"}],"about":[{"href":"https:\/\/dorit-linke.de\/en\/wp-json\/wp\/v2\/types\/page"}],"author":[{"embeddable":true,"href":"https:\/\/dorit-linke.de\/en\/wp-json\/wp\/v2\/users\/1"}],"replies":[{"embeddable":true,"href":"https:\/\/dorit-linke.de\/en\/wp-json\/wp\/v2\/comments?post=4039"}],"version-history":[{"count":16,"href":"https:\/\/dorit-linke.de\/en\/wp-json\/wp\/v2\/pages\/4039\/revisions"}],"predecessor-version":[{"id":5645,"href":"https:\/\/dorit-linke.de\/en\/wp-json\/wp\/v2\/pages\/4039\/revisions\/5645"}],"wp:attachment":[{"href":"https:\/\/dorit-linke.de\/en\/wp-json\/wp\/v2\/media?parent=4039"}],"curies":[{"name":"wp","href":"https:\/\/api.w.org\/{rel}","templated":true}]}}