{"id":4044,"date":"2020-10-19T19:01:26","date_gmt":"2020-10-19T18:01:26","guid":{"rendered":"https:\/\/dorit-linke.de\/?page_id=4044"},"modified":"2022-05-18T11:45:13","modified_gmt":"2022-05-18T10:45:13","slug":"red-or-white","status":"publish","type":"page","link":"https:\/\/dorit-linke.de\/en\/red-or-white\/","title":{"rendered":"Red or White?"},"content":{"rendered":"\n<p>Am F\u00e4hranleger auf der Isle of Arran. Ein Mann mit Rucksack steht rum und schaut Richtung Berge. Als ich an ihm vorbei will, spricht er mich an. <br>&#8220;Kann man hier wild zelten?&#8221; <br>Ein Deutscher! <br>&#8220;Ja&#8221;, sage ich, &#8220;jedoch nicht hier direkt, ist ein public place usw. Aber im Innern der Insel k\u00fcmmert das niemanden.&#8221; <br>&#8220;Ich will l\u00e4nger bleiben, ist ja so sch\u00f6n.&#8221;<br>&#8220;Ja ja, ist nett.&#8221;<br>&#8220;Ich muss mich n\u00e4mlich rar machen, die Polizei hat einen Preis auf meinen Kopf ausgesetzt.&#8221;<br>&#8220;Aha.&#8221;<br>&#8220;Es ist eine \u00fcble Geschichte.&#8221;<br> Ich bin sehr m\u00fcde und inzwischen auch ein wenig \u00fcbellaunig. &#8220;Klingt so.&#8221;<br>&#8220;Aber hier im Zelt werden die mich nicht finden.&#8221;<br>Vorausgesetzt, du erz\u00e4hlst es nicht allen.<br>&#8220;Damit geht nun ein Kindheitstraum in Erf\u00fcllung, ich wollte schon immer mal in Schottland zelten.&#8221; <br>&#8220;Ja, wunderbar.&#8221; (ich muss weiter zur F\u00e4hre)<br>&#8220;Und wer wei\u00df, was alles noch geschieht, vielleicht lerne ich hier ja jemanden nettes\u00a0kennen? Ich bin 54 Jahre alt.&#8221; <br>Blo\u00df weg jetzt. &#8220;Ja, sicher, hier rennen ja viele Touristen rum.&#8221; <br>&#8220;Obwohl ich keine guten Erfahrungen mit Frauen gemacht habe.&#8221;<br>&#8220;Tja.&#8221;<br>&#8220;Ich w\u00e4re n\u00e4mlich beinah mal gestorben.&#8221;<br>Und er nimmt seine M\u00fctze ab, zeigt auf eine lange Narbe: &#8220;Meine Exfrau hat versucht, mich mit einer Weinflasche zu erschlagen.&#8221;<br>&#8220;Rot oder wei\u00df?&#8221;<\/p>\n","protected":false},"excerpt":{"rendered":"<p>Am F\u00e4hranleger auf der Isle of Arran. Ein Mann mit Rucksack steht rum und schaut Richtung Berge. Als ich an&hellip;<\/p>\n","protected":false},"author":1,"featured_media":0,"parent":0,"menu_order":0,"comment_status":"closed","ping_status":"closed","template":"","meta":{"_monsterinsights_skip_tracking":false,"_monsterinsights_sitenote_active":false,"_monsterinsights_sitenote_note":"","_monsterinsights_sitenote_category":0,"footnotes":""},"class_list":["post-4044","page","type-page","status-publish","hentry"],"_links":{"self":[{"href":"https:\/\/dorit-linke.de\/en\/wp-json\/wp\/v2\/pages\/4044","targetHints":{"allow":["GET"]}}],"collection":[{"href":"https:\/\/dorit-linke.de\/en\/wp-json\/wp\/v2\/pages"}],"about":[{"href":"https:\/\/dorit-linke.de\/en\/wp-json\/wp\/v2\/types\/page"}],"author":[{"embeddable":true,"href":"https:\/\/dorit-linke.de\/en\/wp-json\/wp\/v2\/users\/1"}],"replies":[{"embeddable":true,"href":"https:\/\/dorit-linke.de\/en\/wp-json\/wp\/v2\/comments?post=4044"}],"version-history":[{"count":3,"href":"https:\/\/dorit-linke.de\/en\/wp-json\/wp\/v2\/pages\/4044\/revisions"}],"predecessor-version":[{"id":5430,"href":"https:\/\/dorit-linke.de\/en\/wp-json\/wp\/v2\/pages\/4044\/revisions\/5430"}],"wp:attachment":[{"href":"https:\/\/dorit-linke.de\/en\/wp-json\/wp\/v2\/media?parent=4044"}],"curies":[{"name":"wp","href":"https:\/\/api.w.org\/{rel}","templated":true}]}}