{"id":4048,"date":"2020-10-19T19:19:55","date_gmt":"2020-10-19T18:19:55","guid":{"rendered":"https:\/\/dorit-linke.de\/?page_id=4048"},"modified":"2022-05-18T11:48:47","modified_gmt":"2022-05-18T10:48:47","slug":"highlands","status":"publish","type":"page","link":"https:\/\/dorit-linke.de\/en\/highlands\/","title":{"rendered":"Highlands"},"content":{"rendered":"\n<p>Es ist Juni 2010, die Sonne steht hoch am Himmel. Abends wird es nicht richtig dunkel, seit Wochen kann ich nicht schlafen. Nicht nur ein bisschen nicht, ich schlafe gar nicht, f\u00fchle mich krank und ausgelaugt. Dementsprechend anstrengend ist der Job. <br>Als ich mich nachts mal wieder m\u00fcde hin und her schmei\u00dfe und gerade ein wenig weggenickt bin, kommt eine sms an. Eine gute und h\u00f6chstwahrscheinlich angetrunkene Freundin schreibt:  &#8220;My heart&#8217;s in the Highlands, my heart is not here, my heart&#8217;s in the Highlands a-chasing the deer &#8211; A-chasing the wild deer, and following the roe, my heart&#8217;s in the Highlands, wherever I go&#8221;. <br>Schlagartig bin ich unfassbar w\u00fctend. Als w\u00fcrde ich den schottischen Hausdichter nicht kennen! Als w\u00e4re ich nicht wegen dieses romantisierenden Quatsches ausgewandert! Das alles m\u00f6chte ich schreiben. Stattdessen tippe ich: danke. Und muss dann doch noch dr\u00fcber lachen.<\/p>\n\n\n\n<p><\/p>\n","protected":false},"excerpt":{"rendered":"<p>Es ist Juni 2010, die Sonne steht hoch am Himmel. Abends wird es nicht richtig dunkel, seit Wochen kann ich&hellip;<\/p>\n","protected":false},"author":1,"featured_media":0,"parent":0,"menu_order":0,"comment_status":"closed","ping_status":"closed","template":"","meta":{"_monsterinsights_skip_tracking":false,"_monsterinsights_sitenote_active":false,"_monsterinsights_sitenote_note":"","_monsterinsights_sitenote_category":0,"footnotes":""},"class_list":["post-4048","page","type-page","status-publish","hentry"],"_links":{"self":[{"href":"https:\/\/dorit-linke.de\/en\/wp-json\/wp\/v2\/pages\/4048","targetHints":{"allow":["GET"]}}],"collection":[{"href":"https:\/\/dorit-linke.de\/en\/wp-json\/wp\/v2\/pages"}],"about":[{"href":"https:\/\/dorit-linke.de\/en\/wp-json\/wp\/v2\/types\/page"}],"author":[{"embeddable":true,"href":"https:\/\/dorit-linke.de\/en\/wp-json\/wp\/v2\/users\/1"}],"replies":[{"embeddable":true,"href":"https:\/\/dorit-linke.de\/en\/wp-json\/wp\/v2\/comments?post=4048"}],"version-history":[{"count":5,"href":"https:\/\/dorit-linke.de\/en\/wp-json\/wp\/v2\/pages\/4048\/revisions"}],"predecessor-version":[{"id":5436,"href":"https:\/\/dorit-linke.de\/en\/wp-json\/wp\/v2\/pages\/4048\/revisions\/5436"}],"wp:attachment":[{"href":"https:\/\/dorit-linke.de\/en\/wp-json\/wp\/v2\/media?parent=4048"}],"curies":[{"name":"wp","href":"https:\/\/api.w.org\/{rel}","templated":true}]}}