{"id":4055,"date":"2020-10-21T19:09:18","date_gmt":"2020-10-21T18:09:18","guid":{"rendered":"https:\/\/dorit-linke.de\/?page_id=4055"},"modified":"2020-10-21T19:16:20","modified_gmt":"2020-10-21T18:16:20","slug":"morgens-um-8","status":"publish","type":"page","link":"https:\/\/dorit-linke.de\/en\/morgens-um-8\/","title":{"rendered":"Early in the morning"},"content":{"rendered":"\n<p>Neulich half ich einer \u00e4lteren Lady auf ihren Wunsch hin \u00fcber die stark befahrene Dumbarton Road. <br>Ich warnte sie: &#8220;I am from Germany!&#8221;, wollte damit auf meine Unsicherheit hinsichtlich der Rechtslinkssache hinweisen. <br>&#8220;Don&#8217;t worry&#8221;, rief sie, w\u00e4hrend ein Doppeldeckerbus an uns vorbei donnerte.<br>Beim lebensgef\u00e4hrlichen \u00dcberqueren der Stra\u00dfe erz\u00e4hlte sie mir von ihrer sechzehnj\u00e4hrigen Enkelin, die noch keinen Schulabschluss habe, daf\u00fcr aber schon schwanger sei. <br>&#8220;The other way around would be better&#8221;, br\u00fcllte ich, w\u00e4hrend uns\u00a0ein wild hupendes Taxi gerade so verfehlte. <br>&#8220;But not that easy&#8221;, schrie mir die Lady in Ohr. <br>Auf der anderen Stra\u00dfenseite verschwand sie dann im Pub, morgens um 8. <br>Das ist hier ganz normal.  <\/p>\n","protected":false},"excerpt":{"rendered":"<p>Neulich half ich einer \u00e4lteren Lady auf ihren Wunsch hin \u00fcber die stark befahrene Dumbarton Road. Ich warnte sie: &#8220;I&hellip;<\/p>\n","protected":false},"author":1,"featured_media":0,"parent":0,"menu_order":0,"comment_status":"closed","ping_status":"closed","template":"","meta":{"_monsterinsights_skip_tracking":false,"_monsterinsights_sitenote_active":false,"_monsterinsights_sitenote_note":"","_monsterinsights_sitenote_category":0,"footnotes":""},"class_list":["post-4055","page","type-page","status-publish","hentry"],"_links":{"self":[{"href":"https:\/\/dorit-linke.de\/en\/wp-json\/wp\/v2\/pages\/4055","targetHints":{"allow":["GET"]}}],"collection":[{"href":"https:\/\/dorit-linke.de\/en\/wp-json\/wp\/v2\/pages"}],"about":[{"href":"https:\/\/dorit-linke.de\/en\/wp-json\/wp\/v2\/types\/page"}],"author":[{"embeddable":true,"href":"https:\/\/dorit-linke.de\/en\/wp-json\/wp\/v2\/users\/1"}],"replies":[{"embeddable":true,"href":"https:\/\/dorit-linke.de\/en\/wp-json\/wp\/v2\/comments?post=4055"}],"version-history":[{"count":3,"href":"https:\/\/dorit-linke.de\/en\/wp-json\/wp\/v2\/pages\/4055\/revisions"}],"predecessor-version":[{"id":4060,"href":"https:\/\/dorit-linke.de\/en\/wp-json\/wp\/v2\/pages\/4055\/revisions\/4060"}],"wp:attachment":[{"href":"https:\/\/dorit-linke.de\/en\/wp-json\/wp\/v2\/media?parent=4055"}],"curies":[{"name":"wp","href":"https:\/\/api.w.org\/{rel}","templated":true}]}}