{"id":4061,"date":"2020-10-21T19:21:40","date_gmt":"2020-10-21T18:21:40","guid":{"rendered":"https:\/\/dorit-linke.de\/?page_id=4061"},"modified":"2022-10-25T14:03:46","modified_gmt":"2022-10-25T13:03:46","slug":"alcohol","status":"publish","type":"page","link":"https:\/\/dorit-linke.de\/en\/alcohol\/","title":{"rendered":"Alcohol"},"content":{"rendered":"\n<p>Ein stark angetrunkener Mann behauptet im Pub, die Schotten h\u00e4tten kein Alkoholproblem. Ich, zivilisiert angeschickert (so wie Oma nach 5 Schokoladenbechern Eierlik\u00f6r), erz\u00e4hle ihm von dem verd\u00e4chtigen Formular, das ich am Tag zuvor beim Arzt ausf\u00fcllen musste: <br><br>Wie oft trinken Sie Alkohol? Bitte kreuzen Sie an.&nbsp;<br> &#8211; Nie <br>&#8211; 2 bis 3 Mal die Woche <br>&#8211; 4 bis 6 Mal die Woche <br>&#8211; Jeden Tag <br><br>Wenn ja, wieviel? <br> &#8211; 1 Glas<br> &#8211; 2 bis 3&nbsp; <br> &#8211; 4 bis 8 (?) <br> &#8211; Mehr als 9 (??) <br><br>&#8220;Was h\u00e4ttest du denn angekreuzt&#8221;, frage ich den Schotten.<br>&#8220;Sorry, can&#8217;t remember.&#8221;<\/p>\n","protected":false},"excerpt":{"rendered":"<p>Ein stark angetrunkener Mann behauptet im Pub, die Schotten h\u00e4tten kein Alkoholproblem. Ich, zivilisiert angeschickert (so wie Oma nach 5&hellip;<\/p>\n","protected":false},"author":1,"featured_media":0,"parent":0,"menu_order":0,"comment_status":"closed","ping_status":"closed","template":"","meta":{"_monsterinsights_skip_tracking":false,"_monsterinsights_sitenote_active":false,"_monsterinsights_sitenote_note":"","_monsterinsights_sitenote_category":0,"footnotes":""},"class_list":["post-4061","page","type-page","status-publish","hentry"],"_links":{"self":[{"href":"https:\/\/dorit-linke.de\/en\/wp-json\/wp\/v2\/pages\/4061","targetHints":{"allow":["GET"]}}],"collection":[{"href":"https:\/\/dorit-linke.de\/en\/wp-json\/wp\/v2\/pages"}],"about":[{"href":"https:\/\/dorit-linke.de\/en\/wp-json\/wp\/v2\/types\/page"}],"author":[{"embeddable":true,"href":"https:\/\/dorit-linke.de\/en\/wp-json\/wp\/v2\/users\/1"}],"replies":[{"embeddable":true,"href":"https:\/\/dorit-linke.de\/en\/wp-json\/wp\/v2\/comments?post=4061"}],"version-history":[{"count":3,"href":"https:\/\/dorit-linke.de\/en\/wp-json\/wp\/v2\/pages\/4061\/revisions"}],"predecessor-version":[{"id":6196,"href":"https:\/\/dorit-linke.de\/en\/wp-json\/wp\/v2\/pages\/4061\/revisions\/6196"}],"wp:attachment":[{"href":"https:\/\/dorit-linke.de\/en\/wp-json\/wp\/v2\/media?parent=4061"}],"curies":[{"name":"wp","href":"https:\/\/api.w.org\/{rel}","templated":true}]}}