{"id":4067,"date":"2020-10-21T19:55:17","date_gmt":"2020-10-21T18:55:17","guid":{"rendered":"https:\/\/dorit-linke.de\/?page_id=4067"},"modified":"2022-10-29T17:53:31","modified_gmt":"2022-10-29T16:53:31","slug":"thermometer-mit-musik","status":"publish","type":"page","link":"https:\/\/dorit-linke.de\/en\/thermometer-mit-musik\/","title":{"rendered":"Thermometer mit Musik"},"content":{"rendered":"\n<p>Neulich wollte ich ein Fieberthermometer kaufen. <br>Es gab zwei zur Auswahl.<br>\u201eThis one is for 1 pound\u201c, sagte die Apothekerin und l\u00e4chelte freundlich. <br>Es sah aus wie ein ganz normales Thermometer.<br>\u201eAnd this one is for 25 Pounds.\u201c <br>Es sah aus wie ein ganz normales Thermometer. <br>Ich tat so, als w\u00fcrde ich ernsthaft dar\u00fcber nachdenken.<br>Auf dem Weg nachhause dachte ich \u00fcber die Preisspanne und m\u00f6gliche Zusatzfunktionen des anderen Thermometers nach. Ob es bei 42 Grad wohl automatisch einen Arzt ruft? <\/p>\n","protected":false},"excerpt":{"rendered":"<p>Neulich wollte ich ein Fieberthermometer kaufen. Es gab zwei zur Auswahl.\u201eThis one is for 1 pound\u201c, sagte die Apothekerin und&hellip;<\/p>\n","protected":false},"author":1,"featured_media":0,"parent":0,"menu_order":0,"comment_status":"closed","ping_status":"closed","template":"","meta":{"_monsterinsights_skip_tracking":false,"_monsterinsights_sitenote_active":false,"_monsterinsights_sitenote_note":"","_monsterinsights_sitenote_category":0,"footnotes":""},"class_list":["post-4067","page","type-page","status-publish","hentry"],"_links":{"self":[{"href":"https:\/\/dorit-linke.de\/en\/wp-json\/wp\/v2\/pages\/4067","targetHints":{"allow":["GET"]}}],"collection":[{"href":"https:\/\/dorit-linke.de\/en\/wp-json\/wp\/v2\/pages"}],"about":[{"href":"https:\/\/dorit-linke.de\/en\/wp-json\/wp\/v2\/types\/page"}],"author":[{"embeddable":true,"href":"https:\/\/dorit-linke.de\/en\/wp-json\/wp\/v2\/users\/1"}],"replies":[{"embeddable":true,"href":"https:\/\/dorit-linke.de\/en\/wp-json\/wp\/v2\/comments?post=4067"}],"version-history":[{"count":1,"href":"https:\/\/dorit-linke.de\/en\/wp-json\/wp\/v2\/pages\/4067\/revisions"}],"predecessor-version":[{"id":4069,"href":"https:\/\/dorit-linke.de\/en\/wp-json\/wp\/v2\/pages\/4067\/revisions\/4069"}],"wp:attachment":[{"href":"https:\/\/dorit-linke.de\/en\/wp-json\/wp\/v2\/media?parent=4067"}],"curies":[{"name":"wp","href":"https:\/\/api.w.org\/{rel}","templated":true}]}}