{"id":4423,"date":"2021-01-29T12:21:54","date_gmt":"2021-01-29T11:21:54","guid":{"rendered":"https:\/\/dorit-linke.de\/?page_id=4423"},"modified":"2022-10-29T17:48:20","modified_gmt":"2022-10-29T16:48:20","slug":"ein-fall-fuer-die-tierretter","status":"publish","type":"page","link":"https:\/\/dorit-linke.de\/en\/ein-fall-fuer-die-tierretter\/","title":{"rendered":"Ein Fall f\u00fcr die Tierretter"},"content":{"rendered":"\n<p class=\"has-background has-medium-font-size\" style=\"background-color:#bdedbf\"><strong>Das Buch &#8220;Ein Fall f\u00fcr die Tierretter&#8221;<\/strong> erz\u00e4hlt eine spannende und von <strong>Silvio Neuendorf<\/strong> klasse illustrierte <strong>Geschichte<\/strong>. Es geht um ein Tier, das vom <strong>Aussterben <\/strong>bedroht ist, in unseren Regionen vor allem aufgrund der Intensivlandwirtschaft. Setzt sich der Trend fort, wird es den <strong>Feldhamster <\/strong>bald nicht mehr geben.<\/p>\n\n\n\n<figure class=\"wp-block-image size-large\"><img loading=\"lazy\" decoding=\"async\" width=\"1024\" height=\"768\" src=\"https:\/\/dorit-linke.de\/wp-content\/uploads\/2021\/01\/Ein-Fall-fuer-die-Tierretter-3-1024x768.jpg\" alt=\"\" class=\"wp-image-4311\" srcset=\"https:\/\/dorit-linke.de\/wp-content\/uploads\/2021\/01\/Ein-Fall-fuer-die-Tierretter-3-1024x768.jpg 1024w, https:\/\/dorit-linke.de\/wp-content\/uploads\/2021\/01\/Ein-Fall-fuer-die-Tierretter-3-300x225.jpg 300w, https:\/\/dorit-linke.de\/wp-content\/uploads\/2021\/01\/Ein-Fall-fuer-die-Tierretter-3-768x576.jpg 768w, https:\/\/dorit-linke.de\/wp-content\/uploads\/2021\/01\/Ein-Fall-fuer-die-Tierretter-3-1536x1152.jpg 1536w, https:\/\/dorit-linke.de\/wp-content\/uploads\/2021\/01\/Ein-Fall-fuer-die-Tierretter-3-2048x1536.jpg 2048w, https:\/\/dorit-linke.de\/wp-content\/uploads\/2021\/01\/Ein-Fall-fuer-die-Tierretter-3-900x675.jpg 900w, https:\/\/dorit-linke.de\/wp-content\/uploads\/2021\/01\/Ein-Fall-fuer-die-Tierretter-3-1280x960.jpg 1280w\" sizes=\"auto, (max-width: 1024px) 100vw, 1024px\" \/><\/figure>\n\n\n\n<p class=\"has-background has-medium-font-size\" style=\"background-color:#bdedbf\">Erst Ende Dezember 2020 hat die <strong>Tierschutzorganisation<\/strong> <strong>WWF <\/strong>bekannt gegeben: <strong>&#8220;Der Feldhamster ist das Verlierer-Tier des Jahres 2020.&#8221; <\/strong><br><br>Das B\u00fcchlein soll den Kleinen nat\u00fcrlich in erster Linie Spa\u00df und Freude bereiten, aber eben auch ein <strong>Bewusstsein <\/strong>daf\u00fcr schaffen, welche Auswirkungen unsere <strong>Lebensweise <\/strong>auf <strong>andere Arten <\/strong>haben kann.<\/p>\n\n\n\n<h2 class=\"has-background has-medium-font-size wp-block-heading\" style=\"background-color:#bdedbf\">Ein Fall f\u00fcr die Tierretter &#8211; Erschienen im Loewe Verlag <\/h2>\n\n\n\n<figure class=\"wp-block-image size-large\"><img loading=\"lazy\" decoding=\"async\" width=\"757\" height=\"1024\" src=\"https:\/\/dorit-linke.de\/wp-content\/uploads\/2021\/01\/Zeichnung-757x1024.jpg\" alt=\"Ein Fall f\u00fcr die Tierretter\" class=\"wp-image-4428\" srcset=\"https:\/\/dorit-linke.de\/wp-content\/uploads\/2021\/01\/Zeichnung-757x1024.jpg 757w, https:\/\/dorit-linke.de\/wp-content\/uploads\/2021\/01\/Zeichnung-222x300.jpg 222w, https:\/\/dorit-linke.de\/wp-content\/uploads\/2021\/01\/Zeichnung-768x1039.jpg 768w, https:\/\/dorit-linke.de\/wp-content\/uploads\/2021\/01\/Zeichnung.jpg 874w\" sizes=\"auto, (max-width: 757px) 100vw, 757px\" \/><figcaption>&#8220;Ich habe das Buch gleich ganz durchgelesen, weil ich unbedingt wissen wollte, wie es ausgeht. Ich h\u00e4tte auch den Pool nicht mehr haben wollen, damit der kleine Hamster \u00fcberleben kann. Vorhin hat meine kleine Schwester den Hamsterbau und den Hamster abgezeichnet.&#8221;<br>Paula, 9 Jahre<\/figcaption><\/figure>\n\n\n\n<figure class=\"wp-block-image size-large\"><img loading=\"lazy\" decoding=\"async\" width=\"768\" height=\"1024\" src=\"https:\/\/dorit-linke.de\/wp-content\/uploads\/2021\/01\/Ein-Fall-fuer-die-Tierretter-5-768x1024.jpg\" alt=\"\" class=\"wp-image-4313\" srcset=\"https:\/\/dorit-linke.de\/wp-content\/uploads\/2021\/01\/Ein-Fall-fuer-die-Tierretter-5-768x1024.jpg 768w, https:\/\/dorit-linke.de\/wp-content\/uploads\/2021\/01\/Ein-Fall-fuer-die-Tierretter-5-225x300.jpg 225w, https:\/\/dorit-linke.de\/wp-content\/uploads\/2021\/01\/Ein-Fall-fuer-die-Tierretter-5-1152x1536.jpg 1152w, https:\/\/dorit-linke.de\/wp-content\/uploads\/2021\/01\/Ein-Fall-fuer-die-Tierretter-5-1536x2048.jpg 1536w, https:\/\/dorit-linke.de\/wp-content\/uploads\/2021\/01\/Ein-Fall-fuer-die-Tierretter-5-900x1200.jpg 900w, https:\/\/dorit-linke.de\/wp-content\/uploads\/2021\/01\/Ein-Fall-fuer-die-Tierretter-5-1280x1707.jpg 1280w, https:\/\/dorit-linke.de\/wp-content\/uploads\/2021\/01\/Ein-Fall-fuer-die-Tierretter-5-scaled.jpg 1920w\" sizes=\"auto, (max-width: 768px) 100vw, 768px\" \/><\/figure>\n\n\n\n<figure class=\"wp-block-image size-large\"><img loading=\"lazy\" decoding=\"async\" width=\"1024\" height=\"768\" src=\"https:\/\/dorit-linke.de\/wp-content\/uploads\/2021\/01\/Ein-Fall-fuer-die-Tierretter-1-1024x768.jpg\" alt=\"\" class=\"wp-image-4312\" srcset=\"https:\/\/dorit-linke.de\/wp-content\/uploads\/2021\/01\/Ein-Fall-fuer-die-Tierretter-1-1024x768.jpg 1024w, https:\/\/dorit-linke.de\/wp-content\/uploads\/2021\/01\/Ein-Fall-fuer-die-Tierretter-1-300x225.jpg 300w, https:\/\/dorit-linke.de\/wp-content\/uploads\/2021\/01\/Ein-Fall-fuer-die-Tierretter-1-768x576.jpg 768w, https:\/\/dorit-linke.de\/wp-content\/uploads\/2021\/01\/Ein-Fall-fuer-die-Tierretter-1-1536x1152.jpg 1536w, https:\/\/dorit-linke.de\/wp-content\/uploads\/2021\/01\/Ein-Fall-fuer-die-Tierretter-1-2048x1536.jpg 2048w, https:\/\/dorit-linke.de\/wp-content\/uploads\/2021\/01\/Ein-Fall-fuer-die-Tierretter-1-900x675.jpg 900w, https:\/\/dorit-linke.de\/wp-content\/uploads\/2021\/01\/Ein-Fall-fuer-die-Tierretter-1-1280x960.jpg 1280w\" sizes=\"auto, (max-width: 1024px) 100vw, 1024px\" \/><\/figure>\n\n\n\n<div class=\"wp-block-buttons is-content-justification-center is-layout-flex wp-container-core-buttons-is-layout-16018d1d wp-block-buttons-is-layout-flex\">\n<div class=\"wp-block-button\"><a class=\"wp-block-button__link\" href=\"https:\/\/www.loewe-verlag.de\/titel-0-0\/leseloewen_2_klasse_ein_fall_fuer_die_tierretter-9805\/\" target=\"_blank\" rel=\"noreferrer noopener\">Hier geht es zum Buch auf der Loewe-Homepage<\/a><\/div>\n<\/div>\n\n\n\n<h2 class=\"has-text-align-center wp-block-heading\">Ein Krimi f\u00fcr Kinder ab 10:<\/h2>\n\n\n\n<div class=\"wp-block-buttons is-content-justification-center is-layout-flex wp-container-core-buttons-is-layout-16018d1d wp-block-buttons-is-layout-flex\">\n<div class=\"wp-block-button\"><a class=\"wp-block-button__link\" href=\"https:\/\/dorit-linke.de\/pressestimmen-fett-kohle\/\" target=\"_blank\" rel=\"noreferrer noopener\">Fett Kohle<\/a><\/div>\n<\/div>\n","protected":false},"excerpt":{"rendered":"<p>Das Buch &#8220;Ein Fall f\u00fcr die Tierretter&#8221; erz\u00e4hlt eine spannende und von Silvio Neuendorf klasse illustrierte Geschichte. Es geht um&hellip;<\/p>\n","protected":false},"author":1,"featured_media":4431,"parent":0,"menu_order":0,"comment_status":"closed","ping_status":"closed","template":"","meta":{"_monsterinsights_skip_tracking":false,"_monsterinsights_sitenote_active":false,"_monsterinsights_sitenote_note":"","_monsterinsights_sitenote_category":0,"footnotes":""},"class_list":["post-4423","page","type-page","status-publish","has-post-thumbnail","hentry"],"_links":{"self":[{"href":"https:\/\/dorit-linke.de\/en\/wp-json\/wp\/v2\/pages\/4423","targetHints":{"allow":["GET"]}}],"collection":[{"href":"https:\/\/dorit-linke.de\/en\/wp-json\/wp\/v2\/pages"}],"about":[{"href":"https:\/\/dorit-linke.de\/en\/wp-json\/wp\/v2\/types\/page"}],"author":[{"embeddable":true,"href":"https:\/\/dorit-linke.de\/en\/wp-json\/wp\/v2\/users\/1"}],"replies":[{"embeddable":true,"href":"https:\/\/dorit-linke.de\/en\/wp-json\/wp\/v2\/comments?post=4423"}],"version-history":[{"count":16,"href":"https:\/\/dorit-linke.de\/en\/wp-json\/wp\/v2\/pages\/4423\/revisions"}],"predecessor-version":[{"id":6496,"href":"https:\/\/dorit-linke.de\/en\/wp-json\/wp\/v2\/pages\/4423\/revisions\/6496"}],"wp:featuredmedia":[{"embeddable":true,"href":"https:\/\/dorit-linke.de\/en\/wp-json\/wp\/v2\/media\/4431"}],"wp:attachment":[{"href":"https:\/\/dorit-linke.de\/en\/wp-json\/wp\/v2\/media?parent=4423"}],"curies":[{"name":"wp","href":"https:\/\/api.w.org\/{rel}","templated":true}]}}