{"id":49,"date":"2013-12-12T18:30:07","date_gmt":"2013-12-12T17:30:07","guid":{"rendered":"https:\/\/dorit-linke.de\/?page_id=49"},"modified":"2025-02-27T21:26:36","modified_gmt":"2025-02-27T20:26:36","slug":"aktuelle-lesungen","status":"publish","type":"page","link":"https:\/\/dorit-linke.de\/en\/aktuelle-lesungen\/","title":{"rendered":"Lesungen"},"content":{"rendered":"\n<p class=\"has-white-color has-text-color has-link-color wp-elements-7e4ac651328708ea719ac0894fa30934\">.<\/p>\n\n\n\n<p><\/p>\n\n\n\n<figure class=\"wp-block-gallery has-nested-images columns-6 is-cropped wp-block-gallery-1 is-layout-flex wp-block-gallery-is-layout-flex\">\n<figure class=\"wp-block-image size-large\"><a href=\"https:\/\/dorit-linke.de\/wp-content\/uploads\/2024\/12\/2-Out-now-Kopie.png\"><img loading=\"lazy\" decoding=\"async\" width=\"1024\" height=\"1024\" data-id=\"7489\" src=\"https:\/\/dorit-linke.de\/wp-content\/uploads\/2024\/12\/2-Out-now-Kopie-1024x1024.png\" alt=\"\" class=\"wp-image-7489\" srcset=\"https:\/\/dorit-linke.de\/wp-content\/uploads\/2024\/12\/2-Out-now-Kopie-1024x1024.png 1024w, https:\/\/dorit-linke.de\/wp-content\/uploads\/2024\/12\/2-Out-now-Kopie-300x300.png 300w, https:\/\/dorit-linke.de\/wp-content\/uploads\/2024\/12\/2-Out-now-Kopie-150x150.png 150w, https:\/\/dorit-linke.de\/wp-content\/uploads\/2024\/12\/2-Out-now-Kopie-768x768.png 768w, https:\/\/dorit-linke.de\/wp-content\/uploads\/2024\/12\/2-Out-now-Kopie-1536x1536.png 1536w, https:\/\/dorit-linke.de\/wp-content\/uploads\/2024\/12\/2-Out-now-Kopie.png 1755w\" sizes=\"auto, (max-width: 1024px) 100vw, 1024px\" \/><\/a><\/figure>\n\n\n\n<figure class=\"wp-block-image size-large\"><a href=\"https:\/\/dorit-linke.de\/wp-content\/uploads\/2014\/07\/51P3NbWsH-L._SX324_BO1204203200_.jpg\"><img loading=\"lazy\" decoding=\"async\" width=\"326\" height=\"499\" data-id=\"1366\" src=\"https:\/\/dorit-linke.de\/wp-content\/uploads\/2014\/07\/51P3NbWsH-L._SX324_BO1204203200_.jpg\" alt=\"\" class=\"wp-image-1366\" srcset=\"https:\/\/dorit-linke.de\/wp-content\/uploads\/2014\/07\/51P3NbWsH-L._SX324_BO1204203200_.jpg 326w, https:\/\/dorit-linke.de\/wp-content\/uploads\/2014\/07\/51P3NbWsH-L._SX324_BO1204203200_-196x300.jpg 196w\" sizes=\"auto, (max-width: 326px) 100vw, 326px\" \/><\/a><\/figure>\n\n\n\n<figure class=\"wp-block-image size-large\"><a href=\"https:\/\/dorit-linke.de\/wp-content\/uploads\/2022\/10\/Fett-Kohle-Taschenbuch-e1665742214662.jpg\"><img loading=\"lazy\" decoding=\"async\" width=\"150\" height=\"228\" data-id=\"6062\" src=\"https:\/\/dorit-linke.de\/wp-content\/uploads\/2022\/10\/Fett-Kohle-Taschenbuch-e1665742214662.jpg\" alt=\"Fett Kohle von Dorit Linke\" class=\"wp-image-6062\"\/><\/a><figcaption class=\"wp-element-caption\">Fett Kohle von Dorit Linke<\/figcaption><\/figure>\n\n\n\n<figure class=\"wp-block-image size-large\"><a href=\"https:\/\/dorit-linke.de\/wp-content\/uploads\/2022\/10\/Wir-sehen-uns-im-Westen-Cover-Kopie.jpg\"><img loading=\"lazy\" decoding=\"async\" width=\"426\" height=\"684\" data-id=\"6376\" src=\"https:\/\/dorit-linke.de\/wp-content\/uploads\/2022\/10\/Wir-sehen-uns-im-Westen-Cover-Kopie.jpg\" alt=\"\" class=\"wp-image-6376\" srcset=\"https:\/\/dorit-linke.de\/wp-content\/uploads\/2022\/10\/Wir-sehen-uns-im-Westen-Cover-Kopie.jpg 426w, https:\/\/dorit-linke.de\/wp-content\/uploads\/2022\/10\/Wir-sehen-uns-im-Westen-Cover-Kopie-187x300.jpg 187w\" sizes=\"auto, (max-width: 426px) 100vw, 426px\" \/><\/a><\/figure>\n\n\n\n<figure class=\"wp-block-image size-large\"><a href=\"https:\/\/dorit-linke.de\/wp-content\/uploads\/2022\/02\/Ein-Fall-fuer-die-Tierretter.jpg\"><img loading=\"lazy\" decoding=\"async\" width=\"464\" height=\"648\" data-id=\"5251\" src=\"https:\/\/dorit-linke.de\/wp-content\/uploads\/2022\/02\/Ein-Fall-fuer-die-Tierretter.jpg\" alt=\"\" class=\"wp-image-5251\" srcset=\"https:\/\/dorit-linke.de\/wp-content\/uploads\/2022\/02\/Ein-Fall-fuer-die-Tierretter.jpg 464w, https:\/\/dorit-linke.de\/wp-content\/uploads\/2022\/02\/Ein-Fall-fuer-die-Tierretter-215x300.jpg 215w\" sizes=\"auto, (max-width: 464px) 100vw, 464px\" \/><\/a><\/figure>\n\n\n\n<figure class=\"wp-block-image size-large\"><a href=\"https:\/\/dorit-linke.de\/wp-content\/uploads\/2021\/07\/Beyond-the-blue-Border-Dorit-Linke.jpg\"><img loading=\"lazy\" decoding=\"async\" width=\"1650\" height=\"2475\" data-id=\"5000\" src=\"https:\/\/dorit-linke.de\/wp-content\/uploads\/2021\/07\/Beyond-the-blue-Border-Dorit-Linke.jpg\" alt=\"\" class=\"wp-image-5000\" srcset=\"https:\/\/dorit-linke.de\/wp-content\/uploads\/2021\/07\/Beyond-the-blue-Border-Dorit-Linke.jpg 1650w, https:\/\/dorit-linke.de\/wp-content\/uploads\/2021\/07\/Beyond-the-blue-Border-Dorit-Linke-200x300.jpg 200w, https:\/\/dorit-linke.de\/wp-content\/uploads\/2021\/07\/Beyond-the-blue-Border-Dorit-Linke-683x1024.jpg 683w, https:\/\/dorit-linke.de\/wp-content\/uploads\/2021\/07\/Beyond-the-blue-Border-Dorit-Linke-768x1152.jpg 768w, https:\/\/dorit-linke.de\/wp-content\/uploads\/2021\/07\/Beyond-the-blue-Border-Dorit-Linke-1024x1536.jpg 1024w, https:\/\/dorit-linke.de\/wp-content\/uploads\/2021\/07\/Beyond-the-blue-Border-Dorit-Linke-1365x2048.jpg 1365w\" sizes=\"auto, (max-width: 1650px) 100vw, 1650px\" \/><\/a><\/figure>\n<\/figure>\n\n\n\n<p class=\"has-white-color has-text-color has-link-color wp-elements-7e4ac651328708ea719ac0894fa30934\">.<\/p>\n\n\n\n<p><strong>Zur Vereinbarung einer Lesung kontaktieren Sie mich bitte \u00fcber das Kontaktformular. <\/strong><br><strong>Neben Pr\u00e4senzlesungen biete ich au\u00dferdem interaktive Onlinelesungen an. <\/strong><\/p>\n\n\n\n<div class=\"wpcf7 no-js\" id=\"wpcf7-f98-o1\" lang=\"de-DE\" dir=\"ltr\" data-wpcf7-id=\"98\">\n<div class=\"screen-reader-response\"><p role=\"status\" aria-live=\"polite\" aria-atomic=\"true\"><\/p> <ul><\/ul><\/div>\n<form action=\"\/en\/wp-json\/wp\/v2\/pages\/49#wpcf7-f98-o1\" method=\"post\" class=\"wpcf7-form init\" aria-label=\"Kontaktformular\" novalidate=\"novalidate\" data-status=\"init\">\n<fieldset class=\"hidden-fields-container\"><input type=\"hidden\" name=\"_wpcf7\" value=\"98\" \/><input type=\"hidden\" name=\"_wpcf7_version\" value=\"6.1.4\" \/><input type=\"hidden\" name=\"_wpcf7_locale\" value=\"de_DE\" \/><input type=\"hidden\" name=\"_wpcf7_unit_tag\" value=\"wpcf7-f98-o1\" \/><input type=\"hidden\" name=\"_wpcf7_container_post\" value=\"0\" \/><input type=\"hidden\" name=\"_wpcf7_posted_data_hash\" value=\"\" \/>\n<\/fieldset>\n<p>Ihr Name (Pflichtfeld)\n<\/p>\n<p><span class=\"wpcf7-form-control-wrap\" data-name=\"your-name\"><input size=\"40\" maxlength=\"400\" class=\"wpcf7-form-control wpcf7-text wpcf7-validates-as-required\" aria-required=\"true\" aria-invalid=\"false\" value=\"\" type=\"text\" name=\"your-name\" \/><\/span>\n<\/p>\n<p>Ihre E-Mail-Adresse (Pflichtfeld)\n<\/p>\n<p><span class=\"wpcf7-form-control-wrap\" data-name=\"your-email\"><input size=\"40\" maxlength=\"400\" class=\"wpcf7-form-control wpcf7-email wpcf7-validates-as-required wpcf7-text wpcf7-validates-as-email\" aria-required=\"true\" aria-invalid=\"false\" value=\"\" type=\"email\" name=\"your-email\" \/><\/span>\n<\/p>\n<p>Betreff (Pflichtfeld)\n<\/p>\n<p><span class=\"wpcf7-form-control-wrap\" data-name=\"your-subject\"><input size=\"40\" maxlength=\"400\" class=\"wpcf7-form-control wpcf7-text wpcf7-validates-as-required\" aria-required=\"true\" aria-invalid=\"false\" value=\"\" type=\"text\" name=\"your-subject\" \/><\/span>\n<\/p>\n<p>Ihre Nachricht (Pflichtfeld)\n<\/p>\n<p><span class=\"wpcf7-form-control-wrap\" data-name=\"your-message\"><textarea cols=\"40\" rows=\"10\" maxlength=\"2000\" class=\"wpcf7-form-control wpcf7-textarea wpcf7-validates-as-required\" aria-required=\"true\" aria-invalid=\"false\" name=\"your-message\"><\/textarea><\/span>\n<\/p>\n<p><label> Einwilligung<br \/>\nIch willige ein, dass von mir im Rahmen des Kontaktformulars eingegebene Daten gespeichert und zur Bearbeitung der Anfrage genutzt werden. Eine Weitergabe erfolgt nicht. Weitere Informationen erhalten Sie auf unserer Datenschutzerkl\u00e4rung.<br \/>\n<span class=\"wpcf7-form-control-wrap\" data-name=\"acceptance-329\"><span class=\"wpcf7-form-control wpcf7-acceptance\"><span class=\"wpcf7-list-item\"><input type=\"checkbox\" name=\"acceptance-329\" value=\"1\" aria-invalid=\"false\" \/><\/span><\/span><\/span><br \/>\n<span class=\"wpcf7-form-control-wrap kc_captcha\" data-name=\"kc_captcha\"><span class=\"wpcf7-form-control wpcf7-radio\"><span class=\"captcha-image\" ><span class=\"cf7ic_instructions\">Bitte beweise, dass du kein Spambot bist und w\u00e4hle das Symbol<span> Baum<\/span>.<\/span><label><input aria-label=\"1\" type=\"radio\" name=\"kc_captcha\" value=\"bot\" \/><svg aria-hidden=\"true\" role=\"img\" xmlns=\"http:\/\/www.w3.org\/2000\/svg\" viewBox=\"0 0 576 512\"><path fill=\"currentColor\" d=\"M488 313v143c0 13-11 24-24 24H348c-7 0-12-5-12-12V356c0-7-5-12-12-12h-72c-7 0-12 5-12 12v112c0 7-5 12-12 12H112c-13 0-24-11-24-24V313c0-4 2-7 4-10l188-154c5-4 11-4 16 0l188 154c2 3 4 6 4 10zm84-61l-84-69V44c0-6-5-12-12-12h-56c-7 0-12 6-12 12v73l-89-74a48 48 0 00-61 0L4 252c-5 4-5 12-1 17l25 31c5 5 12 5 17 1l235-193c5-4 11-4 16 0l235 193c5 5 13 4 17-1l25-31c4-6 4-13-1-17z\"\/><\/svg><\/label><label><input aria-label=\"2\" type=\"radio\" name=\"kc_captcha\" value=\"kc_human\" \/><svg aria-hidden=\"true\" role=\"img\" xmlns=\"http:\/\/www.w3.org\/2000\/svg\" viewBox=\"0 0 384 512\"><path fill=\"currentColor\" d=\"M377 375l-83-87h34c21 0 32-25 17-40l-82-88h33c21 0 32-25 18-40L210 8c-10-11-26-11-36 0L70 120c-14 15-3 40 18 40h33l-82 88c-15 15-4 40 17 40h34L7 375c-15 16-4 41 17 41h120c0 33-11 49-34 68-12 9-5 28 10 28h144c15 0 22-19 10-28-20-16-34-32-34-68h120c21 0 32-25 17-41z\"\/><\/svg><\/label><label><input aria-label=\"3\" type=\"radio\" name=\"kc_captcha\" value=\"bot\" \/><svg aria-hidden=\"true\" role=\"img\" xmlns=\"http:\/\/www.w3.org\/2000\/svg\" viewBox=\"0 0 576 512\"><path fill=\"currentColor\" d=\"M472 200H360L256 6a12 12 0 00-10-6h-58c-8 0-14 7-12 15l34 185H100l-35-58a12 12 0 00-10-6H12c-8 0-13 7-12 14l21 106L0 362c-1 7 4 14 12 14h43c4 0 8-2 10-6l35-58h110l-34 185c-2 8 4 15 12 15h58a12 12 0 0010-6l104-194h112c57 0 104-25 104-56s-47-56-104-56z\"\/><\/svg><\/label>\r\n    <\/span>\r\n    <span style=\"display:none\">\r\n        <input type=\"text\" name=\"kc_honeypot\">\r\n    <\/span><\/span><\/span><br \/>\n<\/label>\n<\/p>\n<p><input class=\"wpcf7-form-control wpcf7-submit has-spinner\" type=\"submit\" value=\"Senden\" \/>\n<\/p><div class=\"wpcf7-response-output\" aria-hidden=\"true\"><\/div>\n<\/form>\n<\/div>\n\n\n\n\n<p><br><\/p>\n","protected":false},"excerpt":{"rendered":"<p>. . Zur Vereinbarung einer Lesung kontaktieren Sie mich bitte \u00fcber das Kontaktformular. Neben Pr\u00e4senzlesungen biete ich au\u00dferdem interaktive Onlinelesungen&hellip;<\/p>\n","protected":false},"author":1,"featured_media":0,"parent":0,"menu_order":0,"comment_status":"closed","ping_status":"closed","template":"","meta":{"_monsterinsights_skip_tracking":false,"_monsterinsights_sitenote_active":false,"_monsterinsights_sitenote_note":"","_monsterinsights_sitenote_category":0,"footnotes":""},"class_list":["post-49","page","type-page","status-publish","hentry"],"_links":{"self":[{"href":"https:\/\/dorit-linke.de\/en\/wp-json\/wp\/v2\/pages\/49","targetHints":{"allow":["GET"]}}],"collection":[{"href":"https:\/\/dorit-linke.de\/en\/wp-json\/wp\/v2\/pages"}],"about":[{"href":"https:\/\/dorit-linke.de\/en\/wp-json\/wp\/v2\/types\/page"}],"author":[{"embeddable":true,"href":"https:\/\/dorit-linke.de\/en\/wp-json\/wp\/v2\/users\/1"}],"replies":[{"embeddable":true,"href":"https:\/\/dorit-linke.de\/en\/wp-json\/wp\/v2\/comments?post=49"}],"version-history":[{"count":435,"href":"https:\/\/dorit-linke.de\/en\/wp-json\/wp\/v2\/pages\/49\/revisions"}],"predecessor-version":[{"id":7625,"href":"https:\/\/dorit-linke.de\/en\/wp-json\/wp\/v2\/pages\/49\/revisions\/7625"}],"wp:attachment":[{"href":"https:\/\/dorit-linke.de\/en\/wp-json\/wp\/v2\/media?parent=49"}],"curies":[{"name":"wp","href":"https:\/\/api.w.org\/{rel}","templated":true}]}}