{"id":585,"date":"2015-05-14T15:19:56","date_gmt":"2015-05-14T14:19:56","guid":{"rendered":"https:\/\/dorit-linke.de\/?page_id=585"},"modified":"2024-11-17T12:32:28","modified_gmt":"2024-11-17T11:32:28","slug":"fett-kohle","status":"publish","type":"page","link":"https:\/\/dorit-linke.de\/en\/fett-kohle\/","title":{"rendered":"Fett Kohle"},"content":{"rendered":"\n<div class=\"wp-block-media-text is-stacked-on-mobile\" style=\"grid-template-columns:38% auto\"><figure class=\"wp-block-media-text__media\"><img loading=\"lazy\" decoding=\"async\" width=\"662\" height=\"767\" src=\"https:\/\/dorit-linke.de\/wp-content\/uploads\/2023\/02\/Titel-Fett-Kohle-Dorit-Linke-PP.jpg\" alt=\"\" class=\"wp-image-6631 size-full\" srcset=\"https:\/\/dorit-linke.de\/wp-content\/uploads\/2023\/02\/Titel-Fett-Kohle-Dorit-Linke-PP.jpg 662w, https:\/\/dorit-linke.de\/wp-content\/uploads\/2023\/02\/Titel-Fett-Kohle-Dorit-Linke-PP-259x300.jpg 259w\" sizes=\"auto, (max-width: 662px) 100vw, 662px\" \/><\/figure><div class=\"wp-block-media-text__content\">\n<p><strong>\u201eDorit Linke hat mit ihrem zweiten Roman nicht nur einen spannenden Kinderkrimi geschrieben, sondern tritt auch in die Fu\u00dfstapfen Erich K\u00e4stners. Genau beobachtend und sprachlich so witzig wie authentisch, zeichnet sie ganz nebenbei das Bild eines sozialen Milieus, in dem Armut und Lethargie herrschen \u2026 Ein Muss f\u00fcr alle Berlin-Liebhaber und Krimibegeisterten ab 10 Jahren.\u201c<\/strong><br><span style=\"color: #993300;\"><em><span style=\"color: #993300;\">Kathrin K\u00f6ller,<\/span> <span style=\"color: #993300;\">Eselsohr<\/span><\/em><\/span><\/p>\n<\/div><\/div>\n\n\n\n<p><\/p>\n\n\n\n<p class=\"has-medium-font-size\">\u201eEmil und die Detektive von heute \u2013 mit Ecken, Kanten und viel Charme!\u201c<br><em><span style=\"color: #993300;\">Jury Leipziger Lesekompass 2016<\/span> <\/em><\/p>\n\n\n\n<p class=\"has-medium-font-size\">\u201eFett Kohle&#8221; ist ein nahezu perfekter Krimi f\u00fcr Kinder. Er ist spannend, entwickelt bald rasantes Tempo, hat einen sympathischen Helden, \u00fcberraschende Verwicklungen und die richtige Mischung f\u00fcr wildes Herzklopfen und erl\u00f6sendes Gel\u00e4chter. Dazu ist er so penibel lokal in einem Berliner Bezirk verankert, dass er sich wegfuttern l\u00e4sst wie eine T\u00fcte Popcorn.&#8221;<br><span style=\"color: #993300;\"><i><span style=\"color: #993300;\">TITEL kulturmagazin<\/span><\/i><\/span><\/p>\n\n\n\n<p class=\"has-medium-font-size\"><i><\/i>\u201eMir gef\u00e4llt das Buch, weil es spannend ist, au\u00dferdem kann man daraus lernen, dass manche Mutproben nicht sehr schlau sind. Dieses Buch empfehle ich f\u00fcr Jungen ab 10 Jahren.&#8221;<br><span style=\"color: #993300;\"><em><span style=\"color: #993300;\"> Felix, 9 Jahre (Zielgruppe)<\/span><\/em><\/span><\/p>\n\n\n\n<h2 class=\"wp-block-heading\">Buchtrailer Fett Kohle<\/h2>\n\n\n\n<figure class=\"wp-block-embed is-type-video is-provider-youtube wp-block-embed-youtube wp-embed-aspect-16-9 wp-has-aspect-ratio\"><div class=\"wp-block-embed__wrapper\">\n<iframe loading=\"lazy\" title=\"Fett Kohle - Trailer zum Buch\" width=\"1140\" height=\"641\" src=\"https:\/\/www.youtube.com\/embed\/F7l_H9RTI9M?feature=oembed\" frameborder=\"0\" allow=\"accelerometer; autoplay; clipboard-write; encrypted-media; gyroscope; picture-in-picture; web-share\" referrerpolicy=\"strict-origin-when-cross-origin\" allowfullscreen><\/iframe>\n<\/div><\/figure>\n\n\n\n<p><strong>Ein Buchtrailer zu \u201eFett Kohle\u201c, gedreht mit der Klasse 6c des Scholl-Gymnasium Ulm im Rahmen der Kinderbuchmesse KiBuM 2018.<\/strong><\/p>\n","protected":false},"excerpt":{"rendered":"<p>\u201eDorit Linke hat mit ihrem zweiten Roman nicht nur einen spannenden Kinderkrimi geschrieben, sondern tritt auch in die Fu\u00dfstapfen Erich&hellip;<\/p>\n","protected":false},"author":1,"featured_media":0,"parent":0,"menu_order":0,"comment_status":"closed","ping_status":"closed","template":"","meta":{"_monsterinsights_skip_tracking":false,"_monsterinsights_sitenote_active":false,"_monsterinsights_sitenote_note":"","_monsterinsights_sitenote_category":0,"footnotes":""},"class_list":["post-585","page","type-page","status-publish","hentry"],"_links":{"self":[{"href":"https:\/\/dorit-linke.de\/en\/wp-json\/wp\/v2\/pages\/585","targetHints":{"allow":["GET"]}}],"collection":[{"href":"https:\/\/dorit-linke.de\/en\/wp-json\/wp\/v2\/pages"}],"about":[{"href":"https:\/\/dorit-linke.de\/en\/wp-json\/wp\/v2\/types\/page"}],"author":[{"embeddable":true,"href":"https:\/\/dorit-linke.de\/en\/wp-json\/wp\/v2\/users\/1"}],"replies":[{"embeddable":true,"href":"https:\/\/dorit-linke.de\/en\/wp-json\/wp\/v2\/comments?post=585"}],"version-history":[{"count":76,"href":"https:\/\/dorit-linke.de\/en\/wp-json\/wp\/v2\/pages\/585\/revisions"}],"predecessor-version":[{"id":7411,"href":"https:\/\/dorit-linke.de\/en\/wp-json\/wp\/v2\/pages\/585\/revisions\/7411"}],"wp:attachment":[{"href":"https:\/\/dorit-linke.de\/en\/wp-json\/wp\/v2\/media?parent=585"}],"curies":[{"name":"wp","href":"https:\/\/api.w.org\/{rel}","templated":true}]}}