{"id":6105,"date":"2022-10-25T09:21:17","date_gmt":"2022-10-25T08:21:17","guid":{"rendered":"https:\/\/dorit-linke.de\/?page_id=6105"},"modified":"2026-02-04T10:57:14","modified_gmt":"2026-02-04T09:57:14","slug":"theaterstucke","status":"publish","type":"page","link":"https:\/\/dorit-linke.de\/en\/theaterstucke\/","title":{"rendered":"Theaterst\u00fccke"},"content":{"rendered":"\n<p class=\"has-vivid-cyan-blue-color has-text-color has-link-color wp-elements-39ea1a398e1bf47dc8f7ad56527e824d\"><strong><em>In Kooperation mit dem Theater Morgenstern Berlin <br>Theatertexte von Dorit Linke <\/em><\/strong><\/p>\n\n\n\n<h3 class=\"wp-block-heading\">2026 -Trilogie der Kinderrechte Teil 2<\/h3>\n\n\n\n<p>Derzeit in Stoffentwicklung, Premiere am 25. April 2026<\/p>\n\n\n\n<h3 class=\"wp-block-heading\">2025 &#8211; W\u00fcnsche (AT)<\/h3>\n\n\n\n<p>Niemand wartet auf Kirko in dem zugewiesenen Zimmer in einer ihm fremden Welt. Ein neues Leben soll beginnen. Doch wie kann dieses aussehen? Wo ist sein Anfang? Und wer hilft ihm dabei?<\/p>\n\n\n\n<figure class=\"wp-block-gallery has-nested-images columns-4 is-cropped wp-block-gallery-1 is-layout-flex wp-block-gallery-is-layout-flex\">\n<figure class=\"wp-block-image size-large\"><a href=\"https:\/\/dorit-linke.de\/wp-content\/uploads\/2025\/07\/IMG_20250703_175105-scaled.jpg\"><img loading=\"lazy\" decoding=\"async\" width=\"768\" height=\"1024\" data-id=\"7858\" src=\"https:\/\/dorit-linke.de\/wp-content\/uploads\/2025\/07\/IMG_20250703_175105-768x1024.jpg\" alt=\"\" class=\"wp-image-7858\" srcset=\"https:\/\/dorit-linke.de\/wp-content\/uploads\/2025\/07\/IMG_20250703_175105-768x1024.jpg 768w, https:\/\/dorit-linke.de\/wp-content\/uploads\/2025\/07\/IMG_20250703_175105-225x300.jpg 225w, https:\/\/dorit-linke.de\/wp-content\/uploads\/2025\/07\/IMG_20250703_175105-1152x1536.jpg 1152w, https:\/\/dorit-linke.de\/wp-content\/uploads\/2025\/07\/IMG_20250703_175105-1536x2048.jpg 1536w, https:\/\/dorit-linke.de\/wp-content\/uploads\/2025\/07\/IMG_20250703_175105-scaled.jpg 1920w\" sizes=\"auto, (max-width: 768px) 100vw, 768px\" \/><\/a><\/figure>\n\n\n\n<figure class=\"wp-block-image size-large\"><a href=\"https:\/\/dorit-linke.de\/wp-content\/uploads\/2025\/06\/csm_Wuensche_f4e8c748c2.jpg\"><img loading=\"lazy\" decoding=\"async\" width=\"1024\" height=\"576\" data-id=\"7845\" src=\"https:\/\/dorit-linke.de\/wp-content\/uploads\/2025\/06\/csm_Wuensche_f4e8c748c2-1024x576.jpg\" alt=\"\" class=\"wp-image-7845\" srcset=\"https:\/\/dorit-linke.de\/wp-content\/uploads\/2025\/06\/csm_Wuensche_f4e8c748c2-1024x576.jpg 1024w, https:\/\/dorit-linke.de\/wp-content\/uploads\/2025\/06\/csm_Wuensche_f4e8c748c2-300x169.jpg 300w, https:\/\/dorit-linke.de\/wp-content\/uploads\/2025\/06\/csm_Wuensche_f4e8c748c2-768x432.jpg 768w, https:\/\/dorit-linke.de\/wp-content\/uploads\/2025\/06\/csm_Wuensche_f4e8c748c2-1140x641.jpg 1140w, https:\/\/dorit-linke.de\/wp-content\/uploads\/2025\/06\/csm_Wuensche_f4e8c748c2-720x405.jpg 720w, https:\/\/dorit-linke.de\/wp-content\/uploads\/2025\/06\/csm_Wuensche_f4e8c748c2.jpg 1240w\" sizes=\"auto, (max-width: 1024px) 100vw, 1024px\" \/><\/a><\/figure>\n\n\n\n<figure class=\"wp-block-image size-large\"><a href=\"https:\/\/dorit-linke.de\/wp-content\/uploads\/2025\/07\/IMG_20250703_165108-scaled.jpg\"><img loading=\"lazy\" decoding=\"async\" width=\"1024\" height=\"768\" data-id=\"7854\" src=\"https:\/\/dorit-linke.de\/wp-content\/uploads\/2025\/07\/IMG_20250703_165108-1024x768.jpg\" alt=\"\" class=\"wp-image-7854\" srcset=\"https:\/\/dorit-linke.de\/wp-content\/uploads\/2025\/07\/IMG_20250703_165108-1024x768.jpg 1024w, https:\/\/dorit-linke.de\/wp-content\/uploads\/2025\/07\/IMG_20250703_165108-300x225.jpg 300w, https:\/\/dorit-linke.de\/wp-content\/uploads\/2025\/07\/IMG_20250703_165108-768x576.jpg 768w, https:\/\/dorit-linke.de\/wp-content\/uploads\/2025\/07\/IMG_20250703_165108-1536x1152.jpg 1536w, https:\/\/dorit-linke.de\/wp-content\/uploads\/2025\/07\/IMG_20250703_165108-2048x1536.jpg 2048w, https:\/\/dorit-linke.de\/wp-content\/uploads\/2025\/07\/IMG_20250703_165108-160x120.jpg 160w\" sizes=\"auto, (max-width: 1024px) 100vw, 1024px\" \/><\/a><\/figure>\n\n\n\n<figure class=\"wp-block-image size-large\"><a href=\"https:\/\/dorit-linke.de\/wp-content\/uploads\/2025\/07\/IMG_20250703_165321-scaled.jpg\"><img loading=\"lazy\" decoding=\"async\" width=\"1024\" height=\"768\" data-id=\"7856\" src=\"https:\/\/dorit-linke.de\/wp-content\/uploads\/2025\/07\/IMG_20250703_165321-1024x768.jpg\" alt=\"\" class=\"wp-image-7856\" srcset=\"https:\/\/dorit-linke.de\/wp-content\/uploads\/2025\/07\/IMG_20250703_165321-1024x768.jpg 1024w, https:\/\/dorit-linke.de\/wp-content\/uploads\/2025\/07\/IMG_20250703_165321-300x225.jpg 300w, https:\/\/dorit-linke.de\/wp-content\/uploads\/2025\/07\/IMG_20250703_165321-768x576.jpg 768w, https:\/\/dorit-linke.de\/wp-content\/uploads\/2025\/07\/IMG_20250703_165321-1536x1152.jpg 1536w, https:\/\/dorit-linke.de\/wp-content\/uploads\/2025\/07\/IMG_20250703_165321-2048x1536.jpg 2048w, https:\/\/dorit-linke.de\/wp-content\/uploads\/2025\/07\/IMG_20250703_165321-160x120.jpg 160w\" sizes=\"auto, (max-width: 1024px) 100vw, 1024px\" \/><\/a><\/figure>\n<\/figure>\n\n\n\n<p><a href=\"https:\/\/pretix.eu\/morgenstern\/wuensche\/\" target=\"_blank\" rel=\"noreferrer noopener\"><strong>Tickets f\u00fcr W\u00fcnsche<\/strong><\/a><\/p>\n\n\n\n<p>Wir erz\u00e4hlen mit dem Theaterst\u00fcck eine Geschichte vom Ankommen in einer neuen Welt. Und wie aus den Erinnerungen W\u00fcnsche f\u00fcr die Zukunft entstehen und wie diese W\u00fcnsche den Weg bereiten k\u00f6nnen f\u00fcr einen Neuanfang. Jeder Gegenstand aus Kirkos Koffer erz\u00e4hlt Geschichten aus der Vergangenheit in seiner alten Heimat. Sein neues Zuhause ist fremd, leer, unpers\u00f6nlich. Nichts hei\u00dft ihn willkommen. Die Au\u00dfenger\u00e4usche wirken bedrohlich: Ein funktionierendes Leben, das ohne ihn auskommt. Doch langsam entstehen aus den reichen Erinnerungen an die Vergangenheit, an erlebte Gem\u00fctlichkeit, Geselligkeit und Zugeh\u00f6rigkeit W\u00fcnsche f\u00fcr die Zukunft. Und wir begleiten Kirko auf seinem Weg in ein neues Leben, welches dem m\u00fcrrischen und einsamen Nachbar endlich einen richtigen Freund beschert.<\/p>\n\n\n\n<h3 class=\"wp-block-heading\">2023 &#8211; Aufbrechender Asphalt<\/h3>\n\n\n\n<figure class=\"wp-block-gallery has-nested-images columns-4 is-cropped wp-block-gallery-2 is-layout-flex wp-block-gallery-is-layout-flex\">\n<figure class=\"wp-block-image size-large\"><a href=\"https:\/\/dorit-linke.de\/wp-content\/uploads\/2025\/03\/Asphalt.png\"><img loading=\"lazy\" decoding=\"async\" width=\"873\" height=\"883\" data-id=\"7644\" src=\"https:\/\/dorit-linke.de\/wp-content\/uploads\/2025\/03\/Asphalt.png\" alt=\"\" class=\"wp-image-7644\" srcset=\"https:\/\/dorit-linke.de\/wp-content\/uploads\/2025\/03\/Asphalt.png 873w, https:\/\/dorit-linke.de\/wp-content\/uploads\/2025\/03\/Asphalt-297x300.png 297w, https:\/\/dorit-linke.de\/wp-content\/uploads\/2025\/03\/Asphalt-768x777.png 768w\" sizes=\"auto, (max-width: 873px) 100vw, 873px\" \/><\/a><\/figure>\n\n\n\n<figure class=\"wp-block-image size-large\"><a href=\"https:\/\/dorit-linke.de\/wp-content\/uploads\/2025\/03\/IMG_20230419_173522-scaled.jpg\"><img loading=\"lazy\" decoding=\"async\" width=\"768\" height=\"1024\" data-id=\"7643\" src=\"https:\/\/dorit-linke.de\/wp-content\/uploads\/2025\/03\/IMG_20230419_173522-768x1024.jpg\" alt=\"\" class=\"wp-image-7643\" srcset=\"https:\/\/dorit-linke.de\/wp-content\/uploads\/2025\/03\/IMG_20230419_173522-768x1024.jpg 768w, https:\/\/dorit-linke.de\/wp-content\/uploads\/2025\/03\/IMG_20230419_173522-225x300.jpg 225w, https:\/\/dorit-linke.de\/wp-content\/uploads\/2025\/03\/IMG_20230419_173522-1152x1536.jpg 1152w, https:\/\/dorit-linke.de\/wp-content\/uploads\/2025\/03\/IMG_20230419_173522-1536x2048.jpg 1536w, https:\/\/dorit-linke.de\/wp-content\/uploads\/2025\/03\/IMG_20230419_173522-scaled.jpg 1920w\" sizes=\"auto, (max-width: 768px) 100vw, 768px\" \/><\/a><\/figure>\n\n\n\n<figure class=\"wp-block-image size-large\"><a href=\"https:\/\/dorit-linke.de\/wp-content\/uploads\/2025\/03\/Asphalt2.png\"><img loading=\"lazy\" decoding=\"async\" width=\"868\" height=\"856\" data-id=\"7645\" src=\"https:\/\/dorit-linke.de\/wp-content\/uploads\/2025\/03\/Asphalt2.png\" alt=\"\" class=\"wp-image-7645\" srcset=\"https:\/\/dorit-linke.de\/wp-content\/uploads\/2025\/03\/Asphalt2.png 868w, https:\/\/dorit-linke.de\/wp-content\/uploads\/2025\/03\/Asphalt2-300x296.png 300w, https:\/\/dorit-linke.de\/wp-content\/uploads\/2025\/03\/Asphalt2-768x757.png 768w\" sizes=\"auto, (max-width: 868px) 100vw, 868px\" \/><\/a><\/figure>\n\n\n\n<figure class=\"wp-block-image size-large\"><a href=\"https:\/\/dorit-linke.de\/wp-content\/uploads\/2025\/03\/Asphalt3.png\"><img loading=\"lazy\" decoding=\"async\" width=\"870\" height=\"861\" data-id=\"7646\" src=\"https:\/\/dorit-linke.de\/wp-content\/uploads\/2025\/03\/Asphalt3.png\" alt=\"\" class=\"wp-image-7646\" srcset=\"https:\/\/dorit-linke.de\/wp-content\/uploads\/2025\/03\/Asphalt3.png 870w, https:\/\/dorit-linke.de\/wp-content\/uploads\/2025\/03\/Asphalt3-300x297.png 300w, https:\/\/dorit-linke.de\/wp-content\/uploads\/2025\/03\/Asphalt3-768x760.png 768w\" sizes=\"auto, (max-width: 870px) 100vw, 870px\" \/><\/a><\/figure>\n<\/figure>\n\n\n\n<p><br>Best Friends Forever \u2013 oder etwa nicht? Auf einer verlassenen Mittelinsel lebt Mira wie eine Einsiedlerin mit selbstgez\u00fcchteten Tomaten. Ihre ehemalige beste Freundin Caro m\u00f6chte diesen Ort jedoch unbedingt f\u00fcr eine Party nutzen. Und dann ist da noch Max, der genau hier Parkpl\u00e4tze bauen soll. Dabei tr\u00e4umen alle drei von einer besseren und gerechteren Welt. Damit dieser Traum zur Realit\u00e4t wird, m\u00fcssen sie jedoch zun\u00e4chst ihre eigenen Konflikte \u00fcberwinden.<\/p>\n\n\n\n<h3 class=\"wp-block-heading\">2023 &#8211; Superreich<\/h3>\n\n\n\n<figure class=\"wp-block-gallery has-nested-images columns-default is-cropped wp-block-gallery-3 is-layout-flex wp-block-gallery-is-layout-flex\">\n<figure class=\"wp-block-image size-large\"><a href=\"https:\/\/dorit-linke.de\/wp-content\/uploads\/2025\/03\/320486215_528069459342065_7074689468655232293_n.jpg\"><img loading=\"lazy\" decoding=\"async\" width=\"1024\" height=\"768\" data-id=\"7636\" src=\"https:\/\/dorit-linke.de\/wp-content\/uploads\/2025\/03\/320486215_528069459342065_7074689468655232293_n-1024x768.jpg\" alt=\"\" class=\"wp-image-7636\" srcset=\"https:\/\/dorit-linke.de\/wp-content\/uploads\/2025\/03\/320486215_528069459342065_7074689468655232293_n-1024x768.jpg 1024w, https:\/\/dorit-linke.de\/wp-content\/uploads\/2025\/03\/320486215_528069459342065_7074689468655232293_n-300x225.jpg 300w, https:\/\/dorit-linke.de\/wp-content\/uploads\/2025\/03\/320486215_528069459342065_7074689468655232293_n-768x576.jpg 768w, https:\/\/dorit-linke.de\/wp-content\/uploads\/2025\/03\/320486215_528069459342065_7074689468655232293_n-1536x1152.jpg 1536w, https:\/\/dorit-linke.de\/wp-content\/uploads\/2025\/03\/320486215_528069459342065_7074689468655232293_n-160x120.jpg 160w, https:\/\/dorit-linke.de\/wp-content\/uploads\/2025\/03\/320486215_528069459342065_7074689468655232293_n.jpg 2048w\" sizes=\"auto, (max-width: 1024px) 100vw, 1024px\" \/><\/a><\/figure>\n\n\n\n<figure class=\"wp-block-image size-large\"><a href=\"https:\/\/dorit-linke.de\/wp-content\/uploads\/2025\/03\/320271897_650492960147414_471072243292777642_n.jpg\"><img loading=\"lazy\" decoding=\"async\" width=\"1024\" height=\"768\" data-id=\"7635\" src=\"https:\/\/dorit-linke.de\/wp-content\/uploads\/2025\/03\/320271897_650492960147414_471072243292777642_n-1024x768.jpg\" alt=\"\" class=\"wp-image-7635\" srcset=\"https:\/\/dorit-linke.de\/wp-content\/uploads\/2025\/03\/320271897_650492960147414_471072243292777642_n-1024x768.jpg 1024w, https:\/\/dorit-linke.de\/wp-content\/uploads\/2025\/03\/320271897_650492960147414_471072243292777642_n-300x225.jpg 300w, https:\/\/dorit-linke.de\/wp-content\/uploads\/2025\/03\/320271897_650492960147414_471072243292777642_n-768x576.jpg 768w, https:\/\/dorit-linke.de\/wp-content\/uploads\/2025\/03\/320271897_650492960147414_471072243292777642_n-1536x1152.jpg 1536w, https:\/\/dorit-linke.de\/wp-content\/uploads\/2025\/03\/320271897_650492960147414_471072243292777642_n-160x120.jpg 160w, https:\/\/dorit-linke.de\/wp-content\/uploads\/2025\/03\/320271897_650492960147414_471072243292777642_n.jpg 2048w\" sizes=\"auto, (max-width: 1024px) 100vw, 1024px\" \/><\/a><\/figure>\n\n\n\n<figure class=\"wp-block-image size-large\"><a href=\"https:\/\/dorit-linke.de\/wp-content\/uploads\/2025\/03\/320516295_669990714589070_8998909751207396474_n.jpg\"><img loading=\"lazy\" decoding=\"async\" width=\"1024\" height=\"768\" data-id=\"7634\" src=\"https:\/\/dorit-linke.de\/wp-content\/uploads\/2025\/03\/320516295_669990714589070_8998909751207396474_n-1024x768.jpg\" alt=\"\" class=\"wp-image-7634\" srcset=\"https:\/\/dorit-linke.de\/wp-content\/uploads\/2025\/03\/320516295_669990714589070_8998909751207396474_n-1024x768.jpg 1024w, https:\/\/dorit-linke.de\/wp-content\/uploads\/2025\/03\/320516295_669990714589070_8998909751207396474_n-300x225.jpg 300w, https:\/\/dorit-linke.de\/wp-content\/uploads\/2025\/03\/320516295_669990714589070_8998909751207396474_n-768x576.jpg 768w, https:\/\/dorit-linke.de\/wp-content\/uploads\/2025\/03\/320516295_669990714589070_8998909751207396474_n-1536x1152.jpg 1536w, https:\/\/dorit-linke.de\/wp-content\/uploads\/2025\/03\/320516295_669990714589070_8998909751207396474_n-160x120.jpg 160w, https:\/\/dorit-linke.de\/wp-content\/uploads\/2025\/03\/320516295_669990714589070_8998909751207396474_n.jpg 2048w\" sizes=\"auto, (max-width: 1024px) 100vw, 1024px\" \/><\/a><\/figure>\n<\/figure>\n\n\n\n<p><br>Das St\u00fcck wirft einen aktuellen Blick auf die gro\u00dfe Schere zwischen Arm und Reich. Viele Kinder sind von Armut betroffen, die auch hierzulande allgegenw\u00e4rtig ist. Welche Auswirkungen hat es auf ihren Seelenzustand, in Armut aufzuwachsen? K\u00f6nnen junge Menschen gut ins Leben starten, wenn sie aufgrund ihrer Herkunft permanent ausgegrenzt werden?<\/p>\n\n\n\n<h3 class=\"wp-block-heading\">2022 &#8211; Carpe Diem, aber schnell! &#8211; B\u00fcrger:innenb\u00fchne<\/h3>\n\n\n\n<figure class=\"wp-block-gallery has-nested-images columns-5 is-cropped wp-block-gallery-4 is-layout-flex wp-block-gallery-is-layout-flex\">\n<figure class=\"wp-block-image size-large\"><img loading=\"lazy\" decoding=\"async\" width=\"1920\" height=\"2560\" data-id=\"6111\" src=\"https:\/\/dorit-linke.de\/wp-content\/uploads\/2022\/10\/IMG_20220823_201102-scaled.jpg\" alt=\"Theater Morgenstern\" class=\"wp-image-6111\" srcset=\"https:\/\/dorit-linke.de\/wp-content\/uploads\/2022\/10\/IMG_20220823_201102-scaled.jpg 1920w, https:\/\/dorit-linke.de\/wp-content\/uploads\/2022\/10\/IMG_20220823_201102-225x300.jpg 225w, https:\/\/dorit-linke.de\/wp-content\/uploads\/2022\/10\/IMG_20220823_201102-768x1024.jpg 768w, https:\/\/dorit-linke.de\/wp-content\/uploads\/2022\/10\/IMG_20220823_201102-1152x1536.jpg 1152w, https:\/\/dorit-linke.de\/wp-content\/uploads\/2022\/10\/IMG_20220823_201102-1536x2048.jpg 1536w\" sizes=\"auto, (max-width: 1920px) 100vw, 1920px\" \/><\/figure>\n\n\n\n<figure class=\"wp-block-image size-large\"><img loading=\"lazy\" decoding=\"async\" width=\"768\" height=\"1024\" data-id=\"6266\" src=\"https:\/\/dorit-linke.de\/wp-content\/uploads\/2022\/10\/IMG_20220817_185718-2-768x1024.jpg\" alt=\"Theater Morgenstern\" class=\"wp-image-6266\" srcset=\"https:\/\/dorit-linke.de\/wp-content\/uploads\/2022\/10\/IMG_20220817_185718-2-768x1024.jpg 768w, https:\/\/dorit-linke.de\/wp-content\/uploads\/2022\/10\/IMG_20220817_185718-2-225x300.jpg 225w, https:\/\/dorit-linke.de\/wp-content\/uploads\/2022\/10\/IMG_20220817_185718-2-1152x1536.jpg 1152w, https:\/\/dorit-linke.de\/wp-content\/uploads\/2022\/10\/IMG_20220817_185718-2-1536x2048.jpg 1536w, https:\/\/dorit-linke.de\/wp-content\/uploads\/2022\/10\/IMG_20220817_185718-2-scaled.jpg 1920w\" sizes=\"auto, (max-width: 768px) 100vw, 768px\" \/><\/figure>\n\n\n\n<figure class=\"wp-block-image size-large\"><img loading=\"lazy\" decoding=\"async\" width=\"682\" height=\"1024\" data-id=\"6112\" src=\"https:\/\/dorit-linke.de\/wp-content\/uploads\/2022\/10\/IMG_20220823_193040-682x1024.jpg\" alt=\"Theater Morgenstern\" class=\"wp-image-6112\" srcset=\"https:\/\/dorit-linke.de\/wp-content\/uploads\/2022\/10\/IMG_20220823_193040-682x1024.jpg 682w, https:\/\/dorit-linke.de\/wp-content\/uploads\/2022\/10\/IMG_20220823_193040-200x300.jpg 200w, https:\/\/dorit-linke.de\/wp-content\/uploads\/2022\/10\/IMG_20220823_193040-768x1153.jpg 768w, https:\/\/dorit-linke.de\/wp-content\/uploads\/2022\/10\/IMG_20220823_193040-1024x1536.jpg 1024w, https:\/\/dorit-linke.de\/wp-content\/uploads\/2022\/10\/IMG_20220823_193040-1365x2048.jpg 1365w, https:\/\/dorit-linke.de\/wp-content\/uploads\/2022\/10\/IMG_20220823_193040-scaled.jpg 1706w\" sizes=\"auto, (max-width: 682px) 100vw, 682px\" \/><\/figure>\n\n\n\n<figure class=\"wp-block-image size-large\"><img loading=\"lazy\" decoding=\"async\" width=\"799\" height=\"1024\" data-id=\"6264\" src=\"https:\/\/dorit-linke.de\/wp-content\/uploads\/2022\/10\/IMG_20220825_182810-799x1024.jpg\" alt=\"Theater Morgenstern\" class=\"wp-image-6264\" srcset=\"https:\/\/dorit-linke.de\/wp-content\/uploads\/2022\/10\/IMG_20220825_182810-799x1024.jpg 799w, https:\/\/dorit-linke.de\/wp-content\/uploads\/2022\/10\/IMG_20220825_182810-234x300.jpg 234w, https:\/\/dorit-linke.de\/wp-content\/uploads\/2022\/10\/IMG_20220825_182810-768x984.jpg 768w, https:\/\/dorit-linke.de\/wp-content\/uploads\/2022\/10\/IMG_20220825_182810.jpg 828w\" sizes=\"auto, (max-width: 799px) 100vw, 799px\" \/><\/figure>\n\n\n\n<figure class=\"wp-block-image size-large\"><img loading=\"lazy\" decoding=\"async\" width=\"1264\" height=\"1772\" data-id=\"6020\" src=\"https:\/\/dorit-linke.de\/wp-content\/uploads\/2022\/08\/Einladungsflyer_OnBoard1-Kopie.jpg\" alt=\"Theater Morgenstern\" class=\"wp-image-6020\" srcset=\"https:\/\/dorit-linke.de\/wp-content\/uploads\/2022\/08\/Einladungsflyer_OnBoard1-Kopie.jpg 1264w, https:\/\/dorit-linke.de\/wp-content\/uploads\/2022\/08\/Einladungsflyer_OnBoard1-Kopie-214x300.jpg 214w, https:\/\/dorit-linke.de\/wp-content\/uploads\/2022\/08\/Einladungsflyer_OnBoard1-Kopie-730x1024.jpg 730w, https:\/\/dorit-linke.de\/wp-content\/uploads\/2022\/08\/Einladungsflyer_OnBoard1-Kopie-768x1077.jpg 768w, https:\/\/dorit-linke.de\/wp-content\/uploads\/2022\/08\/Einladungsflyer_OnBoard1-Kopie-1096x1536.jpg 1096w\" sizes=\"auto, (max-width: 1264px) 100vw, 1264px\" \/><\/figure>\n<\/figure>\n\n\n\n<p><br>Ellenbogen raus und ab durch die Mitte! Welchen Einfluss hat die Leistungsgesellschaft auf unser tagt\u00e4gliches Miteinander? 2021 und 2022 trafen sich Nachbarinnen und Nachbarn im Theater Morgenstern in Berlin Friedenau. B\u00fcrgerinnen und B\u00fcrger stellen sich in Spielszenen den Optimierungsanspr\u00fcchen und dem Wettbewerbsdenken unserer Gesellschaft. Bleibt das Menschliche auf der Strecke? Bei regelm\u00e4\u00dfigen Treffen wurde szenisch geprobt und vor allem Theater gespielt. Das entstandene St\u00fcck ist das gemeinsame Ergebnis dieser Begegnungen.<\/p>\n\n\n\n<h3 class=\"wp-block-heading\">2021 &#8211; Together<\/h3>\n\n\n\n<figure class=\"wp-block-gallery has-nested-images columns-4 is-cropped wp-block-gallery-5 is-layout-flex wp-block-gallery-is-layout-flex\">\n<figure class=\"wp-block-image size-large\"><img loading=\"lazy\" decoding=\"async\" width=\"768\" height=\"1024\" data-id=\"5046\" src=\"https:\/\/dorit-linke.de\/wp-content\/uploads\/2021\/12\/IMG_20211120_194147-768x1024.jpg\" alt=\"Theater\" class=\"wp-image-5046\" srcset=\"https:\/\/dorit-linke.de\/wp-content\/uploads\/2021\/12\/IMG_20211120_194147-768x1024.jpg 768w, https:\/\/dorit-linke.de\/wp-content\/uploads\/2021\/12\/IMG_20211120_194147-225x300.jpg 225w, https:\/\/dorit-linke.de\/wp-content\/uploads\/2021\/12\/IMG_20211120_194147-1152x1536.jpg 1152w, https:\/\/dorit-linke.de\/wp-content\/uploads\/2021\/12\/IMG_20211120_194147-1536x2048.jpg 1536w, https:\/\/dorit-linke.de\/wp-content\/uploads\/2021\/12\/IMG_20211120_194147-scaled.jpg 1920w\" sizes=\"auto, (max-width: 768px) 100vw, 768px\" \/><\/figure>\n\n\n\n<figure class=\"wp-block-image size-large\"><img loading=\"lazy\" decoding=\"async\" width=\"768\" height=\"1024\" data-id=\"5047\" src=\"https:\/\/dorit-linke.de\/wp-content\/uploads\/2021\/12\/IMG_20211120_194713-768x1024.jpg\" alt=\"\" class=\"wp-image-5047\" srcset=\"https:\/\/dorit-linke.de\/wp-content\/uploads\/2021\/12\/IMG_20211120_194713-768x1024.jpg 768w, https:\/\/dorit-linke.de\/wp-content\/uploads\/2021\/12\/IMG_20211120_194713-225x300.jpg 225w, https:\/\/dorit-linke.de\/wp-content\/uploads\/2021\/12\/IMG_20211120_194713-1152x1536.jpg 1152w, https:\/\/dorit-linke.de\/wp-content\/uploads\/2021\/12\/IMG_20211120_194713-1536x2048.jpg 1536w, https:\/\/dorit-linke.de\/wp-content\/uploads\/2021\/12\/IMG_20211120_194713-scaled.jpg 1920w\" sizes=\"auto, (max-width: 768px) 100vw, 768px\" \/><\/figure>\n\n\n\n<figure class=\"wp-block-image size-large\"><a href=\"https:\/\/dorit-linke.de\/wp-content\/uploads\/2025\/03\/IMG-20211120-WA0006.jpg\"><img loading=\"lazy\" decoding=\"async\" width=\"1024\" height=\"768\" data-id=\"7637\" src=\"https:\/\/dorit-linke.de\/wp-content\/uploads\/2025\/03\/IMG-20211120-WA0006-1024x768.jpg\" alt=\"\" class=\"wp-image-7637\" srcset=\"https:\/\/dorit-linke.de\/wp-content\/uploads\/2025\/03\/IMG-20211120-WA0006-1024x768.jpg 1024w, https:\/\/dorit-linke.de\/wp-content\/uploads\/2025\/03\/IMG-20211120-WA0006-300x225.jpg 300w, https:\/\/dorit-linke.de\/wp-content\/uploads\/2025\/03\/IMG-20211120-WA0006-768x576.jpg 768w, https:\/\/dorit-linke.de\/wp-content\/uploads\/2025\/03\/IMG-20211120-WA0006-1536x1152.jpg 1536w, https:\/\/dorit-linke.de\/wp-content\/uploads\/2025\/03\/IMG-20211120-WA0006-160x120.jpg 160w, https:\/\/dorit-linke.de\/wp-content\/uploads\/2025\/03\/IMG-20211120-WA0006.jpg 2000w\" sizes=\"auto, (max-width: 1024px) 100vw, 1024px\" \/><\/a><\/figure>\n\n\n\n<figure class=\"wp-block-image size-large\"><a href=\"https:\/\/dorit-linke.de\/wp-content\/uploads\/2025\/03\/IMG-20211121-WA0011.jpg\"><img loading=\"lazy\" decoding=\"async\" width=\"1024\" height=\"768\" data-id=\"7638\" src=\"https:\/\/dorit-linke.de\/wp-content\/uploads\/2025\/03\/IMG-20211121-WA0011.jpg\" alt=\"\" class=\"wp-image-7638\" srcset=\"https:\/\/dorit-linke.de\/wp-content\/uploads\/2025\/03\/IMG-20211121-WA0011.jpg 1024w, https:\/\/dorit-linke.de\/wp-content\/uploads\/2025\/03\/IMG-20211121-WA0011-300x225.jpg 300w, https:\/\/dorit-linke.de\/wp-content\/uploads\/2025\/03\/IMG-20211121-WA0011-768x576.jpg 768w, https:\/\/dorit-linke.de\/wp-content\/uploads\/2025\/03\/IMG-20211121-WA0011-160x120.jpg 160w\" sizes=\"auto, (max-width: 1024px) 100vw, 1024px\" \/><\/a><\/figure>\n<\/figure>\n\n\n\n<p><br>F\u00fcnf Passagiere reisen an Bord eines gro\u00dfen Schiffes, alle haben ihren Traum von einem neuen Leben im Gep\u00e4ck: Ein reicher Gesch\u00e4ftsmann, der sein Holz-Imperium vergr\u00f6\u00dfern will, seine widerspenstige Tochter, eine Revolution\u00e4rin, ein findiger Hochstapler und ein gefl\u00fcchtetes M\u00e4dchen. &nbsp;Doch dann: Rauch. Ein Knall. Das Schiff brennt! K\u00f6nnen sie trotz der Unterschiede zueinander finden? Wird es ihnen gemeinsam gelingen, die Katastrophe abzuwenden? <\/p>\n\n\n\n<p class=\"has-vivid-cyan-blue-color has-text-color has-link-color has-medium-font-size wp-elements-2230a8bfafbc22da3c19726d18ab43a9\"><em><strong>Theatertexte: Dorit Linke<\/strong><\/em><\/p>\n","protected":false},"excerpt":{"rendered":"<p>In Kooperation mit dem Theater Morgenstern Berlin Theatertexte von Dorit Linke 2026 -Trilogie der Kinderrechte Teil 2 Derzeit in Stoffentwicklung,&hellip;<\/p>\n","protected":false},"author":1,"featured_media":0,"parent":0,"menu_order":0,"comment_status":"closed","ping_status":"closed","template":"","meta":{"_monsterinsights_skip_tracking":false,"_monsterinsights_sitenote_active":false,"_monsterinsights_sitenote_note":"","_monsterinsights_sitenote_category":0,"footnotes":""},"class_list":["post-6105","page","type-page","status-publish","hentry"],"_links":{"self":[{"href":"https:\/\/dorit-linke.de\/en\/wp-json\/wp\/v2\/pages\/6105","targetHints":{"allow":["GET"]}}],"collection":[{"href":"https:\/\/dorit-linke.de\/en\/wp-json\/wp\/v2\/pages"}],"about":[{"href":"https:\/\/dorit-linke.de\/en\/wp-json\/wp\/v2\/types\/page"}],"author":[{"embeddable":true,"href":"https:\/\/dorit-linke.de\/en\/wp-json\/wp\/v2\/users\/1"}],"replies":[{"embeddable":true,"href":"https:\/\/dorit-linke.de\/en\/wp-json\/wp\/v2\/comments?post=6105"}],"version-history":[{"count":66,"href":"https:\/\/dorit-linke.de\/en\/wp-json\/wp\/v2\/pages\/6105\/revisions"}],"predecessor-version":[{"id":8006,"href":"https:\/\/dorit-linke.de\/en\/wp-json\/wp\/v2\/pages\/6105\/revisions\/8006"}],"wp:attachment":[{"href":"https:\/\/dorit-linke.de\/en\/wp-json\/wp\/v2\/media?parent=6105"}],"curies":[{"name":"wp","href":"https:\/\/api.w.org\/{rel}","templated":true}]}}