{"id":6939,"date":"2023-07-04T07:46:11","date_gmt":"2023-07-04T06:46:11","guid":{"rendered":"https:\/\/dorit-linke.de\/?page_id=6939"},"modified":"2025-12-02T07:10:47","modified_gmt":"2025-12-02T06:10:47","slug":"schreibwerkstatt-kindheit-und-jugend-in-der-ddr","status":"publish","type":"page","link":"https:\/\/dorit-linke.de\/en\/schreibwerkstatt-kindheit-und-jugend-in-der-ddr\/","title":{"rendered":"Schreibwerkstatt Kindheit und Jugend in der DDR"},"content":{"rendered":"\n<h3 class=\"wp-block-heading\">mit der Autorin Dorit Linke <\/h3>\n\n\n\n<figure class=\"wp-block-gallery has-nested-images columns-default is-cropped wp-block-gallery-1 is-layout-flex wp-block-gallery-is-layout-flex\">\n<figure class=\"wp-block-image size-large\"><a href=\"https:\/\/dorit-linke.de\/wp-content\/uploads\/2014\/03\/Cover.jpg\"><img loading=\"lazy\" decoding=\"async\" width=\"694\" height=\"1024\" data-id=\"120\" src=\"https:\/\/dorit-linke.de\/wp-content\/uploads\/2014\/03\/Cover-694x1024.jpg\" alt=\"\" class=\"wp-image-120\" srcset=\"https:\/\/dorit-linke.de\/wp-content\/uploads\/2014\/03\/Cover-694x1024.jpg 694w, https:\/\/dorit-linke.de\/wp-content\/uploads\/2014\/03\/Cover-203x300.jpg 203w, https:\/\/dorit-linke.de\/wp-content\/uploads\/2014\/03\/Cover.jpg 1200w\" sizes=\"auto, (max-width: 694px) 100vw, 694px\" \/><\/a><\/figure>\n\n\n\n<figure class=\"wp-block-image size-large\"><a href=\"https:\/\/dorit-linke.de\/wp-content\/uploads\/2019\/06\/Wir-sehen-uns-im-Westen-Cover.jpg\"><img loading=\"lazy\" decoding=\"async\" width=\"480\" height=\"748\" data-id=\"2515\" src=\"https:\/\/dorit-linke.de\/wp-content\/uploads\/2019\/06\/Wir-sehen-uns-im-Westen-Cover.jpg\" alt=\"\" class=\"wp-image-2515\" srcset=\"https:\/\/dorit-linke.de\/wp-content\/uploads\/2019\/06\/Wir-sehen-uns-im-Westen-Cover.jpg 480w, https:\/\/dorit-linke.de\/wp-content\/uploads\/2019\/06\/Wir-sehen-uns-im-Westen-Cover-193x300.jpg 193w\" sizes=\"auto, (max-width: 480px) 100vw, 480px\" \/><\/a><\/figure>\n\n\n\n<figure class=\"wp-block-image size-large\"><a href=\"https:\/\/dorit-linke.de\/wp-content\/uploads\/2024\/12\/Cover-Mats-und-Rea-scaled.jpg\"><img loading=\"lazy\" decoding=\"async\" width=\"652\" height=\"1024\" data-id=\"7509\" src=\"https:\/\/dorit-linke.de\/wp-content\/uploads\/2024\/12\/Cover-Mats-und-Rea-652x1024.jpg\" alt=\"Mats und Rea drehen am Rad der Geschichte\" class=\"wp-image-7509\" srcset=\"https:\/\/dorit-linke.de\/wp-content\/uploads\/2024\/12\/Cover-Mats-und-Rea-652x1024.jpg 652w, https:\/\/dorit-linke.de\/wp-content\/uploads\/2024\/12\/Cover-Mats-und-Rea-191x300.jpg 191w, https:\/\/dorit-linke.de\/wp-content\/uploads\/2024\/12\/Cover-Mats-und-Rea-768x1206.jpg 768w, https:\/\/dorit-linke.de\/wp-content\/uploads\/2024\/12\/Cover-Mats-und-Rea-978x1536.jpg 978w, https:\/\/dorit-linke.de\/wp-content\/uploads\/2024\/12\/Cover-Mats-und-Rea-1305x2048.jpg 1305w, https:\/\/dorit-linke.de\/wp-content\/uploads\/2024\/12\/Cover-Mats-und-Rea-scaled.jpg 1631w\" sizes=\"auto, (max-width: 652px) 100vw, 652px\" \/><\/a><\/figure>\n<\/figure>\n\n\n\n<p class=\"has-white-background-color has-background has-medium-font-size\"><strong>In der Schreibwerkstatt &#8220;Kindheit und Jugend in der DDR&#8221; sprechen wir \u00fcber die damalige Lebenswelt der jungen Menschen.<\/strong><\/p>\n\n\n\n<p class=\"has-white-background-color has-background has-medium-font-size\"><\/p>\n\n\n\n<h2 class=\"wp-block-heading\">Was erlebten Kinder und Jugendliche in der DDR?<\/h2>\n\n\n\n<figure class=\"wp-block-gallery has-nested-images columns-3 is-cropped wp-block-gallery-2 is-layout-flex wp-block-gallery-is-layout-flex\">\n<figure class=\"wp-block-image size-large\"><a href=\"https:\/\/dorit-linke.de\/wp-content\/uploads\/2023\/03\/1-1.jpg\" target=\"_blank\" rel=\"noreferrer noopener\"><img loading=\"lazy\" decoding=\"async\" width=\"1024\" height=\"1024\" data-id=\"6727\" src=\"https:\/\/dorit-linke.de\/wp-content\/uploads\/2023\/03\/1-1-1024x1024.jpg\" alt=\"\" class=\"wp-image-6727\" srcset=\"https:\/\/dorit-linke.de\/wp-content\/uploads\/2023\/03\/1-1-1024x1024.jpg 1024w, https:\/\/dorit-linke.de\/wp-content\/uploads\/2023\/03\/1-1-300x300.jpg 300w, https:\/\/dorit-linke.de\/wp-content\/uploads\/2023\/03\/1-1-150x150.jpg 150w, https:\/\/dorit-linke.de\/wp-content\/uploads\/2023\/03\/1-1-768x768.jpg 768w, https:\/\/dorit-linke.de\/wp-content\/uploads\/2023\/03\/1-1-1536x1536.jpg 1536w, https:\/\/dorit-linke.de\/wp-content\/uploads\/2023\/03\/1-1.jpg 1620w\" sizes=\"auto, (max-width: 1024px) 100vw, 1024px\" \/><\/a><\/figure>\n\n\n\n<figure class=\"wp-block-image size-large is-style-default\"><a href=\"https:\/\/dorit-linke.de\/wp-content\/uploads\/2023\/03\/3-1.jpg\" target=\"_blank\" rel=\"noreferrer noopener\"><img loading=\"lazy\" decoding=\"async\" width=\"1024\" height=\"1024\" data-id=\"6728\" src=\"https:\/\/dorit-linke.de\/wp-content\/uploads\/2023\/03\/3-1-1024x1024.jpg\" alt=\"DDR\" class=\"wp-image-6728\" srcset=\"https:\/\/dorit-linke.de\/wp-content\/uploads\/2023\/03\/3-1-1024x1024.jpg 1024w, https:\/\/dorit-linke.de\/wp-content\/uploads\/2023\/03\/3-1-300x300.jpg 300w, https:\/\/dorit-linke.de\/wp-content\/uploads\/2023\/03\/3-1-150x150.jpg 150w, https:\/\/dorit-linke.de\/wp-content\/uploads\/2023\/03\/3-1-768x768.jpg 768w, https:\/\/dorit-linke.de\/wp-content\/uploads\/2023\/03\/3-1-1536x1536.jpg 1536w, https:\/\/dorit-linke.de\/wp-content\/uploads\/2023\/03\/3-1.jpg 1620w\" sizes=\"auto, (max-width: 1024px) 100vw, 1024px\" \/><\/a><\/figure>\n\n\n\n<figure class=\"wp-block-image size-large\"><a href=\"https:\/\/dorit-linke.de\/wp-content\/uploads\/2023\/03\/2-1.jpg\" target=\"_blank\" rel=\"noreferrer noopener\"><img loading=\"lazy\" decoding=\"async\" width=\"1024\" height=\"1024\" data-id=\"6726\" src=\"https:\/\/dorit-linke.de\/wp-content\/uploads\/2023\/03\/2-1-1024x1024.jpg\" alt=\"\" class=\"wp-image-6726\" srcset=\"https:\/\/dorit-linke.de\/wp-content\/uploads\/2023\/03\/2-1-1024x1024.jpg 1024w, https:\/\/dorit-linke.de\/wp-content\/uploads\/2023\/03\/2-1-300x300.jpg 300w, https:\/\/dorit-linke.de\/wp-content\/uploads\/2023\/03\/2-1-150x150.jpg 150w, https:\/\/dorit-linke.de\/wp-content\/uploads\/2023\/03\/2-1-768x768.jpg 768w, https:\/\/dorit-linke.de\/wp-content\/uploads\/2023\/03\/2-1-1536x1536.jpg 1536w, https:\/\/dorit-linke.de\/wp-content\/uploads\/2023\/03\/2-1.jpg 1620w\" sizes=\"auto, (max-width: 1024px) 100vw, 1024px\" \/><\/a><\/figure>\n<\/figure>\n\n\n\n<p class=\"has-white-background-color has-background has-medium-font-size\">Daf\u00fcr lesen wir Originalbriefe von Jugendlichen aus den 80er Jahren und setzen uns mit dem damaligen System und den Anforderungen des Alltags auseinander.<\/p>\n\n\n\n<figure class=\"wp-block-gallery has-nested-images columns-3 is-cropped wp-block-gallery-3 is-layout-flex wp-block-gallery-is-layout-flex\">\n<figure class=\"wp-block-image size-large\"><a href=\"https:\/\/dorit-linke.de\/wp-content\/uploads\/2023\/03\/4.jpg\" target=\"_blank\" rel=\"noreferrer noopener\"><img loading=\"lazy\" decoding=\"async\" width=\"1620\" height=\"1620\" data-id=\"6731\" src=\"https:\/\/dorit-linke.de\/wp-content\/uploads\/2023\/03\/4-1024x1024.jpg\" alt=\"\" class=\"wp-image-6731\" srcset=\"https:\/\/dorit-linke.de\/wp-content\/uploads\/2023\/03\/4-1024x1024.jpg 1024w, https:\/\/dorit-linke.de\/wp-content\/uploads\/2023\/03\/4-300x300.jpg 300w, https:\/\/dorit-linke.de\/wp-content\/uploads\/2023\/03\/4-150x150.jpg 150w, https:\/\/dorit-linke.de\/wp-content\/uploads\/2023\/03\/4-768x768.jpg 768w, https:\/\/dorit-linke.de\/wp-content\/uploads\/2023\/03\/4-1536x1536.jpg 1536w, https:\/\/dorit-linke.de\/wp-content\/uploads\/2023\/03\/4.jpg 1620w\" sizes=\"auto, (max-width: 1620px) 100vw, 1620px\" \/><\/a><\/figure>\n\n\n\n<figure class=\"wp-block-image size-large\"><a href=\"https:\/\/dorit-linke.de\/wp-content\/uploads\/2023\/03\/5-1.jpg\" target=\"_blank\" rel=\"noreferrer noopener\"><img loading=\"lazy\" decoding=\"async\" width=\"1024\" height=\"1024\" data-id=\"6729\" src=\"https:\/\/dorit-linke.de\/wp-content\/uploads\/2023\/03\/5-1-1024x1024.jpg\" alt=\"\" class=\"wp-image-6729\" srcset=\"https:\/\/dorit-linke.de\/wp-content\/uploads\/2023\/03\/5-1-1024x1024.jpg 1024w, https:\/\/dorit-linke.de\/wp-content\/uploads\/2023\/03\/5-1-300x300.jpg 300w, https:\/\/dorit-linke.de\/wp-content\/uploads\/2023\/03\/5-1-150x150.jpg 150w, https:\/\/dorit-linke.de\/wp-content\/uploads\/2023\/03\/5-1-768x768.jpg 768w, https:\/\/dorit-linke.de\/wp-content\/uploads\/2023\/03\/5-1-1536x1536.jpg 1536w, https:\/\/dorit-linke.de\/wp-content\/uploads\/2023\/03\/5-1.jpg 1620w\" sizes=\"auto, (max-width: 1024px) 100vw, 1024px\" \/><\/a><\/figure>\n\n\n\n<figure class=\"wp-block-image size-large\"><a href=\"https:\/\/dorit-linke.de\/wp-content\/uploads\/2023\/03\/6-1.jpg\" target=\"_blank\" rel=\"noreferrer noopener\"><img loading=\"lazy\" decoding=\"async\" width=\"1024\" height=\"1024\" data-id=\"6730\" src=\"https:\/\/dorit-linke.de\/wp-content\/uploads\/2023\/03\/6-1-1024x1024.jpg\" alt=\"\" class=\"wp-image-6730\" srcset=\"https:\/\/dorit-linke.de\/wp-content\/uploads\/2023\/03\/6-1-1024x1024.jpg 1024w, https:\/\/dorit-linke.de\/wp-content\/uploads\/2023\/03\/6-1-300x300.jpg 300w, https:\/\/dorit-linke.de\/wp-content\/uploads\/2023\/03\/6-1-150x150.jpg 150w, https:\/\/dorit-linke.de\/wp-content\/uploads\/2023\/03\/6-1-768x768.jpg 768w, https:\/\/dorit-linke.de\/wp-content\/uploads\/2023\/03\/6-1-1536x1536.jpg 1536w, https:\/\/dorit-linke.de\/wp-content\/uploads\/2023\/03\/6-1.jpg 1620w\" sizes=\"auto, (max-width: 1024px) 100vw, 1024px\" \/><\/a><\/figure>\n<\/figure>\n\n\n\n<p class=\"has-white-background-color has-background has-medium-font-size\">Wir begeben uns mitten hinein in das Erleben damaliger Heranwachsender und schreiben Texte &#8211; rebellische und angepasste. Dabei kommen die Sch\u00fcler:innen immer wieder auf die wichtige Frage zur\u00fcck: Wie h\u00e4tten sie selbst sich unter den damaligen Bedingungen verhalten?<\/p>\n\n\n\n<p><\/p>\n\n\n\n<figure class=\"wp-block-gallery has-nested-images columns-3 is-cropped wp-block-gallery-4 is-layout-flex wp-block-gallery-is-layout-flex\">\n<figure class=\"wp-block-image size-large\"><a href=\"https:\/\/dorit-linke.de\/wp-content\/uploads\/2023\/03\/7-1.jpg\" target=\"_blank\" rel=\"noreferrer noopener\"><img loading=\"lazy\" decoding=\"async\" width=\"1024\" height=\"1024\" data-id=\"6732\" src=\"https:\/\/dorit-linke.de\/wp-content\/uploads\/2023\/03\/7-1-1024x1024.jpg\" alt=\"\" class=\"wp-image-6732\" srcset=\"https:\/\/dorit-linke.de\/wp-content\/uploads\/2023\/03\/7-1-1024x1024.jpg 1024w, https:\/\/dorit-linke.de\/wp-content\/uploads\/2023\/03\/7-1-300x300.jpg 300w, https:\/\/dorit-linke.de\/wp-content\/uploads\/2023\/03\/7-1-150x150.jpg 150w, https:\/\/dorit-linke.de\/wp-content\/uploads\/2023\/03\/7-1-768x768.jpg 768w, https:\/\/dorit-linke.de\/wp-content\/uploads\/2023\/03\/7-1-1536x1536.jpg 1536w, https:\/\/dorit-linke.de\/wp-content\/uploads\/2023\/03\/7-1.jpg 1620w\" sizes=\"auto, (max-width: 1024px) 100vw, 1024px\" \/><\/a><\/figure>\n\n\n\n<figure class=\"wp-block-image size-large\"><a href=\"https:\/\/dorit-linke.de\/wp-content\/uploads\/2023\/03\/8.jpg\" target=\"_blank\" rel=\"noreferrer noopener\"><img loading=\"lazy\" decoding=\"async\" width=\"1024\" height=\"1024\" data-id=\"6734\" src=\"https:\/\/dorit-linke.de\/wp-content\/uploads\/2023\/03\/8-1024x1024.jpg\" alt=\"\" class=\"wp-image-6734\" srcset=\"https:\/\/dorit-linke.de\/wp-content\/uploads\/2023\/03\/8-1024x1024.jpg 1024w, https:\/\/dorit-linke.de\/wp-content\/uploads\/2023\/03\/8-300x300.jpg 300w, https:\/\/dorit-linke.de\/wp-content\/uploads\/2023\/03\/8-150x150.jpg 150w, https:\/\/dorit-linke.de\/wp-content\/uploads\/2023\/03\/8-768x768.jpg 768w, https:\/\/dorit-linke.de\/wp-content\/uploads\/2023\/03\/8-1536x1536.jpg 1536w, https:\/\/dorit-linke.de\/wp-content\/uploads\/2023\/03\/8.jpg 1620w\" sizes=\"auto, (max-width: 1024px) 100vw, 1024px\" \/><\/a><\/figure>\n\n\n\n<figure class=\"wp-block-image size-large\"><a href=\"https:\/\/dorit-linke.de\/wp-content\/uploads\/2023\/03\/9.jpg\" target=\"_blank\" rel=\"noreferrer noopener\"><img loading=\"lazy\" decoding=\"async\" width=\"1024\" height=\"1024\" data-id=\"6733\" src=\"https:\/\/dorit-linke.de\/wp-content\/uploads\/2023\/03\/9-1024x1024.jpg\" alt=\"\" class=\"wp-image-6733\" srcset=\"https:\/\/dorit-linke.de\/wp-content\/uploads\/2023\/03\/9-1024x1024.jpg 1024w, https:\/\/dorit-linke.de\/wp-content\/uploads\/2023\/03\/9-300x300.jpg 300w, https:\/\/dorit-linke.de\/wp-content\/uploads\/2023\/03\/9-150x150.jpg 150w, https:\/\/dorit-linke.de\/wp-content\/uploads\/2023\/03\/9-768x768.jpg 768w, https:\/\/dorit-linke.de\/wp-content\/uploads\/2023\/03\/9-1536x1536.jpg 1536w, https:\/\/dorit-linke.de\/wp-content\/uploads\/2023\/03\/9.jpg 1620w\" sizes=\"auto, (max-width: 1024px) 100vw, 1024px\" \/><\/a><\/figure>\n<\/figure>\n\n\n\n<h2 class=\"wp-block-heading has-luminous-vivid-orange-background-color has-background\">Schreibworkshop &#8220;DDR und Diktatur&#8221; mit den Themen<\/h2>\n\n\n\n<p class=\"has-text-align-center has-background has-medium-font-size\" style=\"background-color:#e5f8e5\"><strong>Alltag in der DDR<\/strong><\/p>\n\n\n\n<p class=\"has-text-align-center has-background has-medium-font-size\" style=\"background-color:#d0eaf6\"><strong>Jugend in der DDR<\/strong><\/p>\n\n\n\n<p class=\"has-text-align-center has-background has-medium-font-size\" style=\"background-color:#e5f8e5\"><strong>Leben in der Diktatur<\/strong><\/p>\n\n\n\n<p class=\"has-text-align-center has-background has-medium-font-size\" style=\"background-color:#d0eaf6\"><strong>Sport in der DDR<\/strong><\/p>\n\n\n\n<p class=\"has-text-align-center has-background has-medium-font-size\" style=\"background-color:#e5f8e5\"><strong>Schule in der DDR<\/strong><\/p>\n\n\n\n<p class=\"has-text-align-center has-background has-medium-font-size\" style=\"background-color:#d0eaf6\"><strong>Mauerfall 1989<\/strong><\/p>\n\n\n\n<p class=\"has-text-align-center has-background has-medium-font-size\" style=\"background-color:#e5f8e5\"><strong>Transformationsprozesse nach 1990<\/strong><\/p>\n\n\n\n<p class=\"has-white-background-color has-background has-medium-font-size\"><strong>Bei Interesse freue ich mich \u00fcber eine Nachricht \u00fcber dieses Formular. Danke.<\/strong><\/p>\n\n\n\n<div class=\"wp-block-contact-form-7-contact-form-selector\">\n<div class=\"wpcf7 no-js\" id=\"wpcf7-f98-o1\" lang=\"de-DE\" dir=\"ltr\" data-wpcf7-id=\"98\">\n<div class=\"screen-reader-response\"><p role=\"status\" aria-live=\"polite\" aria-atomic=\"true\"><\/p> <ul><\/ul><\/div>\n<form action=\"\/en\/wp-json\/wp\/v2\/pages\/6939#wpcf7-f98-o1\" method=\"post\" class=\"wpcf7-form init\" aria-label=\"Kontaktformular\" novalidate=\"novalidate\" data-status=\"init\">\n<fieldset class=\"hidden-fields-container\"><input type=\"hidden\" name=\"_wpcf7\" value=\"98\" \/><input type=\"hidden\" name=\"_wpcf7_version\" value=\"6.1.4\" \/><input type=\"hidden\" name=\"_wpcf7_locale\" value=\"de_DE\" \/><input type=\"hidden\" name=\"_wpcf7_unit_tag\" value=\"wpcf7-f98-o1\" \/><input type=\"hidden\" name=\"_wpcf7_container_post\" value=\"0\" \/><input type=\"hidden\" name=\"_wpcf7_posted_data_hash\" value=\"\" \/>\n<\/fieldset>\n<p>Ihr Name (Pflichtfeld)\n<\/p>\n<p><span class=\"wpcf7-form-control-wrap\" data-name=\"your-name\"><input size=\"40\" maxlength=\"400\" class=\"wpcf7-form-control wpcf7-text wpcf7-validates-as-required\" aria-required=\"true\" aria-invalid=\"false\" value=\"\" type=\"text\" name=\"your-name\" \/><\/span>\n<\/p>\n<p>Ihre E-Mail-Adresse (Pflichtfeld)\n<\/p>\n<p><span class=\"wpcf7-form-control-wrap\" data-name=\"your-email\"><input size=\"40\" maxlength=\"400\" class=\"wpcf7-form-control wpcf7-email wpcf7-validates-as-required wpcf7-text wpcf7-validates-as-email\" aria-required=\"true\" aria-invalid=\"false\" value=\"\" type=\"email\" name=\"your-email\" \/><\/span>\n<\/p>\n<p>Betreff (Pflichtfeld)\n<\/p>\n<p><span class=\"wpcf7-form-control-wrap\" data-name=\"your-subject\"><input size=\"40\" maxlength=\"400\" class=\"wpcf7-form-control wpcf7-text wpcf7-validates-as-required\" aria-required=\"true\" aria-invalid=\"false\" value=\"\" type=\"text\" name=\"your-subject\" \/><\/span>\n<\/p>\n<p>Ihre Nachricht (Pflichtfeld)\n<\/p>\n<p><span class=\"wpcf7-form-control-wrap\" data-name=\"your-message\"><textarea cols=\"40\" rows=\"10\" maxlength=\"2000\" class=\"wpcf7-form-control wpcf7-textarea wpcf7-validates-as-required\" aria-required=\"true\" aria-invalid=\"false\" name=\"your-message\"><\/textarea><\/span>\n<\/p>\n<p><label> Einwilligung<br \/>\nIch willige ein, dass von mir im Rahmen des Kontaktformulars eingegebene Daten gespeichert und zur Bearbeitung der Anfrage genutzt werden. Eine Weitergabe erfolgt nicht. Weitere Informationen erhalten Sie auf unserer Datenschutzerkl\u00e4rung.<br \/>\n<span class=\"wpcf7-form-control-wrap\" data-name=\"acceptance-329\"><span class=\"wpcf7-form-control wpcf7-acceptance\"><span class=\"wpcf7-list-item\"><input type=\"checkbox\" name=\"acceptance-329\" value=\"1\" aria-invalid=\"false\" \/><\/span><\/span><\/span><br \/>\n<span class=\"wpcf7-form-control-wrap kc_captcha\" data-name=\"kc_captcha\"><span class=\"wpcf7-form-control wpcf7-radio\"><span class=\"captcha-image\" ><span class=\"cf7ic_instructions\">Bitte beweise, dass du kein Spambot bist und w\u00e4hle das Symbol<span> Stern<\/span>.<\/span><label><input aria-label=\"1\" type=\"radio\" name=\"kc_captcha\" value=\"kc_human\" \/><svg aria-hidden=\"true\" role=\"img\" xmlns=\"http:\/\/www.w3.org\/2000\/svg\" viewBox=\"0 0 576 512\"><path fill=\"currentColor\" d=\"M259 18l-65 132-146 22c-26 3-37 36-18 54l106 103-25 146c-5 26 23 46 46 33l131-68 131 68c23 13 51-7 46-33l-25-146 106-103c19-18 8-51-18-54l-146-22-65-132a32 32 0 00-58 0z\"\/><\/svg><\/label><label><input aria-label=\"2\" type=\"radio\" name=\"kc_captcha\" value=\"bot\" \/><svg aria-hidden=\"true\" role=\"img\" xmlns=\"http:\/\/www.w3.org\/2000\/svg\" viewBox=\"0 0 512 512\"><path fill=\"currentColor\" d=\"M350 99c-54 0-98-35-166-35-25 0-47 4-68 12a56 56 0 004-24C118 24 95 1 66 0a56 56 0 00-34 102v386c0 13 11 24 24 24h16c13 0 24-11 24-24v-94c28-12 64-23 114-23 54 0 98 35 166 35 48 0 86-16 122-41 9-6 14-15 14-26V96c0-23-24-39-45-29-35 16-77 32-117 32z\"\/><\/svg><\/label><label><input aria-label=\"3\" type=\"radio\" name=\"kc_captcha\" value=\"bot\" \/><svg aria-hidden=\"true\" role=\"img\" xmlns=\"http:\/\/www.w3.org\/2000\/svg\" viewBox=\"0 0 512 512\"><path fill=\"currentColor\" d=\"M512 176a176 176 0 01-209 173l-24 27a24 24 0 01-18 8h-37v40c0 13-11 24-24 24h-40v40c0 13-11 24-24 24H24c-13 0-24-11-24-24v-78c0-6 3-13 7-17l162-162a176 176 0 11343-55zm-176-48a48 48 0 1096 0 48 48 0 00-96 0z\"\/><\/svg><\/label>\r\n    <\/span>\r\n    <span style=\"display:none\">\r\n        <input type=\"text\" name=\"kc_honeypot\">\r\n    <\/span><\/span><\/span><br \/>\n<\/label>\n<\/p>\n<p><input class=\"wpcf7-form-control wpcf7-submit has-spinner\" type=\"submit\" value=\"Senden\" \/>\n<\/p><div class=\"wpcf7-response-output\" aria-hidden=\"true\"><\/div>\n<\/form>\n<\/div>\n<\/div>\n\n\n\n<p class=\"has-medium-font-size\"><\/p>\n","protected":false},"excerpt":{"rendered":"<p>mit der Autorin Dorit Linke In der Schreibwerkstatt &#8220;Kindheit und Jugend in der DDR&#8221; sprechen wir \u00fcber die damalige Lebenswelt&hellip;<\/p>\n","protected":false},"author":1,"featured_media":0,"parent":0,"menu_order":0,"comment_status":"closed","ping_status":"closed","template":"","meta":{"_monsterinsights_skip_tracking":false,"_monsterinsights_sitenote_active":false,"_monsterinsights_sitenote_note":"","_monsterinsights_sitenote_category":0,"footnotes":""},"class_list":["post-6939","page","type-page","status-publish","hentry"],"_links":{"self":[{"href":"https:\/\/dorit-linke.de\/en\/wp-json\/wp\/v2\/pages\/6939","targetHints":{"allow":["GET"]}}],"collection":[{"href":"https:\/\/dorit-linke.de\/en\/wp-json\/wp\/v2\/pages"}],"about":[{"href":"https:\/\/dorit-linke.de\/en\/wp-json\/wp\/v2\/types\/page"}],"author":[{"embeddable":true,"href":"https:\/\/dorit-linke.de\/en\/wp-json\/wp\/v2\/users\/1"}],"replies":[{"embeddable":true,"href":"https:\/\/dorit-linke.de\/en\/wp-json\/wp\/v2\/comments?post=6939"}],"version-history":[{"count":11,"href":"https:\/\/dorit-linke.de\/en\/wp-json\/wp\/v2\/pages\/6939\/revisions"}],"predecessor-version":[{"id":7886,"href":"https:\/\/dorit-linke.de\/en\/wp-json\/wp\/v2\/pages\/6939\/revisions\/7886"}],"wp:attachment":[{"href":"https:\/\/dorit-linke.de\/en\/wp-json\/wp\/v2\/media?parent=6939"}],"curies":[{"name":"wp","href":"https:\/\/api.w.org\/{rel}","templated":true}]}}