{"id":711,"date":"2015-08-06T07:12:18","date_gmt":"2015-08-06T06:12:18","guid":{"rendered":"https:\/\/dorit-linke.de\/?page_id=711"},"modified":"2022-10-29T17:27:46","modified_gmt":"2022-10-29T16:27:46","slug":"eselsohr-kathrin-koeller-zu-fett-kohle","status":"publish","type":"page","link":"https:\/\/dorit-linke.de\/en\/eselsohr-kathrin-koeller-zu-fett-kohle\/","title":{"rendered":"Eselsohr, Kathrin K\u00f6ller zu Fett Kohle"},"content":{"rendered":"\n<h2 class=\"wp-block-heading\">Eselsohr: <strong>N\u00e4chster Stopp Berlin<\/strong><\/h2>\n\n\n\n<p>Berlin Schillerkiez. Eine Gegend, wo das Aufwachsen nicht so einfach ist. Jedenfalls nicht f\u00fcr Niklas, dessen Vater auf Mallorca hockt. Stattdessen hat es sich Kaminski bei ihnen zu Hause gem\u00fctlich gemacht, der die Tage vor dem Fernseher verbringt und wegen dem Niklas st\u00e4ndig Streit mit seiner Mutter hat. Au\u00dferhalb der Wohnung sieht es nicht viel besser aus: Da warten Murat und seine Gang, vor denen Niklas sich in Acht nehmen muss. Aber dann passiert etwas eigentlich v\u00f6llig Unglaubliches, der Traum eines jeden, der raus will aus trostlosen Verh\u00e4ltnissen. Bankr\u00e4uber werfen auf der Flucht vor der Polizei eine Tasche mit<strong> Fett Kohle<\/strong> in den M\u00fcllcontainer vor Niklas&#8217; Haus. Ohne gro\u00df nachzudenken fischt Niklas die Tasche aus dem M\u00fcll. In einer Mischung aus Hoffnung auf bessere Zeiten und \u201ejetzt k\u00f6nnen wir das Geld auch nicht mehr zur\u00fcckgeben\u201c vergraben er und sein Freund Felix die Tasche und geraten in einen Strudel von Verfolgern. Da sind Cowboy und Glatzenmann, die brutal-dummen Diebe, die konsequent ihrer Ahnung nachgehen, dass Niklas und Felix die Diebe der Diebe sein k\u00f6nnten. Der erste Versuch, die Gangster mit einer fingierten Geld\u00fcbergabe aufs Tempelhofer Feld zu locken, scheitert und w\u00e4re f\u00fcr die beiden schlimm ausgegangen, w\u00e4re da nicht der omin\u00f6se George, ein Engl\u00e4nder, mit dem sich nur per \u00dcbersetzungsger\u00e4t kommunizieren l\u00e4sst.<\/p>\n\n\n\n<p>Dorit Linke hat mit ihrem zweiten Roman nicht nur einen spannenden Kinderkrimi geschrieben, sondern tritt auch in die Fu\u00dfstapfen Erich K\u00e4stners. Genau beobachtend und sprachlich so witzig wie authentisch, zeichnet sie ganz nebenbei das Bild eines sozialen Milieus, in dem Armut und Lethargie herrschen und die erwachsenen Vorbilder fehlen. Trotzdem begegnet Linke ihren Charakteren mit viel Liebe, gerade auch in ihren Schw\u00e4chen. Und am Schluss gibt es nicht nur einen tollen Showdown auf dem Tempelhofer Feld \u2013 dem Alliierten-Flugplatz, der seit seiner Schlie\u00dfung zur urbanen Oase der Berliner geworden ist &#8211; , sondern auch eine lernf\u00e4hige Mutter.<\/p>\n\n\n\n<p>Ein Muss f\u00fcr alle Berlin-Liebhaber und Krimibegeisterten ab 10 Jahren.<\/p>\n\n\n\n<p><strong>Quelle: Eselsohr<\/strong>, August 2015,&nbsp;Kathrin K\u00f6ller<br>Fachzeitschrift f\u00fcr Kinder- und Jugendmedien<\/p>\n","protected":false},"excerpt":{"rendered":"<p>Eselsohr: N\u00e4chster Stopp Berlin Berlin Schillerkiez. Eine Gegend, wo das Aufwachsen nicht so einfach ist. Jedenfalls nicht f\u00fcr Niklas, dessen&hellip;<\/p>\n","protected":false},"author":1,"featured_media":0,"parent":0,"menu_order":0,"comment_status":"closed","ping_status":"closed","template":"","meta":{"_monsterinsights_skip_tracking":false,"_monsterinsights_sitenote_active":false,"_monsterinsights_sitenote_note":"","_monsterinsights_sitenote_category":0,"footnotes":""},"class_list":["post-711","page","type-page","status-publish","hentry"],"_links":{"self":[{"href":"https:\/\/dorit-linke.de\/en\/wp-json\/wp\/v2\/pages\/711","targetHints":{"allow":["GET"]}}],"collection":[{"href":"https:\/\/dorit-linke.de\/en\/wp-json\/wp\/v2\/pages"}],"about":[{"href":"https:\/\/dorit-linke.de\/en\/wp-json\/wp\/v2\/types\/page"}],"author":[{"embeddable":true,"href":"https:\/\/dorit-linke.de\/en\/wp-json\/wp\/v2\/users\/1"}],"replies":[{"embeddable":true,"href":"https:\/\/dorit-linke.de\/en\/wp-json\/wp\/v2\/comments?post=711"}],"version-history":[{"count":9,"href":"https:\/\/dorit-linke.de\/en\/wp-json\/wp\/v2\/pages\/711\/revisions"}],"predecessor-version":[{"id":6479,"href":"https:\/\/dorit-linke.de\/en\/wp-json\/wp\/v2\/pages\/711\/revisions\/6479"}],"wp:attachment":[{"href":"https:\/\/dorit-linke.de\/en\/wp-json\/wp\/v2\/media?parent=711"}],"curies":[{"name":"wp","href":"https:\/\/api.w.org\/{rel}","templated":true}]}}