{"id":7199,"date":"2023-11-15T10:48:35","date_gmt":"2023-11-15T09:48:35","guid":{"rendered":"https:\/\/dorit-linke.de\/?page_id=7199"},"modified":"2025-06-05T21:22:22","modified_gmt":"2025-06-05T20:22:22","slug":"ich-bin-ein-bus","status":"publish","type":"page","link":"https:\/\/dorit-linke.de\/en\/ich-bin-ein-bus\/","title":{"rendered":"Ich bin ein Bus"},"content":{"rendered":"\n<p>Dem Bus wird im Feierabendverkehr die Vorfahrt genommen. Vollbremsung. Mehrere Fahrg\u00e4ste fliegen nach vorn durch, kreischen, ein Kind weint. Ich habe einen Sitzplatz (gl\u00fccklicherweise). <br>Der Busfahrer br\u00fcllt aus dem Fenster. &#8220;Geht&#8217;s noch? Alter! Hast du sie nicht mehr alle?&#8221; <br>Der Autofahrer \u00f6ffnet die T\u00fcr, ruft aggressiv: &#8220;Ich hab dich nicht gesehen!&#8221; <br>Busfahrer: &#8220;Du hast mich nicht gesehen???? ICH BIN EIN BUS!!!&#8221; <br>Mehrere Fahrg\u00e4ste fotografieren eifrig das Nummernschild des Autos, w\u00e4hrend der Busfahrer durch den Bus rast. &#8220;Ist jemand verletzt oder besch\u00e4digt?&#8221; Dies wird verneint. <br>Das Auto, das quer auf der Stra\u00dfe steht und von anderen Autos angehupt wird, f\u00e4hrt einfach weg. &#8220;Fahrerflucht, Fahrerflucht&#8221;, br\u00fcllt der Busfahrer, springt gestikulierend aus dem Bus und rennt dem Auto nach (sinnlos). Auch der Bus steht quer auf der Stra\u00dfe, in der D\u00e4mmerung hell erleuchtet und mit ge\u00f6ffneten T\u00fcren. Zeit f\u00fcr einen gut platzierten Kommentar.<br>Ich sage: &#8220;Typisch Berlin w\u00e4re, wenn jetzt spontan Leute einsteigen w\u00fcrden.&#8221; <br>Die Frau neben mir (unbekannt) prustet los, rammt mir ihren Ellenbogen in die Seite und lacht mehrere Sekunden lang laut, als w\u00e4ren wir nach jahrzehntelanger Freundschaft gemeinsam in einer Kneipe.<br>&#8220;Jemand verletzt?&#8221;, fragt der zur\u00fcckgekehrte Busfahrer.<br>&#8220;Nein!&#8221;, rufen die Fahrg\u00e4ste.<br>&#8220;Dann geht&#8217;s jetzt weiter.&#8221;<br>&#8220;Ja!&#8221;, rufen die Fahrg\u00e4ste.<br>Der Bus f\u00e4hrt los, und sofort ert\u00f6nt die automatische, v\u00f6llig \u00fcberfl\u00fcssige Ansage: &#8220;Bitte halten Sie sich w\u00e4hrend der Fahrt fest.&#8221;<\/p>\n\n\n\n<div class=\"wp-block-buttons is-layout-flex wp-block-buttons-is-layout-flex\">\n<div class=\"wp-block-button\"><a class=\"wp-block-button__link wp-element-button\" href=\"https:\/\/dorit-linke.de\/im-zug\/\">Im Zug nach Berlin<\/a><\/div>\n<\/div>\n","protected":false},"excerpt":{"rendered":"<p>Dem Bus wird im Feierabendverkehr die Vorfahrt genommen. Vollbremsung. Mehrere Fahrg\u00e4ste fliegen nach vorn durch, kreischen, ein Kind weint. Ich&hellip;<\/p>\n","protected":false},"author":1,"featured_media":0,"parent":0,"menu_order":0,"comment_status":"closed","ping_status":"closed","template":"","meta":{"_monsterinsights_skip_tracking":false,"_monsterinsights_sitenote_active":false,"_monsterinsights_sitenote_note":"","_monsterinsights_sitenote_category":0,"footnotes":""},"class_list":["post-7199","page","type-page","status-publish","hentry"],"_links":{"self":[{"href":"https:\/\/dorit-linke.de\/en\/wp-json\/wp\/v2\/pages\/7199","targetHints":{"allow":["GET"]}}],"collection":[{"href":"https:\/\/dorit-linke.de\/en\/wp-json\/wp\/v2\/pages"}],"about":[{"href":"https:\/\/dorit-linke.de\/en\/wp-json\/wp\/v2\/types\/page"}],"author":[{"embeddable":true,"href":"https:\/\/dorit-linke.de\/en\/wp-json\/wp\/v2\/users\/1"}],"replies":[{"embeddable":true,"href":"https:\/\/dorit-linke.de\/en\/wp-json\/wp\/v2\/comments?post=7199"}],"version-history":[{"count":6,"href":"https:\/\/dorit-linke.de\/en\/wp-json\/wp\/v2\/pages\/7199\/revisions"}],"predecessor-version":[{"id":7825,"href":"https:\/\/dorit-linke.de\/en\/wp-json\/wp\/v2\/pages\/7199\/revisions\/7825"}],"wp:attachment":[{"href":"https:\/\/dorit-linke.de\/en\/wp-json\/wp\/v2\/media?parent=7199"}],"curies":[{"name":"wp","href":"https:\/\/api.w.org\/{rel}","templated":true}]}}