{"id":7499,"date":"2024-12-13T11:01:35","date_gmt":"2024-12-13T10:01:35","guid":{"rendered":"https:\/\/dorit-linke.de\/?page_id=7499"},"modified":"2025-12-31T16:16:04","modified_gmt":"2025-12-31T15:16:04","slug":"out-now-mats-und-rea-drehen-am-rad-der-geschichte","status":"publish","type":"page","link":"https:\/\/dorit-linke.de\/en\/out-now-mats-und-rea-drehen-am-rad-der-geschichte\/","title":{"rendered":"Mats und Rea drehen am Rad der Geschichte"},"content":{"rendered":"\n<p><strong>Ein M\u00e4dchen. Ein Junge. Ein Zeitsprung. Ein Abenteuer in der DDR.<\/strong><\/p>\n\n\n\n<div class=\"wp-block-media-text is-stacked-on-mobile\" style=\"grid-template-columns:30% auto\"><figure class=\"wp-block-media-text__media\"><img loading=\"lazy\" decoding=\"async\" width=\"1024\" height=\"1024\" src=\"https:\/\/dorit-linke.de\/wp-content\/uploads\/2024\/12\/Logo-Kinderbr-2-1024x1024.png\" alt=\"Kinderbuch DDR Dorit Linke\" class=\"wp-image-7438 size-full\" srcset=\"https:\/\/dorit-linke.de\/wp-content\/uploads\/2024\/12\/Logo-Kinderbr-2-1024x1024.png 1024w, https:\/\/dorit-linke.de\/wp-content\/uploads\/2024\/12\/Logo-Kinderbr-2-300x300.png 300w, https:\/\/dorit-linke.de\/wp-content\/uploads\/2024\/12\/Logo-Kinderbr-2-150x150.png 150w, https:\/\/dorit-linke.de\/wp-content\/uploads\/2024\/12\/Logo-Kinderbr-2-768x768.png 768w, https:\/\/dorit-linke.de\/wp-content\/uploads\/2024\/12\/Logo-Kinderbr-2-1536x1536.png 1536w, https:\/\/dorit-linke.de\/wp-content\/uploads\/2024\/12\/Logo-Kinderbr-2.png 1772w\" sizes=\"auto, (max-width: 1024px) 100vw, 1024px\" \/><\/figure><div class=\"wp-block-media-text__content\">\n<p><strong>Mats und Rea drehen am Rad der Geschichte\u201c<br>Band 1: Die Telefonzelle<\/strong><br><br>F\u00fcr Kinder von 9 bis 12<\/p>\n<\/div><\/div>\n\n\n\n<p>Mats und Rea betreten eine alte Telefonzelle \u2013 und landen im Jahr 1985, mitten im Osten Deutschlands. In einer Welt ohne Handys, mit seltsamen Vintage-Klamotten, extrem neugierigen Kindern und einem v\u00f6llig anderen Alltag. Was als lustige Zeitreise beginnt, wird schnell schr\u00e4g und absurd, als sie in einem Ferienlager auf die Regeln der DDR sto\u00dfen \u2013 und auf Peggy, die ihre Hilfe braucht. K\u00f6nnen Rea und Mats die Geschichte beeinflussen? F\u00fcr Kinder von 9 bis 12.<\/p>\n\n\n\n<p><strong><strong><strong>Die Zeitreise beginnt.<\/strong><\/strong><\/strong><\/p>\n\n\n\n<div class=\"wp-block-media-text is-stacked-on-mobile\" style=\"grid-template-columns:35% auto\"><figure class=\"wp-block-media-text__media\"><img decoding=\"async\" src=\"https:\/\/matsundreabooks.de\/wp-content\/uploads\/2024\/11\/Hardcover_Dorit_-2.11.24-1-1024x974.jpg\" alt=\"Mats und Rea DDR Kinderb\u00fccher\" class=\"wp-image-250 size-full\"\/><\/figure><div class=\"wp-block-media-text__content\">\n<p>Nachdem der B\u00fcrgermeister eine Rede \u00fcber das letzte Mahnmal der analogen Kommunikation gehalten hat, betreten Rea und Mats heimlich das muffige Relikt. Sie ahnen nicht, was ihnen bevorsteht: Ein Zeitsprung ins Jahr 1985, mitten hinein in die DDR, \u00fcber die sie wenig wissen. Als sie die Telefonzelle verlassen, stehen sie auf einem Feldweg, umgeben von alten Garagen und Wiesen. Kein Berlin, kein 2024 \u2013 Was zur H\u00f6lle ist passiert?<\/p>\n<\/div><\/div>\n\n\n\n<p class=\"has-white-color has-text-color has-link-color wp-elements-7e4ac651328708ea719ac0894fa30934\">.<\/p>\n\n\n\n<p>Kaum haben sie sich gefasst, werden sie von einer Horde Kinder auf eine Nachtwanderung mitgenommen. Rea und Mats sind verwirrt \u2013 Vintageklamotten, komisches Benehmen, vertrautes Deutsch mit seltsamen W\u00f6rtern. Im Ferienlager in Th\u00fcringen, wohin sie die Kindergruppe einschleust, stolpern sie durch eine Welt voller Widerspr\u00fcche: Herzlichkeit und Kontrolle, Freundschaft und Anpassung. Sie treffen Peggy \u2013 eine Au\u00dfenseiterin mit traurigem Blick. Und w\u00e4hrend Mats st\u00e4ndig vor Zeitparadoxen warnt, stellt sich Rea gegen das System: Regeln hinterfragen? Immer. Den Mund halten? Niemals. <\/p>\n\n\n\n<p>Und dann wird das Abenteuer ernst. Was, wenn Rea und Mats der Weg zur\u00fcck ins Jahr 2024 f\u00fcr immer versperrt bleibt?<\/p>\n\n\n\n<p class=\"has-white-color has-text-color has-link-color wp-elements-7e4ac651328708ea719ac0894fa30934\">.<\/p>\n\n\n\n<figure class=\"wp-block-gallery has-nested-images columns-3 is-cropped wp-block-gallery-1 is-layout-flex wp-block-gallery-is-layout-flex\">\n<figure class=\"wp-block-image size-large\"><a href=\"https:\/\/dorit-linke.de\/wp-content\/uploads\/2024\/12\/2-scaled.jpg\"><img loading=\"lazy\" decoding=\"async\" width=\"1024\" height=\"1024\" data-id=\"7557\" src=\"https:\/\/dorit-linke.de\/wp-content\/uploads\/2024\/12\/2-1024x1024.jpg\" alt=\"Rezension Mats und Rea drehen am Rad der Geschichte\" class=\"wp-image-7557\" srcset=\"https:\/\/dorit-linke.de\/wp-content\/uploads\/2024\/12\/2-1024x1024.jpg 1024w, https:\/\/dorit-linke.de\/wp-content\/uploads\/2024\/12\/2-300x300.jpg 300w, https:\/\/dorit-linke.de\/wp-content\/uploads\/2024\/12\/2-150x150.jpg 150w, https:\/\/dorit-linke.de\/wp-content\/uploads\/2024\/12\/2-768x768.jpg 768w, https:\/\/dorit-linke.de\/wp-content\/uploads\/2024\/12\/2-1536x1536.jpg 1536w, https:\/\/dorit-linke.de\/wp-content\/uploads\/2024\/12\/2-2048x2048.jpg 2048w\" sizes=\"auto, (max-width: 1024px) 100vw, 1024px\" \/><\/a><\/figure>\n\n\n\n<figure class=\"wp-block-image size-large\"><a href=\"https:\/\/dorit-linke.de\/wp-content\/uploads\/2024\/12\/3-scaled.jpg\"><img loading=\"lazy\" decoding=\"async\" width=\"1024\" height=\"1024\" data-id=\"7555\" src=\"https:\/\/dorit-linke.de\/wp-content\/uploads\/2024\/12\/3-1024x1024.jpg\" alt=\"Rezension Mats und Rea drehen am Rad der Geschichte\" class=\"wp-image-7555\" srcset=\"https:\/\/dorit-linke.de\/wp-content\/uploads\/2024\/12\/3-1024x1024.jpg 1024w, https:\/\/dorit-linke.de\/wp-content\/uploads\/2024\/12\/3-300x300.jpg 300w, https:\/\/dorit-linke.de\/wp-content\/uploads\/2024\/12\/3-150x150.jpg 150w, https:\/\/dorit-linke.de\/wp-content\/uploads\/2024\/12\/3-768x768.jpg 768w, https:\/\/dorit-linke.de\/wp-content\/uploads\/2024\/12\/3-1536x1536.jpg 1536w, https:\/\/dorit-linke.de\/wp-content\/uploads\/2024\/12\/3-2048x2048.jpg 2048w\" sizes=\"auto, (max-width: 1024px) 100vw, 1024px\" \/><\/a><\/figure>\n\n\n\n<figure class=\"wp-block-image size-large\"><a href=\"https:\/\/dorit-linke.de\/wp-content\/uploads\/2024\/12\/1-scaled.jpg\"><img loading=\"lazy\" decoding=\"async\" width=\"1024\" height=\"1024\" data-id=\"7554\" src=\"https:\/\/dorit-linke.de\/wp-content\/uploads\/2024\/12\/1-1024x1024.jpg\" alt=\"Rezension Mats und Rea drehen am Rad der Geschichte\" class=\"wp-image-7554\" srcset=\"https:\/\/dorit-linke.de\/wp-content\/uploads\/2024\/12\/1-1024x1024.jpg 1024w, https:\/\/dorit-linke.de\/wp-content\/uploads\/2024\/12\/1-300x300.jpg 300w, https:\/\/dorit-linke.de\/wp-content\/uploads\/2024\/12\/1-150x150.jpg 150w, https:\/\/dorit-linke.de\/wp-content\/uploads\/2024\/12\/1-768x768.jpg 768w, https:\/\/dorit-linke.de\/wp-content\/uploads\/2024\/12\/1-1536x1536.jpg 1536w, https:\/\/dorit-linke.de\/wp-content\/uploads\/2024\/12\/1-2048x2048.jpg 2048w\" sizes=\"auto, (max-width: 1024px) 100vw, 1024px\" \/><\/a><\/figure>\n\n\n\n<figure class=\"wp-block-image size-large\"><a href=\"https:\/\/dorit-linke.de\/wp-content\/uploads\/2024\/12\/Ines-Geipel-scaled.jpg\"><img loading=\"lazy\" decoding=\"async\" width=\"1024\" height=\"1024\" data-id=\"7582\" src=\"https:\/\/dorit-linke.de\/wp-content\/uploads\/2024\/12\/Ines-Geipel-1024x1024.jpg\" alt=\"\" class=\"wp-image-7582\" srcset=\"https:\/\/dorit-linke.de\/wp-content\/uploads\/2024\/12\/Ines-Geipel-1024x1024.jpg 1024w, https:\/\/dorit-linke.de\/wp-content\/uploads\/2024\/12\/Ines-Geipel-300x300.jpg 300w, https:\/\/dorit-linke.de\/wp-content\/uploads\/2024\/12\/Ines-Geipel-150x150.jpg 150w, https:\/\/dorit-linke.de\/wp-content\/uploads\/2024\/12\/Ines-Geipel-768x768.jpg 768w, https:\/\/dorit-linke.de\/wp-content\/uploads\/2024\/12\/Ines-Geipel-1536x1536.jpg 1536w, https:\/\/dorit-linke.de\/wp-content\/uploads\/2024\/12\/Ines-Geipel-2048x2048.jpg 2048w\" sizes=\"auto, (max-width: 1024px) 100vw, 1024px\" \/><\/a><\/figure>\n\n\n\n<figure class=\"wp-block-image size-large\"><a href=\"https:\/\/dorit-linke.de\/wp-content\/uploads\/2024\/12\/Fessel-scaled.jpg\"><img loading=\"lazy\" decoding=\"async\" width=\"1024\" height=\"1024\" data-id=\"7551\" src=\"https:\/\/dorit-linke.de\/wp-content\/uploads\/2024\/12\/Fessel-1024x1024.jpg\" alt=\"Rezension Mats und Rea drehen am Rad der Geschichte\" class=\"wp-image-7551\" srcset=\"https:\/\/dorit-linke.de\/wp-content\/uploads\/2024\/12\/Fessel-1024x1024.jpg 1024w, https:\/\/dorit-linke.de\/wp-content\/uploads\/2024\/12\/Fessel-300x300.jpg 300w, https:\/\/dorit-linke.de\/wp-content\/uploads\/2024\/12\/Fessel-150x150.jpg 150w, https:\/\/dorit-linke.de\/wp-content\/uploads\/2024\/12\/Fessel-768x768.jpg 768w, https:\/\/dorit-linke.de\/wp-content\/uploads\/2024\/12\/Fessel-1536x1536.jpg 1536w, https:\/\/dorit-linke.de\/wp-content\/uploads\/2024\/12\/Fessel-2048x2048.jpg 2048w\" sizes=\"auto, (max-width: 1024px) 100vw, 1024px\" \/><\/a><\/figure>\n<\/figure>\n\n\n\n<p class=\"has-white-color has-text-color has-link-color wp-elements-7e4ac651328708ea719ac0894fa30934\">.<\/p>\n\n\n\n<h2 class=\"wp-block-heading has-text-align-center\"><strong>Buch bestellen bei<\/strong><\/h2>\n\n\n\n<p class=\"has-white-color has-text-color has-link-color wp-elements-7e4ac651328708ea719ac0894fa30934\">.<\/p>\n\n\n\n<div class=\"wp-block-buttons is-content-justification-center is-layout-flex wp-container-core-buttons-is-layout-16018d1d wp-block-buttons-is-layout-flex\">\n<div class=\"wp-block-button has-custom-width wp-block-button__width-50 is-style-fill\"><a class=\"wp-block-button__link has-vivid-cyan-blue-background-color has-background wp-element-button\" href=\"https:\/\/www.amazon.de\/s?k=Dorit+Linke&amp;__mk_de_DE=%C3%85M%C3%85%C5%BD%C3%95%C3%91&amp;crid=M3RV8JM2KIVN&amp;sprefix=dorit+linke%2Caps%2C316&amp;ref=nb_sb_noss_1\" target=\"_blank\" rel=\"noopener\"><strong>Amazon<\/strong><\/a><\/div>\n<\/div>\n\n\n\n<p class=\"has-white-color has-text-color has-link-color wp-elements-7e4ac651328708ea719ac0894fa30934\">.<\/p>\n\n\n<div class=\"wp-block-image\">\n<figure class=\"aligncenter size-full is-resized\"><a href=\"https:\/\/dorit-linke.de\/wp-content\/uploads\/2024\/12\/Mats-und-Rea_-Dorit-Linke_Leseprobe.pdf\" target=\"_blank\" rel=\" noreferrer noopener\"><img loading=\"lazy\" decoding=\"async\" width=\"648\" height=\"812\" src=\"https:\/\/dorit-linke.de\/wp-content\/uploads\/2025\/04\/Inhaltsverzeichnis.png\" alt=\"\" class=\"wp-image-7744\" style=\"width:376px;height:auto\" srcset=\"https:\/\/dorit-linke.de\/wp-content\/uploads\/2025\/04\/Inhaltsverzeichnis.png 648w, https:\/\/dorit-linke.de\/wp-content\/uploads\/2025\/04\/Inhaltsverzeichnis-239x300.png 239w\" sizes=\"auto, (max-width: 648px) 100vw, 648px\" \/><\/a><\/figure>\n<\/div>\n\n\n<p class=\"has-white-color has-text-color has-link-color wp-elements-7e4ac651328708ea719ac0894fa30934\">.<\/p>\n\n\n\n<p><strong>Text Mats und Rea Books<\/strong>: Dorit Linke<br><strong>Covergestaltung:&nbsp;<\/strong>Katrin Bongard, unter Verwendung eines Fotos von Gerd Danigel<br><strong>Satz:&nbsp;<\/strong>Red Bug Books, Potsdam<\/p>\n\n\n\n<figure class=\"wp-block-image size-large\"><a href=\"https:\/\/dorit-linke.de\/wp-content\/uploads\/2025\/04\/Kopie-von-Kopie-von-Unbenannt.png\"><img loading=\"lazy\" decoding=\"async\" width=\"1024\" height=\"1024\" src=\"https:\/\/dorit-linke.de\/wp-content\/uploads\/2025\/04\/Kopie-von-Kopie-von-Unbenannt-1024x1024.png\" alt=\"\" class=\"wp-image-7745\" srcset=\"https:\/\/dorit-linke.de\/wp-content\/uploads\/2025\/04\/Kopie-von-Kopie-von-Unbenannt-1024x1024.png 1024w, https:\/\/dorit-linke.de\/wp-content\/uploads\/2025\/04\/Kopie-von-Kopie-von-Unbenannt-300x300.png 300w, https:\/\/dorit-linke.de\/wp-content\/uploads\/2025\/04\/Kopie-von-Kopie-von-Unbenannt-150x150.png 150w, https:\/\/dorit-linke.de\/wp-content\/uploads\/2025\/04\/Kopie-von-Kopie-von-Unbenannt-768x768.png 768w, https:\/\/dorit-linke.de\/wp-content\/uploads\/2025\/04\/Kopie-von-Kopie-von-Unbenannt.png 1080w\" sizes=\"auto, (max-width: 1024px) 100vw, 1024px\" \/><\/a><\/figure>\n","protected":false},"excerpt":{"rendered":"<p>Ein M\u00e4dchen. Ein Junge. Ein Zeitsprung. Ein Abenteuer in der DDR. Mats und Rea drehen am Rad der Geschichte\u201cBand 1:&hellip;<\/p>\n","protected":false},"author":1,"featured_media":0,"parent":0,"menu_order":0,"comment_status":"closed","ping_status":"closed","template":"","meta":{"_monsterinsights_skip_tracking":false,"_monsterinsights_sitenote_active":false,"_monsterinsights_sitenote_note":"","_monsterinsights_sitenote_category":0,"footnotes":""},"class_list":["post-7499","page","type-page","status-publish","hentry"],"_links":{"self":[{"href":"https:\/\/dorit-linke.de\/en\/wp-json\/wp\/v2\/pages\/7499","targetHints":{"allow":["GET"]}}],"collection":[{"href":"https:\/\/dorit-linke.de\/en\/wp-json\/wp\/v2\/pages"}],"about":[{"href":"https:\/\/dorit-linke.de\/en\/wp-json\/wp\/v2\/types\/page"}],"author":[{"embeddable":true,"href":"https:\/\/dorit-linke.de\/en\/wp-json\/wp\/v2\/users\/1"}],"replies":[{"embeddable":true,"href":"https:\/\/dorit-linke.de\/en\/wp-json\/wp\/v2\/comments?post=7499"}],"version-history":[{"count":17,"href":"https:\/\/dorit-linke.de\/en\/wp-json\/wp\/v2\/pages\/7499\/revisions"}],"predecessor-version":[{"id":7911,"href":"https:\/\/dorit-linke.de\/en\/wp-json\/wp\/v2\/pages\/7499\/revisions\/7911"}],"wp:attachment":[{"href":"https:\/\/dorit-linke.de\/en\/wp-json\/wp\/v2\/media?parent=7499"}],"curies":[{"name":"wp","href":"https:\/\/api.w.org\/{rel}","templated":true}]}}