{"id":7833,"date":"2025-06-05T21:36:35","date_gmt":"2025-06-05T20:36:35","guid":{"rendered":"https:\/\/dorit-linke.de\/?page_id=7833"},"modified":"2025-06-05T21:38:19","modified_gmt":"2025-06-05T20:38:19","slug":"neulich-im-world-wide-web","status":"publish","type":"page","link":"https:\/\/dorit-linke.de\/en\/neulich-im-world-wide-web\/","title":{"rendered":"Neulich im world wide web"},"content":{"rendered":"\n<p>&#8230; hatte ich was Menschenfreundliches geschrieben, also was gegen Rechts, kommt da son Typ aus der Deckung und schreibt, aha, ich kenne deinen Namen, also DEINE B\u00fccher werde ich jetzt nicht mehr kaufen!<\/p>\n\n\n\n<p>Und ich denk mir so: Was f\u00fcr ein s\u00fc\u00dfer Vogel! Und dass wir Autorinnen und Autoren uns echt warm anziehen m\u00fcssen, wenn Leute, die niemals unsere B\u00fccher kaufen w\u00fcrden, damit drohen, dass sie niemals unsere B\u00fccher kaufen werden.<\/p>\n","protected":false},"excerpt":{"rendered":"<p>&#8230; hatte ich was Menschenfreundliches geschrieben, also was gegen Rechts, kommt da son Typ aus der Deckung und schreibt, aha,&hellip;<\/p>\n","protected":false},"author":1,"featured_media":0,"parent":0,"menu_order":0,"comment_status":"closed","ping_status":"closed","template":"","meta":{"_monsterinsights_skip_tracking":false,"_monsterinsights_sitenote_active":false,"_monsterinsights_sitenote_note":"","_monsterinsights_sitenote_category":0,"footnotes":""},"class_list":["post-7833","page","type-page","status-publish","hentry"],"_links":{"self":[{"href":"https:\/\/dorit-linke.de\/en\/wp-json\/wp\/v2\/pages\/7833","targetHints":{"allow":["GET"]}}],"collection":[{"href":"https:\/\/dorit-linke.de\/en\/wp-json\/wp\/v2\/pages"}],"about":[{"href":"https:\/\/dorit-linke.de\/en\/wp-json\/wp\/v2\/types\/page"}],"author":[{"embeddable":true,"href":"https:\/\/dorit-linke.de\/en\/wp-json\/wp\/v2\/users\/1"}],"replies":[{"embeddable":true,"href":"https:\/\/dorit-linke.de\/en\/wp-json\/wp\/v2\/comments?post=7833"}],"version-history":[{"count":2,"href":"https:\/\/dorit-linke.de\/en\/wp-json\/wp\/v2\/pages\/7833\/revisions"}],"predecessor-version":[{"id":7837,"href":"https:\/\/dorit-linke.de\/en\/wp-json\/wp\/v2\/pages\/7833\/revisions\/7837"}],"wp:attachment":[{"href":"https:\/\/dorit-linke.de\/en\/wp-json\/wp\/v2\/media?parent=7833"}],"curies":[{"name":"wp","href":"https:\/\/api.w.org\/{rel}","templated":true}]}}